{"id":10196,"date":"2022-06-15T09:14:25","date_gmt":"2022-06-15T07:14:25","guid":{"rendered":"https:\/\/imcovel.com\/?page_id=10196"},"modified":"2024-04-26T12:09:45","modified_gmt":"2024-04-26T10:09:45","slug":"societe","status":"publish","type":"page","link":"https:\/\/imcovel.com\/fr\/societe\/","title":{"rendered":"Soci\u00e9t\u00e9"},"content":{"rendered":"\t\t<div data-elementor-type=\"wp-page\" data-elementor-id=\"10196\" class=\"elementor elementor-10196 elementor-1016\" data-elementor-post-type=\"page\">\n\t\t\t\t\t\t<section class=\"elementor-section elementor-top-section elementor-element elementor-element-adb1344 elementor-section-full_width elementor-section-stretched elementor-section-height-default elementor-section-height-default parallax_section_no qode_elementor_container_no\" data-id=\"adb1344\" data-element_type=\"section\" data-e-type=\"section\" data-settings=\"{&quot;stretch_section&quot;:&quot;section-stretched&quot;}\">\n\t\t\t\t\t\t<div class=\"elementor-container elementor-column-gap-default\">\n\t\t\t\t\t<div class=\"elementor-column elementor-col-100 elementor-top-column elementor-element elementor-element-c317a6f\" data-id=\"c317a6f\" data-element_type=\"column\" data-e-type=\"column\">\n\t\t\t<div class=\"elementor-widget-wrap elementor-element-populated\">\n\t\t\t\t\t\t<div class=\"elementor-element elementor-element-c6fc622 elementor--h-position-center elementor--v-position-middle elementor-arrows-position-inside elementor-pagination-position-inside elementor-widget elementor-widget-slides\" data-id=\"c6fc622\" data-element_type=\"widget\" data-e-type=\"widget\" data-settings=\"{&quot;navigation&quot;:&quot;both&quot;,&quot;autoplay&quot;:&quot;yes&quot;,&quot;pause_on_hover&quot;:&quot;yes&quot;,&quot;pause_on_interaction&quot;:&quot;yes&quot;,&quot;autoplay_speed&quot;:5000,&quot;infinite&quot;:&quot;yes&quot;,&quot;transition&quot;:&quot;slide&quot;,&quot;transition_speed&quot;:500}\" data-widget_type=\"slides.default\">\n\t\t\t\t<div class=\"elementor-widget-container\">\n\t\t\t\t\t\t\t\t\t<div class=\"elementor-swiper\">\n\t\t\t\t\t<div class=\"elementor-slides-wrapper elementor-main-swiper swiper\" role=\"region\" aria-roledescription=\"carousel\" aria-label=\"Slides\" dir=\"ltr\" data-animation=\"fadeInUp\">\n\t\t\t\t<div class=\"swiper-wrapper elementor-slides\">\n\t\t\t\t\t\t\t\t\t\t<div class=\"elementor-repeater-item-0ed1263 swiper-slide\" role=\"group\" aria-roledescription=\"slide\"><div class=\"swiper-slide-bg\" role=\"img\" aria-label=\"simcovel\"><\/div><div class=\"swiper-slide-inner\" ><div class=\"swiper-slide-contents\"><div class=\"elementor-slide-heading\">En constante innovation depuis plus de 30 ans<\/div><div class=\"elementor-slide-description\">NOUS INNOVONS DEPUIS PLUS DE 30 ANS POUR PROPOSER AU MARCH\u00c9 LES MEILLEURES SOLUTIONS EN PAPIER D\u00b4EMBALLAGE ET SACHERIE PAPIER.<\/div><\/div><\/div><\/div>\t\t\t\t<\/div>\n\t\t\t\t\t\t\t<\/div>\n\t\t\t\t<\/div>\n\t\t\t\t\t\t\t\t<\/div>\n\t\t\t\t<\/div>\n\t\t\t\t\t<\/div>\n\t\t<\/div>\n\t\t\t\t\t<\/div>\n\t\t<\/section>\n\t\t\t\t<section class=\"elementor-section elementor-top-section elementor-element elementor-element-b7bc0f5 elementor-section-boxed elementor-section-height-default elementor-section-height-default parallax_section_no qode_elementor_container_no\" data-id=\"b7bc0f5\" data-element_type=\"section\" data-e-type=\"section\">\n\t\t\t\t\t\t<div class=\"elementor-container elementor-column-gap-default\">\n\t\t\t\t\t<div class=\"elementor-column elementor-col-100 elementor-top-column elementor-element elementor-element-0006208\" data-id=\"0006208\" data-element_type=\"column\" data-e-type=\"column\">\n\t\t\t<div class=\"elementor-widget-wrap elementor-element-populated\">\n\t\t\t\t\t\t<div class=\"elementor-element elementor-element-7974cbf elementor-widget elementor-widget-text-editor\" data-id=\"7974cbf\" data-element_type=\"widget\" data-e-type=\"widget\" data-widget_type=\"text-editor.default\">\n\t\t\t\t<div class=\"elementor-widget-container\">\n\t\t\t\t\t\t\t\t\t<h3 class=\"titulo-verde\">QUI SOMMES NOUS<\/h3><p>\u00a0<\/p><p style=\"text-align: justify;\">Notre philosophie d\u00b4entreprise a toujours \u00e9t\u00e9 bas\u00e9e sur un principe: Etre \u00e0 l\u00b4\u00e9coute de nos clients. Nous disposons d\u00b4une large gamme de produits qui r\u00e9pond \u00e0 l\u00b4\u00e9volution des besoins de chaque client et qui fait d\u00b4Imcovel une soci\u00e9t\u00e9 flexible, vari\u00e9e et dont la principale vocation est le service au client.<\/p><p>\u00a0<\/p><p style=\"text-align: justify;\">Nous comptons sur une superficie de 16.000 m2 d\u00b4installations, un parc machine des plus r\u00e9cents entre imprimantes, machines \u00e0 sacs, gaufreuse, etc. Notre logistique et notre syst\u00e8me de stockage robotis\u00e9 nous permettent d\u00b4offrir une tr\u00e8s large gamme de produits standards et de r\u00e9pondre dans le m\u00eame temps, de mani\u00e8re efficace, aux commandes de produits personnalis\u00e9s.<\/p><p>\u00a0<\/p><p>Pour Imcovel, le facteur humain est essentiel, c\u2019est pourquoi la formation du personnel, la communication avec la client\u00e8le et la capacit\u00e9 d\u00b4\u00e9coute sont omnipr\u00e9sents au sein de la soci\u00e9t\u00e9. L\u00b4application de ces principes font d\u00b4Imcovel un fournisseur fiable et proche de ses clients. Nous sommes pr\u00e9sents sur les march\u00e9s espagnol, portugais et fran\u00e7ais entre autres. Notre vocation \u00e9tant d\u00b4\u00eatre une entreprise globale europ\u00e9enne offrant des solutions adapt\u00e9es \u00e0 tous les march\u00e9s: Boulangerie, p\u00e2tisserie, parfumerie, bijouteries, fleuristes, pharmacies, restauration, alimentation, retail, distributeur.<\/p>\t\t\t\t\t\t\t\t<\/div>\n\t\t\t\t<\/div>\n\t\t\t\t\t<\/div>\n\t\t<\/div>\n\t\t\t\t\t<\/div>\n\t\t<\/section>\n\t\t\t\t<section class=\"elementor-section elementor-top-section elementor-element elementor-element-46bc62e elementor-section-boxed elementor-section-height-default elementor-section-height-default parallax_section_no qode_elementor_container_no\" data-id=\"46bc62e\" data-element_type=\"section\" data-e-type=\"section\">\n\t\t\t\t\t\t<div class=\"elementor-container elementor-column-gap-default\">\n\t\t\t\t\t<div class=\"elementor-column elementor-col-100 elementor-top-column elementor-element elementor-element-1c36101\" data-id=\"1c36101\" data-element_type=\"column\" data-e-type=\"column\">\n\t\t\t<div class=\"elementor-widget-wrap elementor-element-populated\">\n\t\t\t\t\t\t<div class=\"elementor-element elementor-element-7a3d65e elementor-widget elementor-widget-spacer\" data-id=\"7a3d65e\" data-element_type=\"widget\" data-e-type=\"widget\" data-widget_type=\"spacer.default\">\n\t\t\t\t<div class=\"elementor-widget-container\">\n\t\t\t\t\t\t\t<div class=\"elementor-spacer\">\n\t\t\t<div class=\"elementor-spacer-inner\"><\/div>\n\t\t<\/div>\n\t\t\t\t\t\t<\/div>\n\t\t\t\t<\/div>\n\t\t\t\t\t<\/div>\n\t\t<\/div>\n\t\t\t\t\t<\/div>\n\t\t<\/section>\n\t\t\t\t<\/div>\n\t\t","protected":false},"excerpt":{"rendered":"<p>En constante innovation depuis plus de 30 ansNOUS INNOVONS DEPUIS PLUS DE 30 ANS POUR PROPOSER AU MARCH\u00c9 LES MEILLEURES SOLUTIONS EN PAPIER D\u00b4EMBALLAGE ET SACHERIE PAPIER. QUI SOMMES NOUS \u00a0 Notre philosophie d\u00b4entreprise a toujours \u00e9t\u00e9 bas\u00e9e sur un principe: Etre \u00e0 l\u00b4\u00e9coute de&#8230;<\/p>\n","protected":false},"author":1,"featured_media":0,"parent":0,"menu_order":0,"comment_status":"closed","ping_status":"closed","template":"","meta":{"_acf_changed":false,"footnotes":""},"class_list":["post-10196","page","type-page","status-publish","hentry"],"acf":[],"yoast_head":"<!-- This site is optimized with the Yoast SEO plugin v27.3 - https:\/\/yoast.com\/product\/yoast-seo-wordpress\/ -->\n<title>Soci\u00e9t\u00e9 - Imcovel Group<\/title>\n<meta name=\"robots\" content=\"index, follow, max-snippet:-1, max-image-preview:large, max-video-preview:-1\" \/>\n<link rel=\"canonical\" href=\"https:\/\/imcovel.com\/compania\/\" \/>\n<meta property=\"og:locale\" content=\"fr_FR\" \/>\n<meta property=\"og:type\" content=\"article\" \/>\n<meta property=\"og:title\" content=\"Soci\u00e9t\u00e9 - Imcovel Group\" \/>\n<meta property=\"og:description\" content=\"En constante innovation depuis plus de 30 ansNOUS INNOVONS DEPUIS PLUS DE 30 ANS POUR PROPOSER AU MARCH\u00c9 LES MEILLEURES SOLUTIONS EN PAPIER D\u00b4EMBALLAGE ET SACHERIE PAPIER. QUI SOMMES NOUS \u00a0 Notre philosophie d\u00b4entreprise a toujours \u00e9t\u00e9 bas\u00e9e sur un principe: Etre \u00e0 l\u00b4\u00e9coute de...\" \/>\n<meta property=\"og:url\" content=\"https:\/\/imcovel.com\/compania\/\" \/>\n<meta property=\"og:site_name\" content=\"Imcovel Group\" \/>\n<meta property=\"article:modified_time\" content=\"2024-04-26T10:09:45+00:00\" \/>\n<meta name=\"twitter:card\" content=\"summary_large_image\" \/>\n<meta name=\"twitter:label1\" content=\"Dur\u00e9e de lecture estim\u00e9e\" \/>\n\t<meta name=\"twitter:data1\" content=\"2 minutes\" \/>\n<script type=\"application\/ld+json\" class=\"yoast-schema-graph\">{\"@context\":\"https:\\\/\\\/schema.org\",\"@graph\":[{\"@type\":\"WebPage\",\"@id\":\"https:\\\/\\\/imcovel.com\\\/compania\\\/\",\"url\":\"https:\\\/\\\/imcovel.com\\\/compania\\\/\",\"name\":\"Soci\u00e9t\u00e9 - Imcovel Group\",\"isPartOf\":{\"@id\":\"https:\\\/\\\/imcovel.com\\\/#website\"},\"datePublished\":\"2022-06-15T07:14:25+00:00\",\"dateModified\":\"2024-04-26T10:09:45+00:00\",\"breadcrumb\":{\"@id\":\"https:\\\/\\\/imcovel.com\\\/compania\\\/#breadcrumb\"},\"inLanguage\":\"fr-FR\",\"potentialAction\":[{\"@type\":\"ReadAction\",\"target\":[\"https:\\\/\\\/imcovel.com\\\/compania\\\/\"]}]},{\"@type\":\"BreadcrumbList\",\"@id\":\"https:\\\/\\\/imcovel.com\\\/compania\\\/#breadcrumb\",\"itemListElement\":[{\"@type\":\"ListItem\",\"position\":1,\"name\":\"Accueil\",\"item\":\"https:\\\/\\\/imcovel.com\\\/fr\\\/\"},{\"@type\":\"ListItem\",\"position\":2,\"name\":\"Soci\u00e9t\u00e9\"}]},{\"@type\":\"WebSite\",\"@id\":\"https:\\\/\\\/imcovel.com\\\/#website\",\"url\":\"https:\\\/\\\/imcovel.com\\\/\",\"name\":\"Imcovel Group\",\"description\":\"Fabrica de Papel\",\"publisher\":{\"@id\":\"https:\\\/\\\/imcovel.com\\\/#organization\"},\"potentialAction\":[{\"@type\":\"SearchAction\",\"target\":{\"@type\":\"EntryPoint\",\"urlTemplate\":\"https:\\\/\\\/imcovel.com\\\/?s={search_term_string}\"},\"query-input\":{\"@type\":\"PropertyValueSpecification\",\"valueRequired\":true,\"valueName\":\"search_term_string\"}}],\"inLanguage\":\"fr-FR\"},{\"@type\":\"Organization\",\"@id\":\"https:\\\/\\\/imcovel.com\\\/#organization\",\"name\":\"Imcovel Group\",\"url\":\"https:\\\/\\\/imcovel.com\\\/\",\"logo\":{\"@type\":\"ImageObject\",\"inLanguage\":\"fr-FR\",\"@id\":\"https:\\\/\\\/imcovel.com\\\/#\\\/schema\\\/logo\\\/image\\\/\",\"url\":\"\",\"contentUrl\":\"\",\"caption\":\"Imcovel Group\"},\"image\":{\"@id\":\"https:\\\/\\\/imcovel.com\\\/#\\\/schema\\\/logo\\\/image\\\/\"}}]}<\/script>\n<!-- \/ Yoast SEO plugin. -->","yoast_head_json":{"title":"Soci\u00e9t\u00e9 - Imcovel Group","robots":{"index":"index","follow":"follow","max-snippet":"max-snippet:-1","max-image-preview":"max-image-preview:large","max-video-preview":"max-video-preview:-1"},"canonical":"https:\/\/imcovel.com\/compania\/","og_locale":"fr_FR","og_type":"article","og_title":"Soci\u00e9t\u00e9 - Imcovel Group","og_description":"En constante innovation depuis plus de 30 ansNOUS INNOVONS DEPUIS PLUS DE 30 ANS POUR PROPOSER AU MARCH\u00c9 LES MEILLEURES SOLUTIONS EN PAPIER D\u00b4EMBALLAGE ET SACHERIE PAPIER. QUI SOMMES NOUS \u00a0 Notre philosophie d\u00b4entreprise a toujours \u00e9t\u00e9 bas\u00e9e sur un principe: Etre \u00e0 l\u00b4\u00e9coute de...","og_url":"https:\/\/imcovel.com\/compania\/","og_site_name":"Imcovel Group","article_modified_time":"2024-04-26T10:09:45+00:00","twitter_card":"summary_large_image","twitter_misc":{"Dur\u00e9e de lecture estim\u00e9e":"2 minutes"},"schema":{"@context":"https:\/\/schema.org","@graph":[{"@type":"WebPage","@id":"https:\/\/imcovel.com\/compania\/","url":"https:\/\/imcovel.com\/compania\/","name":"Soci\u00e9t\u00e9 - Imcovel Group","isPartOf":{"@id":"https:\/\/imcovel.com\/#website"},"datePublished":"2022-06-15T07:14:25+00:00","dateModified":"2024-04-26T10:09:45+00:00","breadcrumb":{"@id":"https:\/\/imcovel.com\/compania\/#breadcrumb"},"inLanguage":"fr-FR","potentialAction":[{"@type":"ReadAction","target":["https:\/\/imcovel.com\/compania\/"]}]},{"@type":"BreadcrumbList","@id":"https:\/\/imcovel.com\/compania\/#breadcrumb","itemListElement":[{"@type":"ListItem","position":1,"name":"Accueil","item":"https:\/\/imcovel.com\/fr\/"},{"@type":"ListItem","position":2,"name":"Soci\u00e9t\u00e9"}]},{"@type":"WebSite","@id":"https:\/\/imcovel.com\/#website","url":"https:\/\/imcovel.com\/","name":"Imcovel Group","description":"Fabrica de Papel","publisher":{"@id":"https:\/\/imcovel.com\/#organization"},"potentialAction":[{"@type":"SearchAction","target":{"@type":"EntryPoint","urlTemplate":"https:\/\/imcovel.com\/?s={search_term_string}"},"query-input":{"@type":"PropertyValueSpecification","valueRequired":true,"valueName":"search_term_string"}}],"inLanguage":"fr-FR"},{"@type":"Organization","@id":"https:\/\/imcovel.com\/#organization","name":"Imcovel Group","url":"https:\/\/imcovel.com\/","logo":{"@type":"ImageObject","inLanguage":"fr-FR","@id":"https:\/\/imcovel.com\/#\/schema\/logo\/image\/","url":"","contentUrl":"","caption":"Imcovel Group"},"image":{"@id":"https:\/\/imcovel.com\/#\/schema\/logo\/image\/"}}]}},"_links":{"self":[{"href":"https:\/\/imcovel.com\/fr\/wp-json\/wp\/v2\/pages\/10196","targetHints":{"allow":["GET"]}}],"collection":[{"href":"https:\/\/imcovel.com\/fr\/wp-json\/wp\/v2\/pages"}],"about":[{"href":"https:\/\/imcovel.com\/fr\/wp-json\/wp\/v2\/types\/page"}],"author":[{"embeddable":true,"href":"https:\/\/imcovel.com\/fr\/wp-json\/wp\/v2\/users\/1"}],"replies":[{"embeddable":true,"href":"https:\/\/imcovel.com\/fr\/wp-json\/wp\/v2\/comments?post=10196"}],"version-history":[{"count":3,"href":"https:\/\/imcovel.com\/fr\/wp-json\/wp\/v2\/pages\/10196\/revisions"}],"predecessor-version":[{"id":10199,"href":"https:\/\/imcovel.com\/fr\/wp-json\/wp\/v2\/pages\/10196\/revisions\/10199"}],"wp:attachment":[{"href":"https:\/\/imcovel.com\/fr\/wp-json\/wp\/v2\/media?parent=10196"}],"curies":[{"name":"wp","href":"https:\/\/api.w.org\/{rel}","templated":true}]}}