{"id":5848,"date":"2022-06-13T16:32:22","date_gmt":"2022-06-13T14:32:22","guid":{"rendered":"https:\/\/imcovel.com\/politica-de-calidad\/"},"modified":"2026-01-29T09:26:20","modified_gmt":"2026-01-29T08:26:20","slug":"politique-de-qualite","status":"publish","type":"page","link":"https:\/\/imcovel.com\/fr\/politique-de-qualite\/","title":{"rendered":"Politique de qualit\u00e9"},"content":{"rendered":"<h1>POLITIQUE QUALIT\u00c9<\/h1>\n<p>&nbsp;<\/p>\n<p>Le Groupe Imcovel b\u00e9n\u00e9ficie de plus de 30 ans d&rsquo;exp\u00e9rience et d&rsquo;innovation, d\u00e9di\u00e9e \u00e0 fournir au march\u00e9 des solutions de papier d&#8217;emballage et de sacs en papier de haute qualit\u00e9. Il comprend trois usines : <strong>Timbrados Valencia S.L., Paper Bags Packaging S.L. et Nature Packaging S.L.<\/strong> Depuis sa cr\u00e9ation, le Groupe Imcovel s&rsquo;appuie sur une philosophie d&rsquo;entreprise commune : \u00eatre toujours aux c\u00f4t\u00e9s de ses clients, en leur offrant une large gamme d&#8217;emballages papier adapt\u00e9s \u00e0 l&rsquo;\u00e9volution de leurs besoins, et en garantissant fiabilit\u00e9, s\u00e9curit\u00e9, qualit\u00e9, conformit\u00e9 et l\u00e9galit\u00e9 pour l&rsquo;ensemble de ses produits et services.<\/p>\n<p>&nbsp;<\/p>\n<p>La direction du Groupe Imcovel souhaite exprimer, \u00e0 travers ce document, sa ferme conviction que la qualit\u00e9 est un facteur cl\u00e9 pour l&rsquo;entreprise et que sa r\u00e9alisation est une responsabilit\u00e9 partag\u00e9e par tous les membres de l&rsquo;organisation.<\/p>\n<p>&nbsp;<\/p>\n<p>Notre syst\u00e8me de management de la qualit\u00e9 constitue le fondement de nos activit\u00e9s. Son objectif est de garantir que les produits et services fournis r\u00e9pondent \u00e0 toutes les exigences applicables, notamment celles du client, ainsi qu&rsquo;aux exigences l\u00e9gales et r\u00e9glementaires, et qu&rsquo;ils satisfont aux besoins et aux attentes des parties prenantes. Cet engagement repose sur les piliers suivants :<\/p>\n<p>&nbsp;<\/p>\n<ul>\n<li style=\"list-style-type: none;\">\n<ul>\n<li><strong>Approche strat\u00e9gique :<\/strong> Garantir la conformit\u00e9 aux exigences applicables et la satisfaction des attentes des parties prenantes, en tenant compte du contexte de l&rsquo;organisation.<\/li>\n<li><strong>Am\u00e9lioration continue :<\/strong> Optimiser nos processus et notre syst\u00e8me de management de la qualit\u00e9 gr\u00e2ce \u00e0 l&rsquo;implication active de tous les collaborateurs.<\/li>\n<li><strong>Responsabilit\u00e9 envers les clients :<\/strong> Produire et fournir des produits s\u00fbrs, conformes \u00e0 la r\u00e9glementation et r\u00e9pondant aux sp\u00e9cifications de qualit\u00e9, en respectant nos obligations et engagements.<\/li>\n<li><strong>Satisfaction client :<\/strong> G\u00e9rer efficacement nos processus afin de garantir la conformit\u00e9 aux exigences et de maintenir un haut niveau de qualit\u00e9 pour nos produits et services, renfor\u00e7ant ainsi notre r\u00e9putation et la fid\u00e9lit\u00e9 de nos clients.<\/li>\n<li><strong>D\u00e9veloppement des collaborateurs :<\/strong> Favoriser la motivation, le d\u00e9veloppement des comp\u00e9tences et la formation de nos collaborateurs, en assurant une communication efficace qui encourage leur participation et leur engagement.<\/li>\n<\/ul>\n<\/li>\n<\/ul>\n<p>&nbsp;<\/p>\n<p>La direction du Groupe Imcovel r\u00e9affirme son engagement envers la <strong>gestion durable des for\u00eats<\/strong>, la promotion de pratiques responsables pour la mise en \u0153uvre et le maintien d&rsquo;un syst\u00e8me de tra\u00e7abilit\u00e9 des produits forestiers, bas\u00e9 sur les normes internationales <strong>PEFC et FSC\u00ae<\/strong> (codes de licence FSC-C152984 et PEFC\/14-35-00461).<\/p>\n<p>&nbsp;<\/p>\n<p>Tous les collaborateurs du Groupe Imcovel connaissent ces principes, y adh\u00e8rent et les appliquent au quotidien, contribuant activement \u00e0 la r\u00e9alisation des objectifs fix\u00e9s.<\/p>\n<p>&nbsp;<\/p>\n<p>La direction du Groupe Imcovel<\/p>\n<p>&nbsp;<\/p>\n<p>&nbsp;<\/p>\n<p>&nbsp;<\/p>\n<p>&nbsp;<\/p>\n","protected":false},"excerpt":{"rendered":"<p>POLITIQUE QUALIT\u00c9 &nbsp; Le Groupe Imcovel b\u00e9n\u00e9ficie de plus de 30 ans d&rsquo;exp\u00e9rience et d&rsquo;innovation, d\u00e9di\u00e9e \u00e0 fournir au march\u00e9 des solutions de papier d&#8217;emballage et de sacs en papier de haute qualit\u00e9. Il comprend trois usines : Timbrados Valencia S.L., Paper Bags Packaging S.L&#8230;.<\/p>\n","protected":false},"author":1,"featured_media":0,"parent":0,"menu_order":0,"comment_status":"closed","ping_status":"open","template":"","meta":{"_acf_changed":false,"footnotes":""},"class_list":["post-5848","page","type-page","status-publish","hentry"],"acf":[],"yoast_head":"<!-- This site is optimized with the Yoast SEO plugin v27.3 - https:\/\/yoast.com\/product\/yoast-seo-wordpress\/ -->\n<title>Politique de qualit\u00e9 - Imcovel Group<\/title>\n<meta name=\"robots\" content=\"index, follow, max-snippet:-1, max-image-preview:large, max-video-preview:-1\" \/>\n<link rel=\"canonical\" href=\"https:\/\/imcovel.com\/fr\/politique-de-qualite\/\" \/>\n<meta property=\"og:locale\" content=\"fr_FR\" \/>\n<meta property=\"og:type\" content=\"article\" \/>\n<meta property=\"og:title\" content=\"Politique de qualit\u00e9 - Imcovel Group\" \/>\n<meta property=\"og:description\" content=\"POLITIQUE QUALIT\u00c9 &nbsp; Le Groupe Imcovel b\u00e9n\u00e9ficie de plus de 30 ans d&rsquo;exp\u00e9rience et d&rsquo;innovation, d\u00e9di\u00e9e \u00e0 fournir au march\u00e9 des solutions de papier d&#8217;emballage et de sacs en papier de haute qualit\u00e9. Il comprend trois usines : Timbrados Valencia S.L., Paper Bags Packaging S.L....\" \/>\n<meta property=\"og:url\" content=\"https:\/\/imcovel.com\/fr\/politique-de-qualite\/\" \/>\n<meta property=\"og:site_name\" content=\"Imcovel Group\" \/>\n<meta property=\"article:modified_time\" content=\"2026-01-29T08:26:20+00:00\" \/>\n<meta name=\"twitter:card\" content=\"summary_large_image\" \/>\n<meta name=\"twitter:label1\" content=\"Dur\u00e9e de lecture estim\u00e9e\" \/>\n\t<meta name=\"twitter:data1\" content=\"2 minutes\" \/>\n<script type=\"application\/ld+json\" class=\"yoast-schema-graph\">{\"@context\":\"https:\\\/\\\/schema.org\",\"@graph\":[{\"@type\":\"WebPage\",\"@id\":\"https:\\\/\\\/imcovel.com\\\/fr\\\/politique-de-qualite\\\/\",\"url\":\"https:\\\/\\\/imcovel.com\\\/fr\\\/politique-de-qualite\\\/\",\"name\":\"Politique de qualit\u00e9 - Imcovel Group\",\"isPartOf\":{\"@id\":\"https:\\\/\\\/imcovel.com\\\/#website\"},\"datePublished\":\"2022-06-13T14:32:22+00:00\",\"dateModified\":\"2026-01-29T08:26:20+00:00\",\"breadcrumb\":{\"@id\":\"https:\\\/\\\/imcovel.com\\\/fr\\\/politique-de-qualite\\\/#breadcrumb\"},\"inLanguage\":\"fr-FR\",\"potentialAction\":[{\"@type\":\"ReadAction\",\"target\":[\"https:\\\/\\\/imcovel.com\\\/fr\\\/politique-de-qualite\\\/\"]}]},{\"@type\":\"BreadcrumbList\",\"@id\":\"https:\\\/\\\/imcovel.com\\\/fr\\\/politique-de-qualite\\\/#breadcrumb\",\"itemListElement\":[{\"@type\":\"ListItem\",\"position\":1,\"name\":\"Accueil\",\"item\":\"https:\\\/\\\/imcovel.com\\\/fr\\\/\"},{\"@type\":\"ListItem\",\"position\":2,\"name\":\"Politique de qualit\u00e9\"}]},{\"@type\":\"WebSite\",\"@id\":\"https:\\\/\\\/imcovel.com\\\/#website\",\"url\":\"https:\\\/\\\/imcovel.com\\\/\",\"name\":\"Imcovel Group\",\"description\":\"Fabrica de Papel\",\"publisher\":{\"@id\":\"https:\\\/\\\/imcovel.com\\\/#organization\"},\"potentialAction\":[{\"@type\":\"SearchAction\",\"target\":{\"@type\":\"EntryPoint\",\"urlTemplate\":\"https:\\\/\\\/imcovel.com\\\/?s={search_term_string}\"},\"query-input\":{\"@type\":\"PropertyValueSpecification\",\"valueRequired\":true,\"valueName\":\"search_term_string\"}}],\"inLanguage\":\"fr-FR\"},{\"@type\":\"Organization\",\"@id\":\"https:\\\/\\\/imcovel.com\\\/#organization\",\"name\":\"Imcovel Group\",\"url\":\"https:\\\/\\\/imcovel.com\\\/\",\"logo\":{\"@type\":\"ImageObject\",\"inLanguage\":\"fr-FR\",\"@id\":\"https:\\\/\\\/imcovel.com\\\/#\\\/schema\\\/logo\\\/image\\\/\",\"url\":\"\",\"contentUrl\":\"\",\"caption\":\"Imcovel Group\"},\"image\":{\"@id\":\"https:\\\/\\\/imcovel.com\\\/#\\\/schema\\\/logo\\\/image\\\/\"}}]}<\/script>\n<!-- \/ Yoast SEO plugin. -->","yoast_head_json":{"title":"Politique de qualit\u00e9 - Imcovel Group","robots":{"index":"index","follow":"follow","max-snippet":"max-snippet:-1","max-image-preview":"max-image-preview:large","max-video-preview":"max-video-preview:-1"},"canonical":"https:\/\/imcovel.com\/fr\/politique-de-qualite\/","og_locale":"fr_FR","og_type":"article","og_title":"Politique de qualit\u00e9 - Imcovel Group","og_description":"POLITIQUE QUALIT\u00c9 &nbsp; Le Groupe Imcovel b\u00e9n\u00e9ficie de plus de 30 ans d&rsquo;exp\u00e9rience et d&rsquo;innovation, d\u00e9di\u00e9e \u00e0 fournir au march\u00e9 des solutions de papier d&#8217;emballage et de sacs en papier de haute qualit\u00e9. Il comprend trois usines : Timbrados Valencia S.L., Paper Bags Packaging S.L....","og_url":"https:\/\/imcovel.com\/fr\/politique-de-qualite\/","og_site_name":"Imcovel Group","article_modified_time":"2026-01-29T08:26:20+00:00","twitter_card":"summary_large_image","twitter_misc":{"Dur\u00e9e de lecture estim\u00e9e":"2 minutes"},"schema":{"@context":"https:\/\/schema.org","@graph":[{"@type":"WebPage","@id":"https:\/\/imcovel.com\/fr\/politique-de-qualite\/","url":"https:\/\/imcovel.com\/fr\/politique-de-qualite\/","name":"Politique de qualit\u00e9 - Imcovel Group","isPartOf":{"@id":"https:\/\/imcovel.com\/#website"},"datePublished":"2022-06-13T14:32:22+00:00","dateModified":"2026-01-29T08:26:20+00:00","breadcrumb":{"@id":"https:\/\/imcovel.com\/fr\/politique-de-qualite\/#breadcrumb"},"inLanguage":"fr-FR","potentialAction":[{"@type":"ReadAction","target":["https:\/\/imcovel.com\/fr\/politique-de-qualite\/"]}]},{"@type":"BreadcrumbList","@id":"https:\/\/imcovel.com\/fr\/politique-de-qualite\/#breadcrumb","itemListElement":[{"@type":"ListItem","position":1,"name":"Accueil","item":"https:\/\/imcovel.com\/fr\/"},{"@type":"ListItem","position":2,"name":"Politique de qualit\u00e9"}]},{"@type":"WebSite","@id":"https:\/\/imcovel.com\/#website","url":"https:\/\/imcovel.com\/","name":"Imcovel Group","description":"Fabrica de Papel","publisher":{"@id":"https:\/\/imcovel.com\/#organization"},"potentialAction":[{"@type":"SearchAction","target":{"@type":"EntryPoint","urlTemplate":"https:\/\/imcovel.com\/?s={search_term_string}"},"query-input":{"@type":"PropertyValueSpecification","valueRequired":true,"valueName":"search_term_string"}}],"inLanguage":"fr-FR"},{"@type":"Organization","@id":"https:\/\/imcovel.com\/#organization","name":"Imcovel Group","url":"https:\/\/imcovel.com\/","logo":{"@type":"ImageObject","inLanguage":"fr-FR","@id":"https:\/\/imcovel.com\/#\/schema\/logo\/image\/","url":"","contentUrl":"","caption":"Imcovel Group"},"image":{"@id":"https:\/\/imcovel.com\/#\/schema\/logo\/image\/"}}]}},"_links":{"self":[{"href":"https:\/\/imcovel.com\/fr\/wp-json\/wp\/v2\/pages\/5848","targetHints":{"allow":["GET"]}}],"collection":[{"href":"https:\/\/imcovel.com\/fr\/wp-json\/wp\/v2\/pages"}],"about":[{"href":"https:\/\/imcovel.com\/fr\/wp-json\/wp\/v2\/types\/page"}],"author":[{"embeddable":true,"href":"https:\/\/imcovel.com\/fr\/wp-json\/wp\/v2\/users\/1"}],"replies":[{"embeddable":true,"href":"https:\/\/imcovel.com\/fr\/wp-json\/wp\/v2\/comments?post=5848"}],"version-history":[{"count":4,"href":"https:\/\/imcovel.com\/fr\/wp-json\/wp\/v2\/pages\/5848\/revisions"}],"predecessor-version":[{"id":23339,"href":"https:\/\/imcovel.com\/fr\/wp-json\/wp\/v2\/pages\/5848\/revisions\/23339"}],"wp:attachment":[{"href":"https:\/\/imcovel.com\/fr\/wp-json\/wp\/v2\/media?parent=5848"}],"curies":[{"name":"wp","href":"https:\/\/api.w.org\/{rel}","templated":true}]}}