{"id":5851,"date":"2022-06-13T16:30:21","date_gmt":"2022-06-13T14:30:21","guid":{"rendered":"https:\/\/imcovel.com\/politica-de-cookies\/"},"modified":"2024-10-23T13:03:42","modified_gmt":"2024-10-23T11:03:42","slug":"politique-de-cookies","status":"publish","type":"page","link":"https:\/\/imcovel.com\/fr\/politique-de-cookies\/","title":{"rendered":"Politique de cookies"},"content":{"rendered":"\t\t<div data-elementor-type=\"wp-page\" data-elementor-id=\"5851\" class=\"elementor elementor-5851 elementor-788\" data-elementor-post-type=\"page\">\n\t\t\t\t\t\t<section class=\"elementor-section elementor-top-section elementor-element elementor-element-2b4760c6 elementor-section-boxed elementor-section-height-default elementor-section-height-default parallax_section_no qode_elementor_container_no\" data-id=\"2b4760c6\" data-element_type=\"section\" data-e-type=\"section\">\n\t\t\t\t\t\t<div class=\"elementor-container elementor-column-gap-default\">\n\t\t\t\t\t<div class=\"elementor-column elementor-col-100 elementor-top-column elementor-element elementor-element-7521f1b9\" data-id=\"7521f1b9\" data-element_type=\"column\" data-e-type=\"column\">\n\t\t\t<div class=\"elementor-widget-wrap elementor-element-populated\">\n\t\t\t\t\t\t<div class=\"elementor-element elementor-element-496ddc84 elementor-widget elementor-widget-text-editor\" data-id=\"496ddc84\" data-element_type=\"widget\" data-e-type=\"widget\" data-widget_type=\"text-editor.default\">\n\t\t\t\t<div class=\"elementor-widget-container\">\n\t\t\t\t\t\t\t\t\t<h1>POLITIQUE EN MATI\u00c8RE DE COOKIES<\/h1><p style=\"font-weight: 400;\">Le portail www.imcovel.com, comme la plupart des portails Internet, utilise des cookies pour am\u00e9liorer l&rsquo;exp\u00e9rience de navigation de l&rsquo;utilisateur. Les cookies personnalisent les services offerts par le site Web, offrant \u00e0 chaque utilisateur des informations susceptibles de l&rsquo;int\u00e9resser en fonction de son utilisation de ce portail. Vous trouverez ci-dessous des informations sur ce que sont les cookies, quel type de cookies ce portail utilise, comment vous pouvez d\u00e9sactiver les cookies dans votre navigateur ou comment d\u00e9sactiver sp\u00e9cifiquement l&rsquo;installation de cookies tiers et ce qui se passe si vous les d\u00e9sactivez.<\/p><h2><b><strong>Que sont les cookies\u00a0?<\/strong><\/b><\/h2><p>Un cookie est un fichier ou un dispositif qui est t\u00e9l\u00e9charg\u00e9 sur l&rsquo;\u00e9quipement terminal d&rsquo;un utilisateur afin de stocker des donn\u00e9es qui peuvent \u00eatre mises \u00e0 jour et r\u00e9cup\u00e9r\u00e9es par l&rsquo;entit\u00e9 responsable de son installation. En d&rsquo;autres termes, il s&rsquo;agit d&rsquo;un fichier qui est t\u00e9l\u00e9charg\u00e9 sur votre ordinateur lorsque vous acc\u00e9dez \u00e0 certaines pages Web. Les cookies permettent, entre autres, \u00e0 une page Web de stocker et de r\u00e9cup\u00e9rer des informations sur les habitudes de navigation d&rsquo;un utilisateur ou de son \u00e9quipement et, en fonction des informations qu&rsquo;ils contiennent et de la mani\u00e8re dont ils utilisent leur \u00e9quipement, ils peuvent \u00eatre utilis\u00e9s pour reconna\u00eetre \u00e0 utilisateur.<\/p><p><strong>Ses principales fonctions sont :<\/strong><\/p><ul><li>Prenez le contr\u00f4le des utilisateurs : lorsqu&rsquo;un utilisateur saisit son nom d&rsquo;utilisateur et son mot de passe, un cookie est stock\u00e9 afin qu&rsquo;il n&rsquo;ait pas \u00e0 les saisir pour chaque page du serveur. Cependant, un cookie n&rsquo;identifie pas une seule personne, mais plut\u00f4t une combinaison ordinateur-navigateur-utilisateur.<\/li><li>Obtenir des informations sur les habitudes de navigation de l&rsquo;utilisateur et les tentatives de logiciels espions, par les agences de publicit\u00e9 et autres. Cela peut entra\u00eener des probl\u00e8mes de confidentialit\u00e9 et c&rsquo;est l&rsquo;une des raisons pour lesquelles les cookies ont leurs d\u00e9tracteurs.<\/li><\/ul><p>Il existe diff\u00e9rents types de cookies en fonction, avant tout, de la finalit\u00e9 pour laquelle ils sont utilis\u00e9s, on distingue ainsi, entre autres :<\/p><ul><li>Cookies d&rsquo;analyse : ces cookies sont utilis\u00e9s pour effectuer une analyse du comportement et des actions des utilisateurs de la page Web ainsi que pour l&rsquo;\u00e9laboration de profils de navigation afin d&rsquo;apporter des am\u00e9liorations techniques au fonctionnement et au service.<\/li><li>Cookies publicitaires : ils permettent une gestion efficace des espaces publicitaires en fonction d&rsquo;une s\u00e9rie de crit\u00e8res, par exemple v\u00e9rifier si l&rsquo;utilisateur a d\u00e9j\u00e0 eu acc\u00e8s ou non \u00e0 une actualit\u00e9 afin de la mettre \u00e0 jour avec une nouvelle.<\/li><li>Cookies de publicit\u00e9 comportementale : ces cookies sont charg\u00e9s de stocker des informations sur le comportement des utilisateurs, en se concentrant sur leurs habitudes de navigation. Cela permet d&rsquo;\u00e9tablir des profils d&rsquo;utilisateurs en fonction de leur comportement et de personnaliser la publicit\u00e9 pr\u00e9sent\u00e9e.<\/li><\/ul><p>Si l&rsquo;utilisateur souhaite obtenir plus d&rsquo;informations sur les cookies, il peut consulter le site Web suivant <a href=\"http:\/\/www.aboutcookies.org\/\">http:\/\/www.aboutcookies.org\/<\/a>.<\/p><h2><b><strong>Quel type de cookies ce site Web utilise-t-il\u00a0?<\/strong><\/b><\/h2><p>Cette page Web utilise des cookies qui facilitent l&rsquo;utilisation et la navigation de l&rsquo;utilisateur, garantissent l&rsquo;acc\u00e8s \u00e0 certains services et am\u00e9liorent la configuration fonctionnelle du Web.\u00a0Les profils des internautes de notre site Internet sont cr\u00e9\u00e9s pour prendre des d\u00e9cisions automatis\u00e9es selon la logique suivante : Segmentation des internautes qui acc\u00e8dent au site Internet et de l&rsquo;usage qu&rsquo;ils en font, \u00e0 des fins statistiques purement internes. Ce profilage et les d\u00e9cisions prises concernant les donn\u00e9es aboutissent \u00e0 un niveau plus \u00e9lev\u00e9 de personnalisation et de pr\u00e9diction des pr\u00e9f\u00e9rences des internautes.<\/p><p><strong>Plus pr\u00e9cis\u00e9ment, ce site Web utilise les cookies suivants :<\/strong><\/p><table border=\"1\" cellspacing=\"0\" cellpadding=\"5\"><thead><tr><th>Cookie<\/th><th>Domaine<\/th><th>Description<\/th><th>Dur\u00e9e<\/th><th>Type<\/th><\/tr><\/thead><tbody><tr><td>sbjs_migrations<\/td><td>imcovel.com<\/td><td>Sourcebuster d\u00e9finit ce cookie pour identifier la source d&rsquo;une visite et stocker des informations sur les actions des utilisateurs dans des cookies. Ce cookie analytique et comportemental est utilis\u00e9 pour am\u00e9liorer l&rsquo;exp\u00e9rience des visiteurs sur le site Web.<\/td><td>saison<\/td><td>Analytique<\/td><\/tr><tr><td>sbjs_current_add<\/td><td>imcovel.com<\/td><td>Sourcebuster d\u00e9finit ce cookie pour identifier la source d&rsquo;une visite et stocker des informations sur les actions des utilisateurs dans des cookies. Ce cookie analytique et comportemental est utilis\u00e9 pour am\u00e9liorer l&rsquo;exp\u00e9rience des visiteurs sur le site Web.<\/td><td>saison<\/td><td>Analytique<\/td><\/tr><tr><td>sbjs_first_add<\/td><td>imcovel.com<\/td><td>Sourcebuster d\u00e9finit ce cookie pour identifier la source d&rsquo;une visite et stocker des informations sur les actions des utilisateurs dans des cookies. Ce cookie analytique et comportemental est utilis\u00e9 pour am\u00e9liorer l&rsquo;exp\u00e9rience des visiteurs sur le site Web.<\/td><td>saison<\/td><td>Analytique<\/td><\/tr><tr><td>sbjs_current<\/td><td>imcovel.com<\/td><td>Sourcebuster d\u00e9finit ce cookie pour identifier la source d&rsquo;une visite et stocker des informations sur les actions des utilisateurs dans des cookies. Ce cookie analytique et comportemental est utilis\u00e9 pour am\u00e9liorer l&rsquo;exp\u00e9rience des visiteurs sur le site Web.<\/td><td>saison<\/td><td>Analytique<\/td><\/tr><tr><td>sbjs_first<\/td><td>imcovel.com<\/td><td>Sourcebuster d\u00e9finit ce cookie pour identifier la source d&rsquo;une visite et stocker des informations sur les actions des utilisateurs dans des cookies. Ce cookie analytique et comportemental est utilis\u00e9 pour am\u00e9liorer l&rsquo;exp\u00e9rience des visiteurs sur le site Web.<\/td><td>saison<\/td><td>Analytique<\/td><\/tr><tr><td>sbjs_udata<\/td><td>imcovel.com<\/td><td>Sourcebuster d\u00e9finit ce cookie pour identifier la source d&rsquo;une visite et stocker des informations sur les actions des utilisateurs dans des cookies. Ce cookie analytique et comportemental est utilis\u00e9 pour am\u00e9liorer l&rsquo;exp\u00e9rience des visiteurs sur le site Web.<\/td><td>saison<\/td><td>Analytique<\/td><\/tr><tr><td>sbjs_session<\/td><td>imcovel.com<\/td><td>Sourcebuster d\u00e9finit ce cookie pour identifier la source d&rsquo;une visite et stocker des informations sur les actions des utilisateurs dans des cookies. Ce cookie analytique et comportemental est utilis\u00e9 pour am\u00e9liorer l&rsquo;exp\u00e9rience des visiteurs sur le site Web.<\/td><td>1 heure<\/td><td>Analytique<\/td><\/tr><tr><td>wp-wpml_current_language<\/td><td>imcovel.com<\/td><td>Le plugin multilingue de WordPress d\u00e9finit ce cookie pour stocker la langue actuelle \/ les param\u00e8tres de langue.<\/td><td>saison<\/td><td>Fonctionnel<\/td><\/tr><tr><td>_ga_*<\/td><td>imcovel.com<\/td><td>Google Analytics d\u00e9finit ce cookie pour stocker et compter les vues de pages.<\/td><td>1 an 1 mois 4 jours<\/td><td>Analytique<\/td><\/tr><tr><td>_ga<\/td><td>imcovel.com<\/td><td>Le cookie _ga, install\u00e9 par Google Analytics, calcule les donn\u00e9es sur les visiteurs, les sessions et les campagnes, et suit \u00e9galement l&rsquo;utilisation du site pour le rapport d&rsquo;analyse du site. Le cookie stocke les informations de mani\u00e8re anonyme et attribue un num\u00e9ro g\u00e9n\u00e9r\u00e9 al\u00e9atoirement pour reconna\u00eetre les visiteurs uniques.<\/td><td>1 an 1 mois 4 jours<\/td><td>Analytique<\/td><\/tr><tr><td>_gcl_au<\/td><td>imcovel.com<\/td><td>Google Tag Manager d\u00e9finit ce cookie pour exp\u00e9rimenter l&rsquo;efficacit\u00e9 des publicit\u00e9s des sites utilisant ses services.<\/td><td>3 mois<\/td><td>Analytique<\/td><\/tr><tr><td>test_cookie<\/td><td>doubleclick.net<\/td><td>Le test_cookie est d\u00e9fini par doubleclick.net et est utilis\u00e9 pour d\u00e9terminer si le navigateur de l&rsquo;utilisateur prend en charge les cookies.<\/td><td>15 minutes<\/td><td>Publicit\u00e9<\/td><\/tr><tr><td>IDE<\/td><td>doubleclick.net<\/td><td>Les cookies IDE de Google DoubleClick sont utilis\u00e9s pour stocker des informations sur la mani\u00e8re dont l&rsquo;utilisateur utilise le site Web afin de lui pr\u00e9senter des annonces pertinentes en fonction de son profil.<\/td><td>1 an 24 jours<\/td><td>Publicit\u00e9<\/td><\/tr><tr><td>elementor<\/td><td>imcovel.com<\/td><td>Ce cookie est utilis\u00e9 par le th\u00e8me WordPress du site Web. Il permet au propri\u00e9taire du site d&rsquo;impl\u00e9menter ou de modifier le contenu du site en temps r\u00e9el.<\/td><td>jamais<\/td><td>N\u00e9cessaire<\/td><\/tr><tr><td>consentGranted<\/td><td>imcovel.com<\/td><td>\u00a0<\/td><td>jamais<\/td><td>Autre<\/td><\/tr><tr><td>rc::a<\/td><td>google.com<\/td><td>Ce cookie est d\u00e9fini par le service reCAPTCHA de Google pour identifier les bots et prot\u00e9ger le site Web contre les attaques de spam malveillantes.<\/td><td>jamais<\/td><td>N\u00e9cessaire<\/td><\/tr><tr><td>rc::b<\/td><td>google.com<\/td><td>\u00a0<\/td><td>jamais<\/td><td>Autre<\/td><\/tr><tr><td>wpEmojiSettingsSupport<\/td><td>imcovel.com<\/td><td>WordPress d\u00e9finit ce cookie lorsqu&rsquo;un utilisateur interagit avec des \u00e9mojis sur un site WordPress. Cela aide \u00e0 d\u00e9terminer si le navigateur de l&rsquo;utilisateur peut afficher correctement les \u00e9mojis.<\/td><td>saison<\/td><td>N\u00e9cessaire<\/td><\/tr><tr><td>rc::c<\/td><td>google.com<\/td><td>Ce cookie est d\u00e9fini par le service reCAPTCHA de Google pour identifier les bots et prot\u00e9ger le site Web contre les attaques de spam malveillantes.<\/td><td>saison<\/td><td>N\u00e9cessaire<\/td><\/tr><\/tbody><\/table><h2><b><strong>Comment g\u00e9rer les param\u00e8tres des cookies\u00a0?<\/strong><\/b><\/h2><p>Cette section contient une br\u00e8ve explication sur la fa\u00e7on de consulter et d&rsquo;effectuer la configuration du syst\u00e8me de cookies en relation avec les navigateurs les plus courants ou les plus utilis\u00e9s par les utilisateurs.<\/p><p>En ce sens, pratiquement tous les navigateurs permettent \u00e0 l&rsquo;utilisateur d&rsquo;obtenir des informations g\u00e9n\u00e9rales sur les cookies install\u00e9s sur une page Web, notamment pour v\u00e9rifier leur existence, leur dur\u00e9e ou le syst\u00e8me d&rsquo;\u00e9limination. En ce sens, \u00e0 titre informatif, une s\u00e9rie de liens connexes sont fournis :<\/p><ul><li><a href=\"https:\/\/support.google.com\/chrome\/answer\/95647?hl=es\">Google\u00a0Chrome<\/a><\/li><li><a href=\"https:\/\/support.mozilla.org\/es\/kb\/cookies-informacion-que-los-sitios-web-save-en-\">Mozilla Firefox<\/a><\/li><li><a href=\"http:\/\/windows.microsoft.com\/es-es\/windows7\/how-to-manage-cookies-in-internet-explorer-9\">Internet Explorer<\/a><\/li><\/ul><p>En revanche, l&rsquo;utilisateur peut autoriser, bloquer ou supprimer les cookies install\u00e9s sur son ordinateur en modifiant la configuration de son navigateur conform\u00e9ment aux instructions qui y sont indiqu\u00e9es. A titre indicatif, il est indiqu\u00e9 qu&rsquo;habituellement la configuration des cookies s&rsquo;effectue g\u00e9n\u00e9ralement dans le menu \u00ab\u00a0Pr\u00e9f\u00e9rences\u00a0\u00bb ou \u00ab\u00a0Outils\u00a0\u00bb de chaque navigateur, dans tous les cas, vous pouvez toujours vous rendre \u00e0 l&rsquo;aide de votre navigateur pour r\u00e9soudre ou lever des doutes . qui sont g\u00e9n\u00e9r\u00e9s \u00e0 cet \u00e9gard.<\/p><p>Il convient de garder \u00e0 l&rsquo;esprit que, si l&rsquo;installation de tous les cookies est emp\u00each\u00e9e, le contenu du site Web ainsi que certaines fonctionnalit\u00e9s et services fournis par celui-ci peuvent \u00eatre affect\u00e9s.<\/p>\t\t\t\t\t\t\t\t<\/div>\n\t\t\t\t<\/div>\n\t\t\t\t\t<\/div>\n\t\t<\/div>\n\t\t\t\t\t<\/div>\n\t\t<\/section>\n\t\t\t\t<\/div>\n\t\t","protected":false},"excerpt":{"rendered":"<p>POLITIQUE EN MATI\u00c8RE DE COOKIES Le portail www.imcovel.com, comme la plupart des portails Internet, utilise des cookies pour am\u00e9liorer l&rsquo;exp\u00e9rience de navigation de l&rsquo;utilisateur. Les cookies personnalisent les services offerts par le site Web, offrant \u00e0 chaque utilisateur des informations susceptibles de l&rsquo;int\u00e9resser en fonction&#8230;<\/p>\n","protected":false},"author":1,"featured_media":0,"parent":0,"menu_order":0,"comment_status":"closed","ping_status":"open","template":"","meta":{"_acf_changed":false,"footnotes":""},"class_list":["post-5851","page","type-page","status-publish","hentry"],"acf":[],"yoast_head":"<!-- This site is optimized with the Yoast SEO plugin v27.3 - https:\/\/yoast.com\/product\/yoast-seo-wordpress\/ -->\n<title>Politique de cookies - Imcovel Group<\/title>\n<meta name=\"robots\" content=\"index, follow, max-snippet:-1, max-image-preview:large, max-video-preview:-1\" \/>\n<link rel=\"canonical\" href=\"https:\/\/imcovel.com\/politica-de-cookies\/\" \/>\n<meta property=\"og:locale\" content=\"fr_FR\" \/>\n<meta property=\"og:type\" content=\"article\" \/>\n<meta property=\"og:title\" content=\"Politique de cookies - Imcovel Group\" \/>\n<meta property=\"og:description\" content=\"POLITIQUE EN MATI\u00c8RE DE COOKIES Le portail www.imcovel.com, comme la plupart des portails Internet, utilise des cookies pour am\u00e9liorer l&rsquo;exp\u00e9rience de navigation de l&rsquo;utilisateur. Les cookies personnalisent les services offerts par le site Web, offrant \u00e0 chaque utilisateur des informations susceptibles de l&rsquo;int\u00e9resser en fonction...\" \/>\n<meta property=\"og:url\" content=\"https:\/\/imcovel.com\/politica-de-cookies\/\" \/>\n<meta property=\"og:site_name\" content=\"Imcovel Group\" \/>\n<meta property=\"article:modified_time\" content=\"2024-10-23T11:03:42+00:00\" \/>\n<meta name=\"twitter:card\" content=\"summary_large_image\" \/>\n<meta name=\"twitter:label1\" content=\"Dur\u00e9e de lecture estim\u00e9e\" \/>\n\t<meta name=\"twitter:data1\" content=\"8 minutes\" \/>\n<script type=\"application\/ld+json\" class=\"yoast-schema-graph\">{\"@context\":\"https:\\\/\\\/schema.org\",\"@graph\":[{\"@type\":\"WebPage\",\"@id\":\"https:\\\/\\\/imcovel.com\\\/politica-de-cookies\\\/\",\"url\":\"https:\\\/\\\/imcovel.com\\\/politica-de-cookies\\\/\",\"name\":\"Politique de cookies - Imcovel Group\",\"isPartOf\":{\"@id\":\"https:\\\/\\\/imcovel.com\\\/#website\"},\"datePublished\":\"2022-06-13T14:30:21+00:00\",\"dateModified\":\"2024-10-23T11:03:42+00:00\",\"breadcrumb\":{\"@id\":\"https:\\\/\\\/imcovel.com\\\/politica-de-cookies\\\/#breadcrumb\"},\"inLanguage\":\"fr-FR\",\"potentialAction\":[{\"@type\":\"ReadAction\",\"target\":[\"https:\\\/\\\/imcovel.com\\\/politica-de-cookies\\\/\"]}]},{\"@type\":\"BreadcrumbList\",\"@id\":\"https:\\\/\\\/imcovel.com\\\/politica-de-cookies\\\/#breadcrumb\",\"itemListElement\":[{\"@type\":\"ListItem\",\"position\":1,\"name\":\"Accueil\",\"item\":\"https:\\\/\\\/imcovel.com\\\/fr\\\/\"},{\"@type\":\"ListItem\",\"position\":2,\"name\":\"Politique de cookies\"}]},{\"@type\":\"WebSite\",\"@id\":\"https:\\\/\\\/imcovel.com\\\/#website\",\"url\":\"https:\\\/\\\/imcovel.com\\\/\",\"name\":\"Imcovel Group\",\"description\":\"Fabrica de Papel\",\"publisher\":{\"@id\":\"https:\\\/\\\/imcovel.com\\\/#organization\"},\"potentialAction\":[{\"@type\":\"SearchAction\",\"target\":{\"@type\":\"EntryPoint\",\"urlTemplate\":\"https:\\\/\\\/imcovel.com\\\/?s={search_term_string}\"},\"query-input\":{\"@type\":\"PropertyValueSpecification\",\"valueRequired\":true,\"valueName\":\"search_term_string\"}}],\"inLanguage\":\"fr-FR\"},{\"@type\":\"Organization\",\"@id\":\"https:\\\/\\\/imcovel.com\\\/#organization\",\"name\":\"Imcovel Group\",\"url\":\"https:\\\/\\\/imcovel.com\\\/\",\"logo\":{\"@type\":\"ImageObject\",\"inLanguage\":\"fr-FR\",\"@id\":\"https:\\\/\\\/imcovel.com\\\/#\\\/schema\\\/logo\\\/image\\\/\",\"url\":\"\",\"contentUrl\":\"\",\"caption\":\"Imcovel Group\"},\"image\":{\"@id\":\"https:\\\/\\\/imcovel.com\\\/#\\\/schema\\\/logo\\\/image\\\/\"}}]}<\/script>\n<!-- \/ Yoast SEO plugin. -->","yoast_head_json":{"title":"Politique de cookies - Imcovel Group","robots":{"index":"index","follow":"follow","max-snippet":"max-snippet:-1","max-image-preview":"max-image-preview:large","max-video-preview":"max-video-preview:-1"},"canonical":"https:\/\/imcovel.com\/politica-de-cookies\/","og_locale":"fr_FR","og_type":"article","og_title":"Politique de cookies - Imcovel Group","og_description":"POLITIQUE EN MATI\u00c8RE DE COOKIES Le portail www.imcovel.com, comme la plupart des portails Internet, utilise des cookies pour am\u00e9liorer l&rsquo;exp\u00e9rience de navigation de l&rsquo;utilisateur. Les cookies personnalisent les services offerts par le site Web, offrant \u00e0 chaque utilisateur des informations susceptibles de l&rsquo;int\u00e9resser en fonction...","og_url":"https:\/\/imcovel.com\/politica-de-cookies\/","og_site_name":"Imcovel Group","article_modified_time":"2024-10-23T11:03:42+00:00","twitter_card":"summary_large_image","twitter_misc":{"Dur\u00e9e de lecture estim\u00e9e":"8 minutes"},"schema":{"@context":"https:\/\/schema.org","@graph":[{"@type":"WebPage","@id":"https:\/\/imcovel.com\/politica-de-cookies\/","url":"https:\/\/imcovel.com\/politica-de-cookies\/","name":"Politique de cookies - Imcovel Group","isPartOf":{"@id":"https:\/\/imcovel.com\/#website"},"datePublished":"2022-06-13T14:30:21+00:00","dateModified":"2024-10-23T11:03:42+00:00","breadcrumb":{"@id":"https:\/\/imcovel.com\/politica-de-cookies\/#breadcrumb"},"inLanguage":"fr-FR","potentialAction":[{"@type":"ReadAction","target":["https:\/\/imcovel.com\/politica-de-cookies\/"]}]},{"@type":"BreadcrumbList","@id":"https:\/\/imcovel.com\/politica-de-cookies\/#breadcrumb","itemListElement":[{"@type":"ListItem","position":1,"name":"Accueil","item":"https:\/\/imcovel.com\/fr\/"},{"@type":"ListItem","position":2,"name":"Politique de cookies"}]},{"@type":"WebSite","@id":"https:\/\/imcovel.com\/#website","url":"https:\/\/imcovel.com\/","name":"Imcovel Group","description":"Fabrica de Papel","publisher":{"@id":"https:\/\/imcovel.com\/#organization"},"potentialAction":[{"@type":"SearchAction","target":{"@type":"EntryPoint","urlTemplate":"https:\/\/imcovel.com\/?s={search_term_string}"},"query-input":{"@type":"PropertyValueSpecification","valueRequired":true,"valueName":"search_term_string"}}],"inLanguage":"fr-FR"},{"@type":"Organization","@id":"https:\/\/imcovel.com\/#organization","name":"Imcovel Group","url":"https:\/\/imcovel.com\/","logo":{"@type":"ImageObject","inLanguage":"fr-FR","@id":"https:\/\/imcovel.com\/#\/schema\/logo\/image\/","url":"","contentUrl":"","caption":"Imcovel Group"},"image":{"@id":"https:\/\/imcovel.com\/#\/schema\/logo\/image\/"}}]}},"_links":{"self":[{"href":"https:\/\/imcovel.com\/fr\/wp-json\/wp\/v2\/pages\/5851","targetHints":{"allow":["GET"]}}],"collection":[{"href":"https:\/\/imcovel.com\/fr\/wp-json\/wp\/v2\/pages"}],"about":[{"href":"https:\/\/imcovel.com\/fr\/wp-json\/wp\/v2\/types\/page"}],"author":[{"embeddable":true,"href":"https:\/\/imcovel.com\/fr\/wp-json\/wp\/v2\/users\/1"}],"replies":[{"embeddable":true,"href":"https:\/\/imcovel.com\/fr\/wp-json\/wp\/v2\/comments?post=5851"}],"version-history":[{"count":16,"href":"https:\/\/imcovel.com\/fr\/wp-json\/wp\/v2\/pages\/5851\/revisions"}],"predecessor-version":[{"id":13725,"href":"https:\/\/imcovel.com\/fr\/wp-json\/wp\/v2\/pages\/5851\/revisions\/13725"}],"wp:attachment":[{"href":"https:\/\/imcovel.com\/fr\/wp-json\/wp\/v2\/media?parent=5851"}],"curies":[{"name":"wp","href":"https:\/\/api.w.org\/{rel}","templated":true}]}}