{"id":5853,"date":"2022-06-13T16:27:55","date_gmt":"2022-06-13T14:27:55","guid":{"rendered":"https:\/\/imcovel.com\/aviso-legal\/"},"modified":"2022-08-09T08:19:51","modified_gmt":"2022-08-09T06:19:51","slug":"mentions-legales","status":"publish","type":"page","link":"https:\/\/imcovel.com\/fr\/mentions-legales\/","title":{"rendered":"Mentions Legales"},"content":{"rendered":"<h1>MENTIONS L\u00c9GALES<\/h1>\n<p>&nbsp;&nbsp;<br \/>\n<strong>Raison sociale:\u00a0<\/strong>Timbrados Valencia, sl.<br \/>\n<strong>Si\u00e8ge social:<\/strong>\u00a0Pol. Ind. Sector, 14.<br \/>\n<strong>Ville:<\/strong>\u00a0Ribarroja del T\u00faria, 46190, Valencia<br \/>\n<strong>T\u00e9l\u00e9phone:<\/strong>\u00a0(+34) 961 666 409<br \/>\n<strong>Courriel:<\/strong>\u00a0info@imcovel.com<br \/>\n&nbsp;&nbsp;<\/p>\n<h3 class=\"titles-category\">AVERTISSEMENT<\/h3>\n<p><span lang=\"FR\">Le d\u00e9tenteur du domaine et l&rsquo;auteur du site\u00a0<a href=\"http:\/\/www.imcovel.com\/\">www.imcovel.com<\/a>\u00a0appliquent un contr\u00f4le tr\u00e8s soigneux de son contenu.\u00a0<\/span><\/p>\n<div class=\"espacio\"><\/div>\n<p>&nbsp;&nbsp;<\/p>\n<h3 class=\"titles-category\">DROITS D\u2019AUTEUR<\/h3>\n<p>Toute publication ou reproduction du contenu, des images et des textes de ce site n\u00e9cessitent le consentement du d\u00e9tenteur des droits d\u2019auteur.<\/p>\n<p>&nbsp;<\/p>\n<p>&nbsp;<\/p>\n","protected":false},"excerpt":{"rendered":"<p>MENTIONS L\u00c9GALES &nbsp;&nbsp; Raison sociale:\u00a0Timbrados Valencia, sl. Si\u00e8ge social:\u00a0Pol. Ind. Sector, 14. Ville:\u00a0Ribarroja del T\u00faria, 46190, Valencia T\u00e9l\u00e9phone:\u00a0(+34) 961 666 409 Courriel:\u00a0info@imcovel.com &nbsp;&nbsp; AVERTISSEMENT Le d\u00e9tenteur du domaine et l&rsquo;auteur du site\u00a0www.imcovel.com\u00a0appliquent un contr\u00f4le tr\u00e8s soigneux de son contenu.\u00a0 &nbsp;&nbsp; DROITS D\u2019AUTEUR Toute publication ou&#8230;<\/p>\n","protected":false},"author":1,"featured_media":0,"parent":0,"menu_order":0,"comment_status":"closed","ping_status":"open","template":"","meta":{"_acf_changed":false,"footnotes":""},"class_list":["post-5853","page","type-page","status-publish","hentry"],"acf":[],"yoast_head":"<!-- This site is optimized with the Yoast SEO plugin v27.3 - https:\/\/yoast.com\/product\/yoast-seo-wordpress\/ -->\n<title>Mentions Legales - Imcovel Group<\/title>\n<meta name=\"robots\" content=\"index, follow, max-snippet:-1, max-image-preview:large, max-video-preview:-1\" \/>\n<link rel=\"canonical\" href=\"https:\/\/imcovel.com\/aviso-legal\/\" \/>\n<meta property=\"og:locale\" content=\"fr_FR\" \/>\n<meta property=\"og:type\" content=\"article\" \/>\n<meta property=\"og:title\" content=\"Mentions Legales - Imcovel Group\" \/>\n<meta property=\"og:description\" content=\"MENTIONS L\u00c9GALES &nbsp;&nbsp; Raison sociale:\u00a0Timbrados Valencia, sl. Si\u00e8ge social:\u00a0Pol. Ind. Sector, 14. Ville:\u00a0Ribarroja del T\u00faria, 46190, Valencia T\u00e9l\u00e9phone:\u00a0(+34) 961 666 409 Courriel:\u00a0info@imcovel.com &nbsp;&nbsp; AVERTISSEMENT Le d\u00e9tenteur du domaine et l&rsquo;auteur du site\u00a0www.imcovel.com\u00a0appliquent un contr\u00f4le tr\u00e8s soigneux de son contenu.\u00a0 &nbsp;&nbsp; DROITS D\u2019AUTEUR Toute publication ou...\" \/>\n<meta property=\"og:url\" content=\"https:\/\/imcovel.com\/aviso-legal\/\" \/>\n<meta property=\"og:site_name\" content=\"Imcovel Group\" \/>\n<meta property=\"article:modified_time\" content=\"2022-08-09T06:19:51+00:00\" \/>\n<meta name=\"twitter:card\" content=\"summary_large_image\" \/>\n<script type=\"application\/ld+json\" class=\"yoast-schema-graph\">{\"@context\":\"https:\\\/\\\/schema.org\",\"@graph\":[{\"@type\":\"WebPage\",\"@id\":\"https:\\\/\\\/imcovel.com\\\/aviso-legal\\\/\",\"url\":\"https:\\\/\\\/imcovel.com\\\/aviso-legal\\\/\",\"name\":\"Mentions Legales - Imcovel Group\",\"isPartOf\":{\"@id\":\"https:\\\/\\\/imcovel.com\\\/#website\"},\"datePublished\":\"2022-06-13T14:27:55+00:00\",\"dateModified\":\"2022-08-09T06:19:51+00:00\",\"breadcrumb\":{\"@id\":\"https:\\\/\\\/imcovel.com\\\/aviso-legal\\\/#breadcrumb\"},\"inLanguage\":\"fr-FR\",\"potentialAction\":[{\"@type\":\"ReadAction\",\"target\":[\"https:\\\/\\\/imcovel.com\\\/aviso-legal\\\/\"]}]},{\"@type\":\"BreadcrumbList\",\"@id\":\"https:\\\/\\\/imcovel.com\\\/aviso-legal\\\/#breadcrumb\",\"itemListElement\":[{\"@type\":\"ListItem\",\"position\":1,\"name\":\"Accueil\",\"item\":\"https:\\\/\\\/imcovel.com\\\/fr\\\/\"},{\"@type\":\"ListItem\",\"position\":2,\"name\":\"Mentions Legales\"}]},{\"@type\":\"WebSite\",\"@id\":\"https:\\\/\\\/imcovel.com\\\/#website\",\"url\":\"https:\\\/\\\/imcovel.com\\\/\",\"name\":\"Imcovel Group\",\"description\":\"Fabrica de Papel\",\"publisher\":{\"@id\":\"https:\\\/\\\/imcovel.com\\\/#organization\"},\"potentialAction\":[{\"@type\":\"SearchAction\",\"target\":{\"@type\":\"EntryPoint\",\"urlTemplate\":\"https:\\\/\\\/imcovel.com\\\/?s={search_term_string}\"},\"query-input\":{\"@type\":\"PropertyValueSpecification\",\"valueRequired\":true,\"valueName\":\"search_term_string\"}}],\"inLanguage\":\"fr-FR\"},{\"@type\":\"Organization\",\"@id\":\"https:\\\/\\\/imcovel.com\\\/#organization\",\"name\":\"Imcovel Group\",\"url\":\"https:\\\/\\\/imcovel.com\\\/\",\"logo\":{\"@type\":\"ImageObject\",\"inLanguage\":\"fr-FR\",\"@id\":\"https:\\\/\\\/imcovel.com\\\/#\\\/schema\\\/logo\\\/image\\\/\",\"url\":\"\",\"contentUrl\":\"\",\"caption\":\"Imcovel Group\"},\"image\":{\"@id\":\"https:\\\/\\\/imcovel.com\\\/#\\\/schema\\\/logo\\\/image\\\/\"}}]}<\/script>\n<!-- \/ Yoast SEO plugin. -->","yoast_head_json":{"title":"Mentions Legales - Imcovel Group","robots":{"index":"index","follow":"follow","max-snippet":"max-snippet:-1","max-image-preview":"max-image-preview:large","max-video-preview":"max-video-preview:-1"},"canonical":"https:\/\/imcovel.com\/aviso-legal\/","og_locale":"fr_FR","og_type":"article","og_title":"Mentions Legales - Imcovel Group","og_description":"MENTIONS L\u00c9GALES &nbsp;&nbsp; Raison sociale:\u00a0Timbrados Valencia, sl. Si\u00e8ge social:\u00a0Pol. Ind. Sector, 14. Ville:\u00a0Ribarroja del T\u00faria, 46190, Valencia T\u00e9l\u00e9phone:\u00a0(+34) 961 666 409 Courriel:\u00a0info@imcovel.com &nbsp;&nbsp; AVERTISSEMENT Le d\u00e9tenteur du domaine et l&rsquo;auteur du site\u00a0www.imcovel.com\u00a0appliquent un contr\u00f4le tr\u00e8s soigneux de son contenu.\u00a0 &nbsp;&nbsp; DROITS D\u2019AUTEUR Toute publication ou...","og_url":"https:\/\/imcovel.com\/aviso-legal\/","og_site_name":"Imcovel Group","article_modified_time":"2022-08-09T06:19:51+00:00","twitter_card":"summary_large_image","schema":{"@context":"https:\/\/schema.org","@graph":[{"@type":"WebPage","@id":"https:\/\/imcovel.com\/aviso-legal\/","url":"https:\/\/imcovel.com\/aviso-legal\/","name":"Mentions Legales - Imcovel Group","isPartOf":{"@id":"https:\/\/imcovel.com\/#website"},"datePublished":"2022-06-13T14:27:55+00:00","dateModified":"2022-08-09T06:19:51+00:00","breadcrumb":{"@id":"https:\/\/imcovel.com\/aviso-legal\/#breadcrumb"},"inLanguage":"fr-FR","potentialAction":[{"@type":"ReadAction","target":["https:\/\/imcovel.com\/aviso-legal\/"]}]},{"@type":"BreadcrumbList","@id":"https:\/\/imcovel.com\/aviso-legal\/#breadcrumb","itemListElement":[{"@type":"ListItem","position":1,"name":"Accueil","item":"https:\/\/imcovel.com\/fr\/"},{"@type":"ListItem","position":2,"name":"Mentions Legales"}]},{"@type":"WebSite","@id":"https:\/\/imcovel.com\/#website","url":"https:\/\/imcovel.com\/","name":"Imcovel Group","description":"Fabrica de Papel","publisher":{"@id":"https:\/\/imcovel.com\/#organization"},"potentialAction":[{"@type":"SearchAction","target":{"@type":"EntryPoint","urlTemplate":"https:\/\/imcovel.com\/?s={search_term_string}"},"query-input":{"@type":"PropertyValueSpecification","valueRequired":true,"valueName":"search_term_string"}}],"inLanguage":"fr-FR"},{"@type":"Organization","@id":"https:\/\/imcovel.com\/#organization","name":"Imcovel Group","url":"https:\/\/imcovel.com\/","logo":{"@type":"ImageObject","inLanguage":"fr-FR","@id":"https:\/\/imcovel.com\/#\/schema\/logo\/image\/","url":"","contentUrl":"","caption":"Imcovel Group"},"image":{"@id":"https:\/\/imcovel.com\/#\/schema\/logo\/image\/"}}]}},"_links":{"self":[{"href":"https:\/\/imcovel.com\/fr\/wp-json\/wp\/v2\/pages\/5853","targetHints":{"allow":["GET"]}}],"collection":[{"href":"https:\/\/imcovel.com\/fr\/wp-json\/wp\/v2\/pages"}],"about":[{"href":"https:\/\/imcovel.com\/fr\/wp-json\/wp\/v2\/types\/page"}],"author":[{"embeddable":true,"href":"https:\/\/imcovel.com\/fr\/wp-json\/wp\/v2\/users\/1"}],"replies":[{"embeddable":true,"href":"https:\/\/imcovel.com\/fr\/wp-json\/wp\/v2\/comments?post=5853"}],"version-history":[{"count":3,"href":"https:\/\/imcovel.com\/fr\/wp-json\/wp\/v2\/pages\/5853\/revisions"}],"predecessor-version":[{"id":6173,"href":"https:\/\/imcovel.com\/fr\/wp-json\/wp\/v2\/pages\/5853\/revisions\/6173"}],"wp:attachment":[{"href":"https:\/\/imcovel.com\/fr\/wp-json\/wp\/v2\/media?parent=5853"}],"curies":[{"name":"wp","href":"https:\/\/api.w.org\/{rel}","templated":true}]}}