{"id":5860,"date":"2022-06-13T10:55:37","date_gmt":"2022-06-13T08:55:37","guid":{"rendered":"https:\/\/imcovel.com\/compania\/certificaciones\/"},"modified":"2024-02-14T18:04:59","modified_gmt":"2024-02-14T17:04:59","slug":"certifications","status":"publish","type":"page","link":"https:\/\/imcovel.com\/fr\/societe\/certifications\/","title":{"rendered":"Certifications"},"content":{"rendered":"\t\t<div data-elementor-type=\"wp-page\" data-elementor-id=\"5860\" class=\"elementor elementor-5860 elementor-545\" data-elementor-post-type=\"page\">\n\t\t\t\t\t\t<div class=\"elementor-section elementor-top-section elementor-element elementor-element-9236557 elementor-section-full_width elementor-section-stretched elementor-section-height-default elementor-section-height-default parallax_section_no qode_elementor_container_no\" data-id=\"9236557\" data-element_type=\"section\" data-e-type=\"section\" data-settings=\"{&quot;stretch_section&quot;:&quot;section-stretched&quot;}\">\n\t\t\t\t\t\t<div class=\"elementor-container elementor-column-gap-default\">\n\t\t\t\t\t<div class=\"elementor-column elementor-col-100 elementor-top-column elementor-element elementor-element-ec908d4\" data-id=\"ec908d4\" data-element_type=\"column\" data-e-type=\"column\">\n\t\t\t<div class=\"elementor-widget-wrap elementor-element-populated\">\n\t\t\t\t\t\t<div class=\"elementor-element elementor-element-c06b3b7 elementor--h-position-center elementor--v-position-middle elementor-arrows-position-inside elementor-pagination-position-inside elementor-widget elementor-widget-slides\" data-id=\"c06b3b7\" data-element_type=\"widget\" data-e-type=\"widget\" data-settings=\"{&quot;navigation&quot;:&quot;both&quot;,&quot;autoplay&quot;:&quot;yes&quot;,&quot;pause_on_hover&quot;:&quot;yes&quot;,&quot;pause_on_interaction&quot;:&quot;yes&quot;,&quot;autoplay_speed&quot;:5000,&quot;infinite&quot;:&quot;yes&quot;,&quot;transition&quot;:&quot;slide&quot;,&quot;transition_speed&quot;:500}\" data-widget_type=\"slides.default\">\n\t\t\t\t<div class=\"elementor-widget-container\">\n\t\t\t\t\t\t\t\t\t<div class=\"elementor-swiper\">\n\t\t\t\t\t<div class=\"elementor-slides-wrapper elementor-main-swiper swiper\" role=\"region\" aria-roledescription=\"carousel\" aria-label=\"Slides\" dir=\"ltr\" data-animation=\"fadeInUp\">\n\t\t\t\t<div class=\"swiper-wrapper elementor-slides\">\n\t\t\t\t\t\t\t\t\t\t<div class=\"elementor-repeater-item-0ed1263 swiper-slide\" role=\"group\" aria-roledescription=\"slide\"><div class=\"swiper-slide-bg\" role=\"img\" aria-label=\"wood-4019324.jpg\"><\/div><div class=\"swiper-slide-inner\" ><div class=\"swiper-slide-contents\"><div class=\"elementor-slide-heading\">Nos papiers certifi\u00e9s PEFC ou FSC \u00ae garantissent aux consommateurs une gestion foresti\u00e8re responsable<\/div><\/div><\/div><\/div>\t\t\t\t<\/div>\n\t\t\t\t\t\t\t<\/div>\n\t\t\t\t<\/div>\n\t\t\t\t\t\t\t\t<\/div>\n\t\t\t\t<\/div>\n\t\t\t\t\t<\/div>\n\t\t<\/div>\n\t\t\t\t\t<\/div>\n\t\t<\/div>\n\t\t\t\t<section class=\"elementor-section elementor-top-section elementor-element elementor-element-65052c65 elementor-section-boxed elementor-section-height-default elementor-section-height-default parallax_section_no qode_elementor_container_no\" data-id=\"65052c65\" data-element_type=\"section\" data-e-type=\"section\">\n\t\t\t\t\t\t<div class=\"elementor-container elementor-column-gap-default\">\n\t\t\t\t\t<div class=\"elementor-column elementor-col-100 elementor-top-column elementor-element elementor-element-142128d5\" data-id=\"142128d5\" data-element_type=\"column\" data-e-type=\"column\">\n\t\t\t<div class=\"elementor-widget-wrap elementor-element-populated\">\n\t\t\t\t\t\t<div class=\"elementor-element elementor-element-7d13868f elementor-widget elementor-widget-text-editor\" data-id=\"7d13868f\" data-element_type=\"widget\" data-e-type=\"widget\" data-widget_type=\"text-editor.default\">\n\t\t\t\t<div class=\"elementor-widget-container\">\n\t\t\t\t\t\t\t\t\t<p><span lang=\"EN-US\">Nos papiers certifi\u00e9s PEFC ou FSC \u00ae garantissent aux consommateurs une gestion foresti\u00e8re responsable.\u00a0<\/span>Conscients de l\u2019impact que peut avoir notre activit\u00e9, chez Imcovel nous prenons les mesures n\u00e9cessaires afin de le r\u00e9duire tout en recherchant une am\u00e9lioration continue de la qualit\u00e9 de nos produits et services.<\/p><p>\u00a0<\/p><p><span lang=\"EN-US\">Nous disposons actuellement des certifications suivantes:<\/span><\/p><p>\u00a0<\/p><ul type=\"disc\"><li><b><u>Certification qualit\u00e9:<\/u><\/b><\/li><\/ul><p><b>ISO 9001:2015<\/b>\u00a0nous aide \u00e0 contr\u00f4ler de fa\u00e7on continue la qualit\u00e9 de tous les processus int\u00e9grant notre soci\u00e9t\u00e9 Timbrados Valencia.<\/p><p>\u00a0<\/p><p>Ce contr\u00f4le contribue directement \u00e0 la hausse de la satisfaction de nos clients.<\/p><p>\u00a0<\/p><ul type=\"disc\"><li><b><u>Certification qualit\u00e9:<\/u><\/b><\/li><\/ul><p>\u00a0<\/p><p><b>Certificats PEFC et FSC \u00ae<\/b><\/p><p>\u00a0<\/p><p>Nos papiers certifi\u00e9s PEFC (Timbrados Valencia) ou FSC\u00ae (Timbrados Valencia et Nature Packaging) garantissent aux consommateurs qu\u00b4ils ach\u00e8tent un produit provenant de de for\u00eats g\u00e9r\u00e9es durablement.<\/p><p>Ils contribuent ainsi \u00e0:<\/p><p>\u00a0<\/p><ul type=\"disc\"><li>Combattre la coupe ill\u00e9gale d\u00b4arbres<\/li><li>La pr\u00e9servation de nombreux \u00e9cosyst\u00e8mes et au respect de la biodiversit\u00e9<\/li><li>Faire en sorte que la for\u00eat continue d\u2019\u00eatre le moyen de subsistance \u00e9conomique de nombreuses populations rurales et l\u2019origine d\u2019une industrie de transformation tr\u00e8s importante.<\/li><\/ul><p>\u00a0<\/p><p>*Produits certifi\u00e9s FSC seulement sur demande.<\/p>\t\t\t\t\t\t\t\t<\/div>\n\t\t\t\t<\/div>\n\t\t\t\t\t<\/div>\n\t\t<\/div>\n\t\t\t\t\t<\/div>\n\t\t<\/section>\n\t\t\t\t<\/div>\n\t\t","protected":false},"excerpt":{"rendered":"<p>Nos papiers certifi\u00e9s PEFC ou FSC \u00ae garantissent aux consommateurs une gestion foresti\u00e8re responsable Nos papiers certifi\u00e9s PEFC ou FSC \u00ae garantissent aux consommateurs une gestion foresti\u00e8re responsable.\u00a0Conscients de l\u2019impact que peut avoir notre activit\u00e9, chez Imcovel nous prenons les mesures n\u00e9cessaires afin de le&#8230;<\/p>\n","protected":false},"author":1,"featured_media":0,"parent":10196,"menu_order":0,"comment_status":"closed","ping_status":"closed","template":"full_width.php","meta":{"_acf_changed":false,"footnotes":""},"class_list":["post-5860","page","type-page","status-publish","hentry"],"acf":[],"yoast_head":"<!-- This site is optimized with the Yoast SEO plugin v27.3 - https:\/\/yoast.com\/product\/yoast-seo-wordpress\/ -->\n<title>Certifications - Imcovel Group<\/title>\n<meta name=\"robots\" content=\"index, follow, max-snippet:-1, max-image-preview:large, max-video-preview:-1\" \/>\n<link rel=\"canonical\" href=\"https:\/\/imcovel.com\/compania\/certificaciones\/\" \/>\n<meta property=\"og:locale\" content=\"fr_FR\" \/>\n<meta property=\"og:type\" content=\"article\" \/>\n<meta property=\"og:title\" content=\"Certifications - Imcovel Group\" \/>\n<meta property=\"og:description\" content=\"Nos papiers certifi\u00e9s PEFC ou FSC \u00ae garantissent aux consommateurs une gestion foresti\u00e8re responsable Nos papiers certifi\u00e9s PEFC ou FSC \u00ae garantissent aux consommateurs une gestion foresti\u00e8re responsable.\u00a0Conscients de l\u2019impact que peut avoir notre activit\u00e9, chez Imcovel nous prenons les mesures n\u00e9cessaires afin de le...\" \/>\n<meta property=\"og:url\" content=\"https:\/\/imcovel.com\/compania\/certificaciones\/\" \/>\n<meta property=\"og:site_name\" content=\"Imcovel Group\" \/>\n<meta property=\"article:modified_time\" content=\"2024-02-14T17:04:59+00:00\" \/>\n<meta name=\"twitter:card\" content=\"summary_large_image\" \/>\n<meta name=\"twitter:label1\" content=\"Dur\u00e9e de lecture estim\u00e9e\" \/>\n\t<meta name=\"twitter:data1\" content=\"1 minute\" \/>\n<script type=\"application\/ld+json\" class=\"yoast-schema-graph\">{\"@context\":\"https:\\\/\\\/schema.org\",\"@graph\":[{\"@type\":\"WebPage\",\"@id\":\"https:\\\/\\\/imcovel.com\\\/compania\\\/certificaciones\\\/\",\"url\":\"https:\\\/\\\/imcovel.com\\\/compania\\\/certificaciones\\\/\",\"name\":\"Certifications - Imcovel Group\",\"isPartOf\":{\"@id\":\"https:\\\/\\\/imcovel.com\\\/#website\"},\"datePublished\":\"2022-06-13T08:55:37+00:00\",\"dateModified\":\"2024-02-14T17:04:59+00:00\",\"breadcrumb\":{\"@id\":\"https:\\\/\\\/imcovel.com\\\/compania\\\/certificaciones\\\/#breadcrumb\"},\"inLanguage\":\"fr-FR\",\"potentialAction\":[{\"@type\":\"ReadAction\",\"target\":[\"https:\\\/\\\/imcovel.com\\\/compania\\\/certificaciones\\\/\"]}]},{\"@type\":\"BreadcrumbList\",\"@id\":\"https:\\\/\\\/imcovel.com\\\/compania\\\/certificaciones\\\/#breadcrumb\",\"itemListElement\":[{\"@type\":\"ListItem\",\"position\":1,\"name\":\"Accueil\",\"item\":\"https:\\\/\\\/imcovel.com\\\/fr\\\/\"},{\"@type\":\"ListItem\",\"position\":2,\"name\":\"Soci\u00e9t\u00e9\",\"item\":\"https:\\\/\\\/imcovel.com\\\/compania\\\/\"},{\"@type\":\"ListItem\",\"position\":3,\"name\":\"Certifications\"}]},{\"@type\":\"WebSite\",\"@id\":\"https:\\\/\\\/imcovel.com\\\/#website\",\"url\":\"https:\\\/\\\/imcovel.com\\\/\",\"name\":\"Imcovel Group\",\"description\":\"Fabrica de Papel\",\"publisher\":{\"@id\":\"https:\\\/\\\/imcovel.com\\\/#organization\"},\"potentialAction\":[{\"@type\":\"SearchAction\",\"target\":{\"@type\":\"EntryPoint\",\"urlTemplate\":\"https:\\\/\\\/imcovel.com\\\/?s={search_term_string}\"},\"query-input\":{\"@type\":\"PropertyValueSpecification\",\"valueRequired\":true,\"valueName\":\"search_term_string\"}}],\"inLanguage\":\"fr-FR\"},{\"@type\":\"Organization\",\"@id\":\"https:\\\/\\\/imcovel.com\\\/#organization\",\"name\":\"Imcovel Group\",\"url\":\"https:\\\/\\\/imcovel.com\\\/\",\"logo\":{\"@type\":\"ImageObject\",\"inLanguage\":\"fr-FR\",\"@id\":\"https:\\\/\\\/imcovel.com\\\/#\\\/schema\\\/logo\\\/image\\\/\",\"url\":\"\",\"contentUrl\":\"\",\"caption\":\"Imcovel Group\"},\"image\":{\"@id\":\"https:\\\/\\\/imcovel.com\\\/#\\\/schema\\\/logo\\\/image\\\/\"}}]}<\/script>\n<!-- \/ Yoast SEO plugin. -->","yoast_head_json":{"title":"Certifications - Imcovel Group","robots":{"index":"index","follow":"follow","max-snippet":"max-snippet:-1","max-image-preview":"max-image-preview:large","max-video-preview":"max-video-preview:-1"},"canonical":"https:\/\/imcovel.com\/compania\/certificaciones\/","og_locale":"fr_FR","og_type":"article","og_title":"Certifications - Imcovel Group","og_description":"Nos papiers certifi\u00e9s PEFC ou FSC \u00ae garantissent aux consommateurs une gestion foresti\u00e8re responsable Nos papiers certifi\u00e9s PEFC ou FSC \u00ae garantissent aux consommateurs une gestion foresti\u00e8re responsable.\u00a0Conscients de l\u2019impact que peut avoir notre activit\u00e9, chez Imcovel nous prenons les mesures n\u00e9cessaires afin de le...","og_url":"https:\/\/imcovel.com\/compania\/certificaciones\/","og_site_name":"Imcovel Group","article_modified_time":"2024-02-14T17:04:59+00:00","twitter_card":"summary_large_image","twitter_misc":{"Dur\u00e9e de lecture estim\u00e9e":"1 minute"},"schema":{"@context":"https:\/\/schema.org","@graph":[{"@type":"WebPage","@id":"https:\/\/imcovel.com\/compania\/certificaciones\/","url":"https:\/\/imcovel.com\/compania\/certificaciones\/","name":"Certifications - Imcovel Group","isPartOf":{"@id":"https:\/\/imcovel.com\/#website"},"datePublished":"2022-06-13T08:55:37+00:00","dateModified":"2024-02-14T17:04:59+00:00","breadcrumb":{"@id":"https:\/\/imcovel.com\/compania\/certificaciones\/#breadcrumb"},"inLanguage":"fr-FR","potentialAction":[{"@type":"ReadAction","target":["https:\/\/imcovel.com\/compania\/certificaciones\/"]}]},{"@type":"BreadcrumbList","@id":"https:\/\/imcovel.com\/compania\/certificaciones\/#breadcrumb","itemListElement":[{"@type":"ListItem","position":1,"name":"Accueil","item":"https:\/\/imcovel.com\/fr\/"},{"@type":"ListItem","position":2,"name":"Soci\u00e9t\u00e9","item":"https:\/\/imcovel.com\/compania\/"},{"@type":"ListItem","position":3,"name":"Certifications"}]},{"@type":"WebSite","@id":"https:\/\/imcovel.com\/#website","url":"https:\/\/imcovel.com\/","name":"Imcovel Group","description":"Fabrica de Papel","publisher":{"@id":"https:\/\/imcovel.com\/#organization"},"potentialAction":[{"@type":"SearchAction","target":{"@type":"EntryPoint","urlTemplate":"https:\/\/imcovel.com\/?s={search_term_string}"},"query-input":{"@type":"PropertyValueSpecification","valueRequired":true,"valueName":"search_term_string"}}],"inLanguage":"fr-FR"},{"@type":"Organization","@id":"https:\/\/imcovel.com\/#organization","name":"Imcovel Group","url":"https:\/\/imcovel.com\/","logo":{"@type":"ImageObject","inLanguage":"fr-FR","@id":"https:\/\/imcovel.com\/#\/schema\/logo\/image\/","url":"","contentUrl":"","caption":"Imcovel Group"},"image":{"@id":"https:\/\/imcovel.com\/#\/schema\/logo\/image\/"}}]}},"_links":{"self":[{"href":"https:\/\/imcovel.com\/fr\/wp-json\/wp\/v2\/pages\/5860","targetHints":{"allow":["GET"]}}],"collection":[{"href":"https:\/\/imcovel.com\/fr\/wp-json\/wp\/v2\/pages"}],"about":[{"href":"https:\/\/imcovel.com\/fr\/wp-json\/wp\/v2\/types\/page"}],"author":[{"embeddable":true,"href":"https:\/\/imcovel.com\/fr\/wp-json\/wp\/v2\/users\/1"}],"replies":[{"embeddable":true,"href":"https:\/\/imcovel.com\/fr\/wp-json\/wp\/v2\/comments?post=5860"}],"version-history":[{"count":10,"href":"https:\/\/imcovel.com\/fr\/wp-json\/wp\/v2\/pages\/5860\/revisions"}],"predecessor-version":[{"id":8927,"href":"https:\/\/imcovel.com\/fr\/wp-json\/wp\/v2\/pages\/5860\/revisions\/8927"}],"up":[{"embeddable":true,"href":"https:\/\/imcovel.com\/fr\/wp-json\/wp\/v2\/pages\/10196"}],"wp:attachment":[{"href":"https:\/\/imcovel.com\/fr\/wp-json\/wp\/v2\/media?parent=5860"}],"curies":[{"name":"wp","href":"https:\/\/api.w.org\/{rel}","templated":true}]}}