{"id":5879,"date":"2022-05-26T09:23:15","date_gmt":"2022-05-26T07:23:15","guid":{"rendered":"https:\/\/imcovel.com\/politica-privacidad\/"},"modified":"2024-10-22T13:05:21","modified_gmt":"2024-10-22T11:05:21","slug":"politique-de-confidentialite","status":"publish","type":"page","link":"https:\/\/imcovel.com\/fr\/politique-de-confidentialite\/","title":{"rendered":"Politique de confidentialit\u00e9"},"content":{"rendered":"<h1>POLITIQUE DE CONFIDENTIALIT\u00c9<\/h1>\n<p>&nbsp;<\/p>\n<p><b><strong>Pr\u00e9sentation<\/strong><\/b><\/p>\n<p>&nbsp;<\/p>\n<p>Cette politique de confidentialit\u00e9 a \u00e9t\u00e9 \u00e9labor\u00e9e en tenant compte des dispositions de la loi organique sur la protection des donn\u00e9es personnelles en vigueur, ainsi que du r\u00e8glement 2016\/679 du Parlement europ\u00e9en et du Conseil du 27 avril 2016 relatif \u00e0 la protection des personnes physiques relatives au traitement des donn\u00e9es personnelles et \u00e0 la diffusion de ces donn\u00e9es, ci-apr\u00e8s le RGPD.<\/p>\n<p>&nbsp;<\/p>\n<p>Le but de cette politique de confidentialit\u00e9 est d&rsquo;informer les propri\u00e9taires des donn\u00e9es personnelles, concernant les informations collect\u00e9es, les aspects sp\u00e9cifiques li\u00e9s au traitement de leurs donn\u00e9es, entre autres, les finalit\u00e9s du traitement, les donn\u00e9es de contact pour exercer la droits qui vous assistent, les p\u00e9riodes de conservation des informations et les mesures de s\u00e9curit\u00e9 entre autres.<\/p>\n<p>&nbsp;<\/p>\n<p><b><strong>Contr\u00f4leur de donn\u00e9es<\/strong><\/b><\/p>\n<p>&nbsp;<\/p>\n<p>En termes de protection des donn\u00e9es, TIMBRADOS VALENCIA, S.L., doit \u00eatre consid\u00e9r\u00e9e comme responsable du traitement, en ce qui concerne les fichiers\/processus identifi\u00e9s dans cette politique, en particulier dans la section Traitement des donn\u00e9es.<\/p>\n<p>&nbsp;<\/p>\n<p>Les donn\u00e9es d&rsquo;identification du propri\u00e9taire de ce site Web sont indiqu\u00e9es ci-dessous:<\/p>\n<p>&nbsp;<\/p>\n<p>Responsable du traitement : TIMBRADOS VALENCIA, S.L.<\/p>\n<p>Adresse postale : Pol\u00edgono POLIGONO INDUSTRIAL, SECTOR 14, CALLE POUET DE LA GRANOTA, S\/N, 46190, RIBARROJA, (Valence).<\/p>\n<p>Adresse e-mail : info@imcovel.es<\/p>\n<p>&nbsp;<\/p>\n<p><b><strong>Traitement des donn\u00e9es<\/strong><\/b><\/p>\n<p>&nbsp;<\/p>\n<p>Les donn\u00e9es personnelles demand\u00e9es, le cas \u00e9ch\u00e9ant, ne comprendront que celles strictement indispensables pour identifier et r\u00e9pondre \u00e0 la demande formul\u00e9e par le propri\u00e9taire de celles-ci, ci-apr\u00e8s l&rsquo;int\u00e9ress\u00e9. Ces informations seront trait\u00e9es de mani\u00e8re loyale, licite et transparente vis-\u00e0-vis de l&rsquo;int\u00e9ress\u00e9. D&rsquo;autre part, les donn\u00e9es personnelles seront collect\u00e9es pour certaines finalit\u00e9s explicites et l\u00e9gitimes, et ne seront pas trait\u00e9es ult\u00e9rieurement de mani\u00e8re incompatible avec ces finalit\u00e9s.<\/p>\n<p>&nbsp;<\/p>\n<p>Les donn\u00e9es collect\u00e9es aupr\u00e8s de chaque partie int\u00e9ress\u00e9e seront ad\u00e9quates, pertinentes et non excessives par rapport aux finalit\u00e9s correspondantes pour chaque cas, et seront mises \u00e0 jour chaque fois que n\u00e9cessaire.<\/p>\n<p>&nbsp;<\/p>\n<p>Le propri\u00e9taire des donn\u00e9es sera inform\u00e9, pr\u00e9alablement \u00e0 la collecte de ses donn\u00e9es, des fins g\u00e9n\u00e9rales r\u00e9glement\u00e9es dans la pr\u00e9sente politique afin qu&rsquo;il puisse donner un consentement expr\u00e8s, pr\u00e9cis et sans \u00e9quivoque au traitement de ses donn\u00e9es, conform\u00e9ment aux aspects suivants.<\/p>\n<p>&nbsp;<\/p>\n<p><em>Objectifs du traitement.<\/em><\/p>\n<p>&nbsp;<\/p>\n<p>Contact : R\u00e9pondre aux demandes d&rsquo;informations re\u00e7ues sur les produits et services propos\u00e9s, ainsi que r\u00e9pondre \u00e0 tout autre type de question soumise par les utilisateurs.<\/p>\n<p>Espace client : Informations fournies via la plateforme. Pour la gestion de nos services et o\u00f9 l&rsquo;utilisateur peut consulter des contrats, factures, rapports, etc.<\/p>\n<p>Gestion, conformit\u00e9 et ex\u00e9cution du contrat d&rsquo;achat\u00a0:\u00a0Plus pr\u00e9cis\u00e9ment, les donn\u00e9es personnelles seront utilis\u00e9es pour formaliser le contrat d&rsquo;achat\u00a0; pour la gestion des paiements des transactions\u00a0; pour vous contacter en cas d&rsquo;incident li\u00e9 \u00e0 votre commande ; pour la gestion de la facturation et de la d\u00e9livrance des tickets d&rsquo;achat et des factures\u00a0;<\/p>\n<p>Clients\u00a0: \u00a0effectuer la gestion des ventes de biens et services, la facturation, la comptabilit\u00e9, les encaissements, les impay\u00e9s, les offres, les budgets et les contrats, le service client, les contacts et les relations commerciales.<\/p>\n<p>&nbsp;<\/p>\n<p><em>L\u00e9gitimation<\/em><\/p>\n<p>&nbsp;<\/p>\n<p>En r\u00e8gle g\u00e9n\u00e9rale, avant le traitement des donn\u00e9es personnelles, TIMBRADOS VALENCIA, S.L. obtient le consentement expr\u00e8s et sans \u00e9quivoque de son propri\u00e9taire, en incorporant des clauses de consentement \u00e9clair\u00e9 dans les diff\u00e9rents syst\u00e8mes de collecte d&rsquo;informations.<\/p>\n<p>&nbsp;<\/p>\n<p>Cependant, dans le cas o\u00f9 le consentement de l&rsquo;int\u00e9ress\u00e9 n&rsquo;est pas requis, la base l\u00e9gitimatrice du traitement couvert par TIMBRADOS VALENCIA, S.L. Il s&rsquo;agit de l&rsquo;existence d&rsquo;une relation contractuelle pour la gestion pr\u00e9alable d&rsquo;un service ou d&rsquo;un produit contract\u00e9, le d\u00e9veloppement de l&rsquo;ex\u00e9cution d&rsquo;un contrat ou la gestion ult\u00e9rieure d\u00e9riv\u00e9e desdites op\u00e9rations. Soit, dans le respect des obligations l\u00e9gales et r\u00e9glementaires (Loi G\u00e9n\u00e9rale pour la D\u00e9fense des Consommateurs et Utilisateurs, Loi G\u00e9n\u00e9rale des Imp\u00f4ts, Loi Fiscalit\u00e9 des Soci\u00e9t\u00e9s, Loi Contr\u00f4le des Comptes, Loi Taxe sur la Valeur Ajout\u00e9e, Code Civil, Code du commerce).<\/p>\n<p>&nbsp;<\/p>\n<p><em>Destinataires<\/em><\/p>\n<p>&nbsp;<\/p>\n<p>En r\u00e8gle g\u00e9n\u00e9rale, TIMBRADOS VALENCIA, S.L. ne proc\u00e8de pas au transfert ou \u00e0 la communication des donn\u00e9es \u00e0 des tiers, \u00e0 l&rsquo;exception de ceux l\u00e9galement requis, cependant, si n\u00e9cessaire, lesdits transferts ou communications de donn\u00e9es sont inform\u00e9s \u00e0 l&rsquo;int\u00e9ress\u00e9 par le biais des clauses de consentement \u00e9clair\u00e9 contenues dans les diff\u00e9rents modes de collecte de donn\u00e9es personnelles .<\/p>\n<p>&nbsp;<\/p>\n<p><em>Origine<\/em><\/p>\n<p>&nbsp;<\/p>\n<p>En r\u00e8gle g\u00e9n\u00e9rale, les donn\u00e9es personnelles sont toujours collect\u00e9es directement aupr\u00e8s de l&rsquo;int\u00e9ress\u00e9, cependant, dans certaines exceptions, les donn\u00e9es peuvent \u00eatre collect\u00e9es par l&rsquo;interm\u00e9diaire de tiers, d&rsquo;entit\u00e9s ou de services autres que l&rsquo;int\u00e9ress\u00e9. En ce sens, cet extr\u00eame sera transf\u00e9r\u00e9 \u00e0 l&rsquo;int\u00e9ress\u00e9 \u00e0 travers les clauses de consentement \u00e9clair\u00e9 contenues dans les diff\u00e9rents modes de collecte d&rsquo;informations et dans un d\u00e9lai raisonnable, une fois les donn\u00e9es obtenues, et au plus tard dans un d\u00e9lai d&rsquo;un mois.<\/p>\n<p>&nbsp;<\/p>\n<p><em>P\u00e9riodes de conservation<\/em><\/p>\n<p>&nbsp;<\/p>\n<p>Les informations collect\u00e9es aupr\u00e8s de l&rsquo;int\u00e9ress\u00e9 seront conserv\u00e9es aussi longtemps que n\u00e9cessaire pour atteindre l&rsquo;objectif pour lequel les donn\u00e9es personnelles ont \u00e9t\u00e9 collect\u00e9es, de sorte qu&rsquo;une fois l&rsquo;objectif atteint, les donn\u00e9es seront supprim\u00e9es. Cette annulation entra\u00eenera le blocage des donn\u00e9es, en les gardant uniquement \u00e0 la disposition des administrations publiques, des juges et des tribunaux, pour faire face aux \u00e9ventuelles responsabilit\u00e9s d\u00e9coulant du traitement, pendant le d\u00e9lai de prescription de celles-ci, une fois le d\u00e9lai susmentionn\u00e9 expir\u00e9, les informations seront d\u00e9truites. .<\/p>\n<p>&nbsp;<\/p>\n<p>A titre indicatif, voici les modalit\u00e9s l\u00e9gales de conservation des informations relatives aux diff\u00e9rentes mati\u00e8res :<\/p>\n<p>&nbsp;<\/p>\n<table width=\"100%\">\n<tbody>\n<tr>\n<td width=\"199\">DOCUMENT<\/td>\n<td width=\"122\">TERME<\/td>\n<td width=\"246\">R\u00c9F. JURIDIQUE<\/td>\n<\/tr>\n<tr>\n<td width=\"199\">Documentation de nature professionnelle ou li\u00e9e \u00e0 la s\u00e9curit\u00e9 sociale<\/td>\n<td width=\"122\">4 ans<\/td>\n<td width=\"246\">Article 21 du d\u00e9cret l\u00e9gislatif royal 5\/2000, du 4 ao\u00fbt, qui approuve le texte consolid\u00e9 de la loi sur les infractions et les sanctions dans l&rsquo;ordre social<\/td>\n<\/tr>\n<tr>\n<td width=\"199\">Documentation comptable et fiscale \u00e0 des fins commerciales<\/td>\n<td width=\"122\">6 ans<\/td>\n<td width=\"246\">Art. 30 Code de commerce<\/td>\n<\/tr>\n<tr>\n<td width=\"199\">Documentation comptable et fiscale \u00e0 des fins fiscales<\/td>\n<td width=\"122\">4 ans<\/td>\n<td width=\"246\">Articles 66 \u00e0 70 du Code G\u00e9n\u00e9ral des Imp\u00f4ts<\/td>\n<\/tr>\n<tr>\n<td width=\"199\">Contr\u00f4le d&rsquo;acc\u00e8s aux b\u00e2timents<\/td>\n<td width=\"122\">1\u00a0mois<\/td>\n<td width=\"246\">Instruction AEPD 1\/1996<\/td>\n<\/tr>\n<tr>\n<td width=\"199\">Vid\u00e9osurveillance<\/td>\n<td width=\"122\">1\u00a0mois<\/td>\n<td width=\"246\">Instruction 1\/2006 de l&rsquo;AEPD<\/p>\n<p>Loi Organique 4\/1997<\/td>\n<\/tr>\n<\/tbody>\n<\/table>\n<p><b><strong>Donn\u00e9es de navigation.<\/strong><\/b><\/p>\n<p>&nbsp;<\/p>\n<p>En ce qui concerne les donn\u00e9es de navigation pouvant \u00eatre trait\u00e9es via le site Web, dans le cas o\u00f9 des donn\u00e9es soumises \u00e0 la r\u00e9glementation seraient collect\u00e9es, il est recommand\u00e9 de consulter la politique de cookies publi\u00e9e sur notre site Web.<\/p>\n<p>&nbsp;<\/p>\n<p><b><strong>Droits des parties int\u00e9ress\u00e9es.<\/strong><\/b><\/p>\n<p>&nbsp;<\/p>\n<p>La r\u00e9glementation sur la protection des donn\u00e9es accorde une s\u00e9rie de droits aux parties int\u00e9ress\u00e9es ou propri\u00e9taires des donn\u00e9es, utilisateurs du site Web ou utilisateurs des profils des r\u00e9seaux sociaux de TIMBRADOS VALENCIA, S.L.<\/p>\n<p>&nbsp;<\/p>\n<p>Ces droits qui accompagnent les personnes int\u00e9ress\u00e9es sont les suivants :<\/p>\n<p>&nbsp;<\/p>\n<p>&#8211; Droit d&rsquo;acc\u00e8s : droit d&rsquo;obtenir des informations sur si vos propres donn\u00e9es font l&rsquo;objet d&rsquo;un traitement, la finalit\u00e9 du traitement effectu\u00e9, les cat\u00e9gories de donn\u00e9es concern\u00e9es, les destinataires ou cat\u00e9gories de destinataires, la dur\u00e9e de conservation et l&rsquo;origine desdites donn\u00e9es .<\/p>\n<p>&nbsp;<\/p>\n<p>&#8211; Droit de rectification : droit d&rsquo;obtenir la rectification de donn\u00e9es personnelles inexactes ou incompl\u00e8tes.<\/p>\n<p>&nbsp;<\/p>\n<p>&#8211; Droit de suppression : droit d&rsquo;obtenir la suppression des donn\u00e9es dans les cas suivants :<\/p>\n<p style=\"padding-left: 40px;\">o Lorsque les donn\u00e9es ne sont plus n\u00e9cessaires au regard de la finalit\u00e9 pour laquelle elles ont \u00e9t\u00e9 collect\u00e9es<\/p>\n<p style=\"padding-left: 40px;\">ou Lorsque le propri\u00e9taire du m\u00eame retire son consentement<\/p>\n<p style=\"padding-left: 40px;\">o Lorsque l&rsquo;int\u00e9ress\u00e9 s&rsquo;oppose au traitement<\/p>\n<p style=\"padding-left: 40px;\">ou Quand ils doivent \u00eatre supprim\u00e9s conform\u00e9ment \u00e0 une obligation l\u00e9gale<\/p>\n<p style=\"padding-left: 40px;\">o Lorsque les donn\u00e9es ont \u00e9t\u00e9 obtenues en vertu d&rsquo;un service de la soci\u00e9t\u00e9 de l&rsquo;information fond\u00e9 sur les dispositions de l&rsquo;art. 8 par. 1 du r\u00e8glement europ\u00e9en sur la protection des donn\u00e9es.<\/p>\n<p>&nbsp;<\/p>\n<p>&#8211; Droit d&rsquo;opposition : droit de s&rsquo;opposer \u00e0 un certain traitement sur la base du consentement de l&rsquo;int\u00e9ress\u00e9.<\/p>\n<p>&nbsp;<\/p>\n<p>&#8211; Droit de limitation : droit d&rsquo;obtenir la limitation du traitement des donn\u00e9es lorsque l&rsquo;un des cas suivants se produit :<\/p>\n<p style=\"padding-left: 40px;\">o Lorsque l&rsquo;int\u00e9ress\u00e9 conteste l&rsquo;exactitude des donn\u00e9es personnelles, pendant une p\u00e9riode permettant \u00e0 l&rsquo;entreprise de v\u00e9rifier l&rsquo;exactitude de celles-ci.<\/p>\n<p style=\"padding-left: 40px;\">o Lorsque le traitement est ill\u00e9gal et que l&rsquo;int\u00e9ress\u00e9 s&rsquo;oppose \u00e0 la suppression des donn\u00e9es.<\/p>\n<p style=\"padding-left: 40px;\">ou Lorsque l&rsquo;entreprise n&rsquo;a plus besoin des donn\u00e9es aux fins pour lesquelles elles ont \u00e9t\u00e9 collect\u00e9es, mais que l&rsquo;int\u00e9ress\u00e9 en a besoin pour la formulation, l&rsquo;exercice ou la d\u00e9fense de r\u00e9clamations.&lt;\/ p &gt;<\/p>\n<p style=\"padding-left: 40px;\">o Lorsque l&rsquo;int\u00e9ress\u00e9 s&rsquo;est oppos\u00e9 au traitement en v\u00e9rifiant si les motifs l\u00e9gitimes de l&rsquo;entreprise pr\u00e9valent sur ceux de l&rsquo;int\u00e9ress\u00e9.<\/p>\n<p>&nbsp;<\/p>\n<p>&#8211; Droit \u00e0 la portabilit\u00e9 : droit d&rsquo;obtenir des donn\u00e9es dans un format structur\u00e9, couramment utilis\u00e9 et lisible par machine, et de les transmettre \u00e0 un autre responsable du traitement lorsque :<\/p>\n<p style=\"padding-left: 40px;\">o Le traitement est bas\u00e9 sur le consentement<\/p>\n<p style=\"padding-left: 40px;\">o Le traitement est effectu\u00e9 par des moyens automatis\u00e9s<\/p>\n<p>&nbsp;<\/p>\n<p>&#8211; Droit de d\u00e9poser une r\u00e9clamation aupr\u00e8s de l&rsquo;autorit\u00e9 de contr\u00f4le comp\u00e9tente<\/p>\n<p>&nbsp;<\/p>\n<p>Les parties int\u00e9ress\u00e9es peuvent exercer les droits indiqu\u00e9s en contactant TIMBRADOS VALENCIA, S.L., par \u00e9crit, envoy\u00e9 \u00e0 l&rsquo;adresse suivante : info@imcovel.com, en indiquant dans la ligne Objet le droit qu&rsquo;elles souhaitent exercer.<\/p>\n<p>&nbsp;<\/p>\n<p>En ce sens, TIMBRADOS VALENCIA, S.L. r\u00e9pondra \u00e0 votre demande dans les meilleurs d\u00e9lais et en tenant compte des d\u00e9lais pr\u00e9vus par la r\u00e9glementation sur la protection des donn\u00e9es.<\/p>\n<p>Dans tous les cas, vous pouvez demander la protection aupr\u00e8s de l&rsquo;Agence espagnole de protection des donn\u00e9es via son <a href=\"https:\/\/www.aepd.es\/en\">site Internet<\/a>.<\/p>\n<p>&nbsp;<\/p>\n<p><b><strong>S\u00e9curit\u00e9<\/strong><\/b><\/p>\n<p>&nbsp;<\/p>\n<p>Les mesures de s\u00e9curit\u00e9 adopt\u00e9es par TIMBRADOS VALENCIA, S.L. sont celles requises, conform\u00e9ment aux dispositions de l&rsquo;article 32 du RGPD. En ce sens, TIMBRADOS VALENCIA, S.L., compte tenu de l&rsquo;\u00e9tat de la technique, des co\u00fbts d&rsquo;application et de la nature, de la port\u00e9e, du contexte et des finalit\u00e9s du traitement, ainsi que des risques variables de probabilit\u00e9 et de gravit\u00e9 pour les droits et libert\u00e9s des personnes physiques, a mis en place les mesures techniques et organisationnelles appropri\u00e9es pour garantir le niveau de s\u00e9curit\u00e9 adapt\u00e9 au risque existant.<\/p>\n<p>&nbsp;<\/p>\n<p>Dans tous les cas, TIMBRADOS VALENCIA, S.L. a suffisamment de m\u00e9canismes en place pour :<\/p>\n<p>&nbsp;<\/p>\n<ol>\n<li style=\"list-style-type: aucun;\">\n<ol style=\"list-style: aucun;\">\n<li>a) Garantir la confidentialit\u00e9, l&rsquo;int\u00e9grit\u00e9, la disponibilit\u00e9 et la r\u00e9silience permanentes des syst\u00e8mes et services de traitement.<\/li>\n<li>b)\u00a0Restaurer rapidement la disponibilit\u00e9 et l&rsquo;acc\u00e8s aux donn\u00e9es personnelles en cas d&rsquo;incident physique ou technique.<\/li>\n<li>c)\u00a0V\u00e9rifier, \u00e9valuer et \u00e9valuer, de mani\u00e8re r\u00e9guli\u00e8re, l&rsquo;efficacit\u00e9 des mesures techniques et organisationnelles mises en \u0153uvre pour garantir la s\u00e9curit\u00e9 du traitement.<\/li>\n<li>d) Pseudonymiser et chiffrer les donn\u00e9es personnelles, le cas \u00e9ch\u00e9ant.<\/li>\n<\/ol>\n<\/li>\n<\/ol>\n<p>&nbsp;<\/p>\n<p>&nbsp;<\/p>\n<p>&nbsp;<\/p>\n","protected":false},"excerpt":{"rendered":"<p>POLITIQUE DE CONFIDENTIALIT\u00c9 &nbsp; Pr\u00e9sentation &nbsp; Cette politique de confidentialit\u00e9 a \u00e9t\u00e9 \u00e9labor\u00e9e en tenant compte des dispositions de la loi organique sur la protection des donn\u00e9es personnelles en vigueur, ainsi que du r\u00e8glement 2016\/679 du Parlement europ\u00e9en et du Conseil du 27 avril 2016&#8230;<\/p>\n","protected":false},"author":1,"featured_media":0,"parent":0,"menu_order":0,"comment_status":"closed","ping_status":"open","template":"","meta":{"_acf_changed":false,"footnotes":""},"class_list":["post-5879","page","type-page","status-publish","hentry"],"acf":[],"yoast_head":"<!-- This site is optimized with the Yoast SEO plugin v27.3 - https:\/\/yoast.com\/product\/yoast-seo-wordpress\/ -->\n<title>Politique de confidentialit\u00e9 - Imcovel Group<\/title>\n<meta name=\"robots\" content=\"index, follow, max-snippet:-1, max-image-preview:large, max-video-preview:-1\" \/>\n<link rel=\"canonical\" href=\"https:\/\/imcovel.com\/politica-de-privacidad\/\" \/>\n<meta property=\"og:locale\" content=\"fr_FR\" \/>\n<meta property=\"og:type\" content=\"article\" \/>\n<meta property=\"og:title\" content=\"Politique de confidentialit\u00e9 - Imcovel Group\" \/>\n<meta property=\"og:description\" content=\"POLITIQUE DE CONFIDENTIALIT\u00c9 &nbsp; Pr\u00e9sentation &nbsp; Cette politique de confidentialit\u00e9 a \u00e9t\u00e9 \u00e9labor\u00e9e en tenant compte des dispositions de la loi organique sur la protection des donn\u00e9es personnelles en vigueur, ainsi que du r\u00e8glement 2016\/679 du Parlement europ\u00e9en et du Conseil du 27 avril 2016...\" \/>\n<meta property=\"og:url\" content=\"https:\/\/imcovel.com\/politica-de-privacidad\/\" \/>\n<meta property=\"og:site_name\" content=\"Imcovel Group\" \/>\n<meta property=\"article:modified_time\" content=\"2024-10-22T11:05:21+00:00\" \/>\n<meta name=\"twitter:card\" content=\"summary_large_image\" \/>\n<meta name=\"twitter:label1\" content=\"Dur\u00e9e de lecture estim\u00e9e\" \/>\n\t<meta name=\"twitter:data1\" content=\"8 minutes\" \/>\n<script type=\"application\/ld+json\" class=\"yoast-schema-graph\">{\"@context\":\"https:\\\/\\\/schema.org\",\"@graph\":[{\"@type\":\"WebPage\",\"@id\":\"https:\\\/\\\/imcovel.com\\\/politica-de-privacidad\\\/\",\"url\":\"https:\\\/\\\/imcovel.com\\\/politica-de-privacidad\\\/\",\"name\":\"Politique de confidentialit\u00e9 - Imcovel Group\",\"isPartOf\":{\"@id\":\"https:\\\/\\\/imcovel.com\\\/#website\"},\"datePublished\":\"2022-05-26T07:23:15+00:00\",\"dateModified\":\"2024-10-22T11:05:21+00:00\",\"breadcrumb\":{\"@id\":\"https:\\\/\\\/imcovel.com\\\/politica-de-privacidad\\\/#breadcrumb\"},\"inLanguage\":\"fr-FR\",\"potentialAction\":[{\"@type\":\"ReadAction\",\"target\":[\"https:\\\/\\\/imcovel.com\\\/politica-de-privacidad\\\/\"]}]},{\"@type\":\"BreadcrumbList\",\"@id\":\"https:\\\/\\\/imcovel.com\\\/politica-de-privacidad\\\/#breadcrumb\",\"itemListElement\":[{\"@type\":\"ListItem\",\"position\":1,\"name\":\"Accueil\",\"item\":\"https:\\\/\\\/imcovel.com\\\/fr\\\/\"},{\"@type\":\"ListItem\",\"position\":2,\"name\":\"Politique de confidentialit\u00e9\"}]},{\"@type\":\"WebSite\",\"@id\":\"https:\\\/\\\/imcovel.com\\\/#website\",\"url\":\"https:\\\/\\\/imcovel.com\\\/\",\"name\":\"Imcovel Group\",\"description\":\"Fabrica de Papel\",\"publisher\":{\"@id\":\"https:\\\/\\\/imcovel.com\\\/#organization\"},\"potentialAction\":[{\"@type\":\"SearchAction\",\"target\":{\"@type\":\"EntryPoint\",\"urlTemplate\":\"https:\\\/\\\/imcovel.com\\\/?s={search_term_string}\"},\"query-input\":{\"@type\":\"PropertyValueSpecification\",\"valueRequired\":true,\"valueName\":\"search_term_string\"}}],\"inLanguage\":\"fr-FR\"},{\"@type\":\"Organization\",\"@id\":\"https:\\\/\\\/imcovel.com\\\/#organization\",\"name\":\"Imcovel Group\",\"url\":\"https:\\\/\\\/imcovel.com\\\/\",\"logo\":{\"@type\":\"ImageObject\",\"inLanguage\":\"fr-FR\",\"@id\":\"https:\\\/\\\/imcovel.com\\\/#\\\/schema\\\/logo\\\/image\\\/\",\"url\":\"\",\"contentUrl\":\"\",\"caption\":\"Imcovel Group\"},\"image\":{\"@id\":\"https:\\\/\\\/imcovel.com\\\/#\\\/schema\\\/logo\\\/image\\\/\"}}]}<\/script>\n<!-- \/ Yoast SEO plugin. -->","yoast_head_json":{"title":"Politique de confidentialit\u00e9 - Imcovel Group","robots":{"index":"index","follow":"follow","max-snippet":"max-snippet:-1","max-image-preview":"max-image-preview:large","max-video-preview":"max-video-preview:-1"},"canonical":"https:\/\/imcovel.com\/politica-de-privacidad\/","og_locale":"fr_FR","og_type":"article","og_title":"Politique de confidentialit\u00e9 - Imcovel Group","og_description":"POLITIQUE DE CONFIDENTIALIT\u00c9 &nbsp; Pr\u00e9sentation &nbsp; Cette politique de confidentialit\u00e9 a \u00e9t\u00e9 \u00e9labor\u00e9e en tenant compte des dispositions de la loi organique sur la protection des donn\u00e9es personnelles en vigueur, ainsi que du r\u00e8glement 2016\/679 du Parlement europ\u00e9en et du Conseil du 27 avril 2016...","og_url":"https:\/\/imcovel.com\/politica-de-privacidad\/","og_site_name":"Imcovel Group","article_modified_time":"2024-10-22T11:05:21+00:00","twitter_card":"summary_large_image","twitter_misc":{"Dur\u00e9e de lecture estim\u00e9e":"8 minutes"},"schema":{"@context":"https:\/\/schema.org","@graph":[{"@type":"WebPage","@id":"https:\/\/imcovel.com\/politica-de-privacidad\/","url":"https:\/\/imcovel.com\/politica-de-privacidad\/","name":"Politique de confidentialit\u00e9 - Imcovel Group","isPartOf":{"@id":"https:\/\/imcovel.com\/#website"},"datePublished":"2022-05-26T07:23:15+00:00","dateModified":"2024-10-22T11:05:21+00:00","breadcrumb":{"@id":"https:\/\/imcovel.com\/politica-de-privacidad\/#breadcrumb"},"inLanguage":"fr-FR","potentialAction":[{"@type":"ReadAction","target":["https:\/\/imcovel.com\/politica-de-privacidad\/"]}]},{"@type":"BreadcrumbList","@id":"https:\/\/imcovel.com\/politica-de-privacidad\/#breadcrumb","itemListElement":[{"@type":"ListItem","position":1,"name":"Accueil","item":"https:\/\/imcovel.com\/fr\/"},{"@type":"ListItem","position":2,"name":"Politique de confidentialit\u00e9"}]},{"@type":"WebSite","@id":"https:\/\/imcovel.com\/#website","url":"https:\/\/imcovel.com\/","name":"Imcovel Group","description":"Fabrica de Papel","publisher":{"@id":"https:\/\/imcovel.com\/#organization"},"potentialAction":[{"@type":"SearchAction","target":{"@type":"EntryPoint","urlTemplate":"https:\/\/imcovel.com\/?s={search_term_string}"},"query-input":{"@type":"PropertyValueSpecification","valueRequired":true,"valueName":"search_term_string"}}],"inLanguage":"fr-FR"},{"@type":"Organization","@id":"https:\/\/imcovel.com\/#organization","name":"Imcovel Group","url":"https:\/\/imcovel.com\/","logo":{"@type":"ImageObject","inLanguage":"fr-FR","@id":"https:\/\/imcovel.com\/#\/schema\/logo\/image\/","url":"","contentUrl":"","caption":"Imcovel Group"},"image":{"@id":"https:\/\/imcovel.com\/#\/schema\/logo\/image\/"}}]}},"_links":{"self":[{"href":"https:\/\/imcovel.com\/fr\/wp-json\/wp\/v2\/pages\/5879","targetHints":{"allow":["GET"]}}],"collection":[{"href":"https:\/\/imcovel.com\/fr\/wp-json\/wp\/v2\/pages"}],"about":[{"href":"https:\/\/imcovel.com\/fr\/wp-json\/wp\/v2\/types\/page"}],"author":[{"embeddable":true,"href":"https:\/\/imcovel.com\/fr\/wp-json\/wp\/v2\/users\/1"}],"replies":[{"embeddable":true,"href":"https:\/\/imcovel.com\/fr\/wp-json\/wp\/v2\/comments?post=5879"}],"version-history":[{"count":5,"href":"https:\/\/imcovel.com\/fr\/wp-json\/wp\/v2\/pages\/5879\/revisions"}],"predecessor-version":[{"id":13692,"href":"https:\/\/imcovel.com\/fr\/wp-json\/wp\/v2\/pages\/5879\/revisions\/13692"}],"wp:attachment":[{"href":"https:\/\/imcovel.com\/fr\/wp-json\/wp\/v2\/media?parent=5879"}],"curies":[{"name":"wp","href":"https:\/\/api.w.org\/{rel}","templated":true}]}}