{"id":5884,"date":"2020-06-15T11:55:53","date_gmt":"2020-06-15T09:55:53","guid":{"rendered":"https:\/\/imcovel.com\/contacto\/"},"modified":"2024-04-25T16:50:31","modified_gmt":"2024-04-25T14:50:31","slug":"contact","status":"publish","type":"page","link":"https:\/\/imcovel.com\/fr\/contact\/","title":{"rendered":"Contact"},"content":{"rendered":"\t\t<div data-elementor-type=\"wp-page\" data-elementor-id=\"5884\" class=\"elementor elementor-5884 elementor-204\" data-elementor-post-type=\"page\">\n\t\t\t\t\t\t<section class=\"elementor-section elementor-top-section elementor-element elementor-element-94b2a45 elementor-section-boxed elementor-section-height-default elementor-section-height-default parallax_section_no qode_elementor_container_no\" data-id=\"94b2a45\" data-element_type=\"section\" data-e-type=\"section\">\n\t\t\t\t\t\t<div class=\"elementor-container elementor-column-gap-default\">\n\t\t\t\t\t<div class=\"elementor-column elementor-col-66 elementor-top-column elementor-element elementor-element-21e3ec4\" data-id=\"21e3ec4\" data-element_type=\"column\" data-e-type=\"column\">\n\t\t\t<div class=\"elementor-widget-wrap elementor-element-populated\">\n\t\t\t\t\t\t<div class=\"elementor-element elementor-element-0bc00a3 elementor-widget elementor-widget-bridge_cf_7\" data-id=\"0bc00a3\" data-element_type=\"widget\" data-e-type=\"widget\" data-widget_type=\"bridge_cf_7.default\">\n\t\t\t\t<div class=\"elementor-widget-container\">\n\t\t\t\t\t    <div class=\"qode-contact-form-7 qode-contact-form-7-0\">\n    \n<div class=\"wpcf7 no-js\" id=\"wpcf7-f6224-o1\" lang=\"en-US\" dir=\"ltr\" data-wpcf7-id=\"6224\">\n<div class=\"screen-reader-response\"><p role=\"status\" aria-live=\"polite\" aria-atomic=\"true\"><\/p> <ul><\/ul><\/div>\n<form action=\"\/fr\/wp-json\/wp\/v2\/pages\/5884#wpcf7-f6224-o1\" method=\"post\" class=\"wpcf7-form init cf7_custom_style_1\" aria-label=\"Contact form\" novalidate=\"novalidate\" data-status=\"init\">\n<fieldset class=\"hidden-fields-container\"><input type=\"hidden\" name=\"_wpcf7\" value=\"6224\" \/><input type=\"hidden\" name=\"_wpcf7_version\" value=\"6.1.5\" \/><input type=\"hidden\" name=\"_wpcf7_locale\" value=\"en_US\" \/><input type=\"hidden\" name=\"_wpcf7_unit_tag\" value=\"wpcf7-f6224-o1\" \/><input type=\"hidden\" name=\"_wpcf7_container_post\" value=\"0\" \/><input type=\"hidden\" name=\"_wpcf7_posted_data_hash\" value=\"\" \/><input type=\"hidden\" name=\"_wpcf7_recaptcha_response\" value=\"\" \/>\n<\/fieldset>\n<p><label> Nom<br \/>\n<span class=\"wpcf7-form-control-wrap\" data-name=\"your-name\"><input size=\"40\" maxlength=\"400\" class=\"wpcf7-form-control wpcf7-text wpcf7-validates-as-required\" aria-required=\"true\" aria-invalid=\"false\" value=\"\" type=\"text\" name=\"your-name\" \/><\/span> <\/label>\n<\/p>\n<p><label> Entreprise<br \/>\n<span class=\"wpcf7-form-control-wrap\" data-name=\"empresa\"><input size=\"40\" maxlength=\"400\" class=\"wpcf7-form-control wpcf7-text wpcf7-validates-as-required\" aria-required=\"true\" aria-invalid=\"false\" value=\"\" type=\"text\" name=\"empresa\" \/><\/span> <\/label>\n<\/p>\n<p><label> Ville<br \/>\n<span class=\"wpcf7-form-control-wrap\" data-name=\"cuidad\"><input size=\"40\" maxlength=\"400\" class=\"wpcf7-form-control wpcf7-text wpcf7-validates-as-required\" aria-required=\"true\" aria-invalid=\"false\" value=\"\" type=\"text\" name=\"cuidad\" \/><\/span> <\/label>\n<\/p>\n<p><label> Pays<br \/>\n<span class=\"wpcf7-form-control-wrap\" data-name=\"pais\"><input size=\"40\" maxlength=\"400\" class=\"wpcf7-form-control wpcf7-text wpcf7-validates-as-required\" aria-required=\"true\" aria-invalid=\"false\" value=\"\" type=\"text\" name=\"pais\" \/><\/span> <\/label>\n<\/p>\n<p><label> Courrier \u00e9lectronique<br \/>\n<span class=\"wpcf7-form-control-wrap\" data-name=\"your-email\"><input size=\"40\" maxlength=\"400\" class=\"wpcf7-form-control wpcf7-email wpcf7-validates-as-required wpcf7-text wpcf7-validates-as-email\" aria-required=\"true\" aria-invalid=\"false\" value=\"\" type=\"email\" name=\"your-email\" \/><\/span> <\/label>\n<\/p>\n<p><label> T\u00e9l\u00e9phone<br \/>\n<span class=\"wpcf7-form-control-wrap\" data-name=\"telefono\"><input size=\"40\" maxlength=\"400\" class=\"wpcf7-form-control wpcf7-tel wpcf7-validates-as-required wpcf7-text wpcf7-validates-as-tel\" aria-required=\"true\" aria-invalid=\"false\" value=\"\" type=\"tel\" name=\"telefono\" \/><\/span><\/label>\n<\/p>\n<p><label> Affaire<br \/>\n<span class=\"wpcf7-form-control-wrap\" data-name=\"your-subject\"><input size=\"40\" maxlength=\"400\" class=\"wpcf7-form-control wpcf7-text wpcf7-validates-as-required\" aria-required=\"true\" aria-invalid=\"false\" value=\"\" type=\"text\" name=\"your-subject\" \/><\/span> <\/label>\n<\/p>\n<p><label> Votre message (facultatif)<br \/>\n<span class=\"wpcf7-form-control-wrap\" data-name=\"your-message\"><textarea cols=\"40\" rows=\"10\" maxlength=\"2000\" class=\"wpcf7-form-control wpcf7-textarea\" aria-invalid=\"false\" name=\"your-message\"><\/textarea><\/span> <\/label>\n<\/p>\n<p>Conform\u00e9ment \u00e0 la r\u00e9glementation en vigueur sur la protection des donn\u00e9es, nous vous informons que le responsable de vos donn\u00e9es personnelles est TIMBRADOS VALENCIA SL et qu'il les utilisera dans le but de r\u00e9pondre aux demandes d'informations re\u00e7ues. Ce traitement est bas\u00e9 sur le consentement de l'int\u00e9ress\u00e9. Aucun transfert de vos donn\u00e9es \u00e0 des tiers n'est pr\u00e9vu. Vous pouvez acc\u00e9der, rectifier et supprimer les donn\u00e9es, ainsi que d'autres droits qui vous assistent en mati\u00e8re de protection des donn\u00e9es via info@imcovel.es. Vous pouvez obtenir des informations suppl\u00e9mentaires sur la protection des donn\u00e9es en les demandant \u00e0 notre organisation.\n<\/p>\n<p><span class=\"wpcf7-form-control-wrap\" data-name=\"acceptance-473\"><span class=\"wpcf7-form-control wpcf7-acceptance\"><span class=\"wpcf7-list-item\"><input type=\"checkbox\" name=\"acceptance-473\" value=\"1\" aria-invalid=\"false\" \/><\/span><\/span><\/span> J'ai lu et accepte le <a href=\"\/fr\/politique-de-confidentialite\/\">politique de confidentialite<\/a>\n<\/p>\n<p><input class=\"wpcf7-form-control wpcf7-submit has-spinner\" type=\"submit\" value=\"Envoyer\" \/>\n<\/p><div class=\"wpcf7-response-output\" aria-hidden=\"true\"><\/div>\n<\/form>\n<\/div>\n    <\/div>\n\t\t\t\t<\/div>\n\t\t\t\t<\/div>\n\t\t\t\t\t<\/div>\n\t\t<\/div>\n\t\t\t\t<div class=\"elementor-column elementor-col-33 elementor-top-column elementor-element elementor-element-f5d5c88\" data-id=\"f5d5c88\" data-element_type=\"column\" data-e-type=\"column\">\n\t\t\t<div class=\"elementor-widget-wrap elementor-element-populated\">\n\t\t\t\t\t\t<div class=\"elementor-element elementor-element-8893329 elementor-widget elementor-widget-text-editor\" data-id=\"8893329\" data-element_type=\"widget\" data-e-type=\"widget\" data-widget_type=\"text-editor.default\">\n\t\t\t\t<div class=\"elementor-widget-container\">\n\t\t\t\t\t\t\t\t\t<address style=\"margin-bottom: 20px; font-style: normal; line-height: 1.42857; font-size: 14px; color: #333333; font-family: 'Open Sans', sans-serif; background-color: #ffffff;\">\n<h5 style=\"font-weight: bold; line-height: 18px; color: #475155; margin-bottom: 14px; font-size: 0.8125rem; letter-spacing: normal; text-transform: uppercase;\">\u00a0<i class=\"fa fa-map-marker\" aria-hidden=\"true\"><\/i> ADRESSE<\/h5>\nPouet de la Granota s\/n\nPol. Ind. Ribarroja Sector 14\n46190\u00a0Ribarroja del T\u00faria,\u00a0Valencia (Espagne)\n\n<hr style=\"box-sizing: content-box; height: 1px; margin-top: 22px; margin-bottom: 22px; background-image: linear-gradient(to right, transparent, rgba(0, 0, 0, 0.2), transparent); border: none !important;\" \/>\n\n<div>\n<h5 style=\"font-weight: bold; line-height: 18px; color: #475155; margin-bottom: 14px; font-size: 0.8125rem; letter-spacing: normal; text-transform: uppercase;\">\u00a0<i class=\"fa fa-compass\" aria-hidden=\"true\"><\/i> GPS<\/h5>\n39\u00ba 28&prime; 18\u00a0\u00bbN\n0\u00ba 32&prime; 28\u00a0\u00bb O\n\n<\/div>\n<\/address>\n\n<hr style=\"box-sizing: content-box; height: 1px; margin-top: 22px; margin-bottom: 22px; background-image: linear-gradient(to right, transparent, rgba(0, 0, 0, 0.2), transparent); color: #333333; font-family: 'Open Sans', sans-serif; background-color: #ffffff; border: none !important;\" \/>\n\n<h5 style=\"font-weight: bold; line-height: 18px; color: #475155; margin-bottom: 14px; font-size: 0.8125rem; letter-spacing: normal; text-transform: uppercase; background-color: #ffffff;\">\u00a0<i class=\"fa fa-phone\" aria-hidden=\"true\"><\/i> TEL:\u00a0<span style=\"color: #a96760;\">+34 96 166 64 09<\/span><\/h5>\n<h5 style=\"font-weight: bold; line-height: 18px; color: #475155; margin-bottom: 14px; font-size: 0.8125rem; letter-spacing: normal; text-transform: uppercase; background-color: #ffffff;\"><i class=\"fa fa-phone\" aria-hidden=\"true\"><\/i>\u00a0TEL: <span style=\"color: #a96760;\">902 11 14 16<\/span><\/h5>\n<h5 style=\"font-weight: bold; line-height: 18px; color: #475155; margin-bottom: 14px; font-size: 0.8125rem; letter-spacing: normal; text-transform: uppercase; background-color: #ffffff;\"><i class=\"fa fa-fax\" aria-hidden=\"true\"><\/i> \u00a0FAX:\u00a0<span style=\"color: #a96760;\">+34 961 66 57 20<\/span><\/h5>\n<h5 style=\"font-weight: bold; line-height: 18px; color: #475155; margin-bottom: 14px; font-size: 0.8125rem; letter-spacing: normal; text-transform: uppercase; background-color: #ffffff;\"><i class=\"fa fa-envelope-o\" aria-hidden=\"true\"><\/i> \u00a0EMAIL:\u00a0<a style=\"background-position: initial; color: #a96760; outline-style: none !important; outline-width: initial !important; font-size: 14px;\" href=\"mailto:info@imcovel.com\">INFO@IMCOVEL.COM<\/a><\/h5>\n<div>\n\n<hr style=\"box-sizing: content-box; height: 1px; margin-top: 22px; margin-bottom: 22px; background-image: linear-gradient(to right, transparent, rgba(0, 0, 0, 0.2), transparent); color: #333333; font-family: 'Open Sans', sans-serif; background-color: #ffffff; border: none !important;\" \/>\n\n<\/div>\t\t\t\t\t\t\t\t<\/div>\n\t\t\t\t<\/div>\n\t\t\t\t\t<\/div>\n\t\t<\/div>\n\t\t\t\t\t<\/div>\n\t\t<\/section>\n\t\t\t\t<\/div>\n\t\t","protected":false},"excerpt":{"rendered":"<p>Nom Entreprise Ville Pays Courrier \u00e9lectronique T\u00e9l\u00e9phone Affaire Votre message (facultatif) J&rsquo;ai lu et accepte le politique de confidentialite \u00a0 ADRESSE Pouet de la Granota s\/n Pol. Ind. Ribarroja Sector 14 46190\u00a0Ribarroja del T\u00faria,\u00a0Valencia (Espagne) \u00a0 GPS 39\u00ba 28&prime; 18\u00a0\u00bbN 0\u00ba 32&prime; 28\u00a0\u00bb O \u00a0&#8230;<\/p>\n","protected":false},"author":1,"featured_media":0,"parent":0,"menu_order":0,"comment_status":"closed","ping_status":"closed","template":"full_width.php","meta":{"_acf_changed":false,"footnotes":""},"class_list":["post-5884","page","type-page","status-publish","hentry"],"acf":[],"yoast_head":"<!-- This site is optimized with the Yoast SEO plugin v27.3 - https:\/\/yoast.com\/product\/yoast-seo-wordpress\/ -->\n<title>Contact - Imcovel Group<\/title>\n<meta name=\"robots\" content=\"index, follow, max-snippet:-1, max-image-preview:large, max-video-preview:-1\" \/>\n<link rel=\"canonical\" href=\"https:\/\/imcovel.com\/contacto\/\" \/>\n<meta property=\"og:locale\" content=\"fr_FR\" \/>\n<meta property=\"og:type\" content=\"article\" \/>\n<meta property=\"og:title\" content=\"Contact - Imcovel Group\" \/>\n<meta property=\"og:description\" content=\"Nom Entreprise Ville Pays Courrier \u00e9lectronique T\u00e9l\u00e9phone Affaire Votre message (facultatif) J&rsquo;ai lu et accepte le politique de confidentialite \u00a0 ADRESSE Pouet de la Granota s\/n Pol. Ind. Ribarroja Sector 14 46190\u00a0Ribarroja del T\u00faria,\u00a0Valencia (Espagne) \u00a0 GPS 39\u00ba 28&prime; 18\u00a0\u00bbN 0\u00ba 32&prime; 28\u00a0\u00bb O \u00a0...\" \/>\n<meta property=\"og:url\" content=\"https:\/\/imcovel.com\/contacto\/\" \/>\n<meta property=\"og:site_name\" content=\"Imcovel Group\" \/>\n<meta property=\"article:modified_time\" content=\"2024-04-25T14:50:31+00:00\" \/>\n<meta name=\"twitter:card\" content=\"summary_large_image\" \/>\n<meta name=\"twitter:label1\" content=\"Dur\u00e9e de lecture estim\u00e9e\" \/>\n\t<meta name=\"twitter:data1\" content=\"1 minute\" \/>\n<script type=\"application\/ld+json\" class=\"yoast-schema-graph\">{\"@context\":\"https:\\\/\\\/schema.org\",\"@graph\":[{\"@type\":\"WebPage\",\"@id\":\"https:\\\/\\\/imcovel.com\\\/contacto\\\/\",\"url\":\"https:\\\/\\\/imcovel.com\\\/contacto\\\/\",\"name\":\"Contact - Imcovel Group\",\"isPartOf\":{\"@id\":\"https:\\\/\\\/imcovel.com\\\/#website\"},\"datePublished\":\"2020-06-15T09:55:53+00:00\",\"dateModified\":\"2024-04-25T14:50:31+00:00\",\"breadcrumb\":{\"@id\":\"https:\\\/\\\/imcovel.com\\\/contacto\\\/#breadcrumb\"},\"inLanguage\":\"fr-FR\",\"potentialAction\":[{\"@type\":\"ReadAction\",\"target\":[\"https:\\\/\\\/imcovel.com\\\/contacto\\\/\"]}]},{\"@type\":\"BreadcrumbList\",\"@id\":\"https:\\\/\\\/imcovel.com\\\/contacto\\\/#breadcrumb\",\"itemListElement\":[{\"@type\":\"ListItem\",\"position\":1,\"name\":\"Accueil\",\"item\":\"https:\\\/\\\/imcovel.com\\\/fr\\\/\"},{\"@type\":\"ListItem\",\"position\":2,\"name\":\"Contact\"}]},{\"@type\":\"WebSite\",\"@id\":\"https:\\\/\\\/imcovel.com\\\/#website\",\"url\":\"https:\\\/\\\/imcovel.com\\\/\",\"name\":\"Imcovel Group\",\"description\":\"Fabrica de Papel\",\"publisher\":{\"@id\":\"https:\\\/\\\/imcovel.com\\\/#organization\"},\"potentialAction\":[{\"@type\":\"SearchAction\",\"target\":{\"@type\":\"EntryPoint\",\"urlTemplate\":\"https:\\\/\\\/imcovel.com\\\/?s={search_term_string}\"},\"query-input\":{\"@type\":\"PropertyValueSpecification\",\"valueRequired\":true,\"valueName\":\"search_term_string\"}}],\"inLanguage\":\"fr-FR\"},{\"@type\":\"Organization\",\"@id\":\"https:\\\/\\\/imcovel.com\\\/#organization\",\"name\":\"Imcovel Group\",\"url\":\"https:\\\/\\\/imcovel.com\\\/\",\"logo\":{\"@type\":\"ImageObject\",\"inLanguage\":\"fr-FR\",\"@id\":\"https:\\\/\\\/imcovel.com\\\/#\\\/schema\\\/logo\\\/image\\\/\",\"url\":\"\",\"contentUrl\":\"\",\"caption\":\"Imcovel Group\"},\"image\":{\"@id\":\"https:\\\/\\\/imcovel.com\\\/#\\\/schema\\\/logo\\\/image\\\/\"}}]}<\/script>\n<!-- \/ Yoast SEO plugin. -->","yoast_head_json":{"title":"Contact - Imcovel Group","robots":{"index":"index","follow":"follow","max-snippet":"max-snippet:-1","max-image-preview":"max-image-preview:large","max-video-preview":"max-video-preview:-1"},"canonical":"https:\/\/imcovel.com\/contacto\/","og_locale":"fr_FR","og_type":"article","og_title":"Contact - Imcovel Group","og_description":"Nom Entreprise Ville Pays Courrier \u00e9lectronique T\u00e9l\u00e9phone Affaire Votre message (facultatif) J&rsquo;ai lu et accepte le politique de confidentialite \u00a0 ADRESSE Pouet de la Granota s\/n Pol. Ind. Ribarroja Sector 14 46190\u00a0Ribarroja del T\u00faria,\u00a0Valencia (Espagne) \u00a0 GPS 39\u00ba 28&prime; 18\u00a0\u00bbN 0\u00ba 32&prime; 28\u00a0\u00bb O \u00a0...","og_url":"https:\/\/imcovel.com\/contacto\/","og_site_name":"Imcovel Group","article_modified_time":"2024-04-25T14:50:31+00:00","twitter_card":"summary_large_image","twitter_misc":{"Dur\u00e9e de lecture estim\u00e9e":"1 minute"},"schema":{"@context":"https:\/\/schema.org","@graph":[{"@type":"WebPage","@id":"https:\/\/imcovel.com\/contacto\/","url":"https:\/\/imcovel.com\/contacto\/","name":"Contact - Imcovel Group","isPartOf":{"@id":"https:\/\/imcovel.com\/#website"},"datePublished":"2020-06-15T09:55:53+00:00","dateModified":"2024-04-25T14:50:31+00:00","breadcrumb":{"@id":"https:\/\/imcovel.com\/contacto\/#breadcrumb"},"inLanguage":"fr-FR","potentialAction":[{"@type":"ReadAction","target":["https:\/\/imcovel.com\/contacto\/"]}]},{"@type":"BreadcrumbList","@id":"https:\/\/imcovel.com\/contacto\/#breadcrumb","itemListElement":[{"@type":"ListItem","position":1,"name":"Accueil","item":"https:\/\/imcovel.com\/fr\/"},{"@type":"ListItem","position":2,"name":"Contact"}]},{"@type":"WebSite","@id":"https:\/\/imcovel.com\/#website","url":"https:\/\/imcovel.com\/","name":"Imcovel Group","description":"Fabrica de Papel","publisher":{"@id":"https:\/\/imcovel.com\/#organization"},"potentialAction":[{"@type":"SearchAction","target":{"@type":"EntryPoint","urlTemplate":"https:\/\/imcovel.com\/?s={search_term_string}"},"query-input":{"@type":"PropertyValueSpecification","valueRequired":true,"valueName":"search_term_string"}}],"inLanguage":"fr-FR"},{"@type":"Organization","@id":"https:\/\/imcovel.com\/#organization","name":"Imcovel Group","url":"https:\/\/imcovel.com\/","logo":{"@type":"ImageObject","inLanguage":"fr-FR","@id":"https:\/\/imcovel.com\/#\/schema\/logo\/image\/","url":"","contentUrl":"","caption":"Imcovel Group"},"image":{"@id":"https:\/\/imcovel.com\/#\/schema\/logo\/image\/"}}]}},"_links":{"self":[{"href":"https:\/\/imcovel.com\/fr\/wp-json\/wp\/v2\/pages\/5884","targetHints":{"allow":["GET"]}}],"collection":[{"href":"https:\/\/imcovel.com\/fr\/wp-json\/wp\/v2\/pages"}],"about":[{"href":"https:\/\/imcovel.com\/fr\/wp-json\/wp\/v2\/types\/page"}],"author":[{"embeddable":true,"href":"https:\/\/imcovel.com\/fr\/wp-json\/wp\/v2\/users\/1"}],"replies":[{"embeddable":true,"href":"https:\/\/imcovel.com\/fr\/wp-json\/wp\/v2\/comments?post=5884"}],"version-history":[{"count":19,"href":"https:\/\/imcovel.com\/fr\/wp-json\/wp\/v2\/pages\/5884\/revisions"}],"predecessor-version":[{"id":10179,"href":"https:\/\/imcovel.com\/fr\/wp-json\/wp\/v2\/pages\/5884\/revisions\/10179"}],"wp:attachment":[{"href":"https:\/\/imcovel.com\/fr\/wp-json\/wp\/v2\/media?parent=5884"}],"curies":[{"name":"wp","href":"https:\/\/api.w.org\/{rel}","templated":true}]}}