{"id":5887,"date":"2020-06-15T11:47:14","date_gmt":"2020-06-15T09:47:14","guid":{"rendered":"https:\/\/imcovel.com\/productos\/"},"modified":"2024-04-24T16:47:44","modified_gmt":"2024-04-24T14:47:44","slug":"produits","status":"publish","type":"page","link":"https:\/\/imcovel.com\/fr\/produits\/","title":{"rendered":"Produits"},"content":{"rendered":"\t\t<div data-elementor-type=\"wp-page\" data-elementor-id=\"5887\" class=\"elementor elementor-5887 elementor-200\" data-elementor-post-type=\"page\">\n\t\t\t\t\t\t<section class=\"elementor-section elementor-top-section elementor-element elementor-element-01e9cb6 elementor-section-full_width qode_elementor_container_inner elementor-section-height-default elementor-section-height-default parallax_section_no\" data-id=\"01e9cb6\" data-element_type=\"section\" data-e-type=\"section\">\n\t\t\t\t\t\t<div class=\"elementor-container elementor-column-gap-wider\">\n\t\t\t\t\t<div class=\"make-column-clickable-elementor elementor-column elementor-col-50 elementor-top-column elementor-element elementor-element-d09094f contenedor-categoria animated-fast elementor-invisible\" style=\"cursor: pointer;\" data-column-clickable=\"\/fr\/categorie-produit\/bobines-rames-feuilles-papier-commerce-alimentation\/\" data-column-clickable-blank=\"_self\" data-id=\"d09094f\" data-element_type=\"column\" data-e-type=\"column\" data-settings=\"{&quot;background_background&quot;:&quot;classic&quot;,&quot;animation&quot;:&quot;fadeInDown&quot;}\">\n\t\t\t<div class=\"elementor-widget-wrap elementor-element-populated\">\n\t\t\t\t\t<div class=\"elementor-background-overlay\"><\/div>\n\t\t\t\t\t\t<div class=\"elementor-element elementor-element-3d6859d elementor-widget elementor-widget-heading\" data-id=\"3d6859d\" data-element_type=\"widget\" data-e-type=\"widget\" data-widget_type=\"heading.default\">\n\t\t\t\t<div class=\"elementor-widget-container\">\n\t\t\t\t\t<h2 class=\"elementor-heading-title elementor-size-default\">PAPIER<\/h2>\t\t\t\t<\/div>\n\t\t\t\t<\/div>\n\t\t\t\t\t<\/div>\n\t\t<\/div>\n\t\t\t\t<div class=\"make-column-clickable-elementor elementor-column elementor-col-25 elementor-top-column elementor-element elementor-element-f59c1e3 contenedor-categoria animated-fast elementor-invisible\" style=\"cursor: pointer;\" data-column-clickable=\"\/fr\/categorie-produit\/sachets\/\" data-column-clickable-blank=\"_self\" data-id=\"f59c1e3\" data-element_type=\"column\" data-e-type=\"column\" data-settings=\"{&quot;background_background&quot;:&quot;classic&quot;,&quot;animation&quot;:&quot;fadeInDown&quot;,&quot;animation_delay&quot;:100}\">\n\t\t\t<div class=\"elementor-widget-wrap elementor-element-populated\">\n\t\t\t\t\t<div class=\"elementor-background-overlay\"><\/div>\n\t\t\t\t\t\t<div class=\"elementor-element elementor-element-9db840a elementor-widget elementor-widget-heading\" data-id=\"9db840a\" data-element_type=\"widget\" data-e-type=\"widget\" data-widget_type=\"heading.default\">\n\t\t\t\t<div class=\"elementor-widget-container\">\n\t\t\t\t\t<h2 class=\"elementor-heading-title elementor-size-default\">SACHETS<\/h2>\t\t\t\t<\/div>\n\t\t\t\t<\/div>\n\t\t\t\t\t<\/div>\n\t\t<\/div>\n\t\t\t\t<div class=\"make-column-clickable-elementor elementor-column elementor-col-25 elementor-top-column elementor-element elementor-element-a4d00f9 contenedor-categoria animated-fast elementor-invisible\" style=\"cursor: pointer;\" data-column-clickable=\"\/fr\/categorie-produit\/sacs-sos\/\" data-column-clickable-blank=\"_self\" data-id=\"a4d00f9\" data-element_type=\"column\" data-e-type=\"column\" data-settings=\"{&quot;background_background&quot;:&quot;classic&quot;,&quot;animation&quot;:&quot;fadeInDown&quot;,&quot;animation_delay&quot;:200}\">\n\t\t\t<div class=\"elementor-widget-wrap elementor-element-populated\">\n\t\t\t\t\t<div class=\"elementor-background-overlay\"><\/div>\n\t\t\t\t\t\t<div class=\"elementor-element elementor-element-c388fff elementor-widget elementor-widget-heading\" data-id=\"c388fff\" data-element_type=\"widget\" data-e-type=\"widget\" data-widget_type=\"heading.default\">\n\t\t\t\t<div class=\"elementor-widget-container\">\n\t\t\t\t\t<h2 class=\"elementor-heading-title elementor-size-default\">SACS SOS<\/h2>\t\t\t\t<\/div>\n\t\t\t\t<\/div>\n\t\t\t\t\t<\/div>\n\t\t<\/div>\n\t\t\t\t\t<\/div>\n\t\t<\/section>\n\t\t\t\t<section class=\"elementor-section elementor-top-section elementor-element elementor-element-c181853 elementor-section-full_width qode_elementor_container_inner elementor-section-height-default elementor-section-height-default parallax_section_no\" data-id=\"c181853\" data-element_type=\"section\" data-e-type=\"section\">\n\t\t\t\t\t\t<div class=\"elementor-container elementor-column-gap-wider\">\n\t\t\t\t\t<div class=\"make-column-clickable-elementor elementor-column elementor-col-50 elementor-top-column elementor-element elementor-element-ad44e86 contenedor-categoria animated-fast elementor-invisible\" style=\"cursor: pointer;\" data-column-clickable=\"\/fr\/categorie-produit\/sacs-cabas-poignees-plates\/\" data-column-clickable-blank=\"_self\" data-id=\"ad44e86\" data-element_type=\"column\" data-e-type=\"column\" data-settings=\"{&quot;background_background&quot;:&quot;classic&quot;,&quot;animation&quot;:&quot;fadeInDown&quot;,&quot;animation_delay&quot;:300}\">\n\t\t\t<div class=\"elementor-widget-wrap elementor-element-populated\">\n\t\t\t\t\t<div class=\"elementor-background-overlay\"><\/div>\n\t\t\t\t\t\t<div class=\"elementor-element elementor-element-1b4ac2e elementor-widget elementor-widget-heading\" data-id=\"1b4ac2e\" data-element_type=\"widget\" data-e-type=\"widget\" data-widget_type=\"heading.default\">\n\t\t\t\t<div class=\"elementor-widget-container\">\n\t\t\t\t\t<h2 class=\"elementor-heading-title elementor-size-default\">SACS CABAS POIGN\u00c9ES PLATES<\/h2>\t\t\t\t<\/div>\n\t\t\t\t<\/div>\n\t\t\t\t\t<\/div>\n\t\t<\/div>\n\t\t\t\t<div class=\"make-column-clickable-elementor elementor-column elementor-col-25 elementor-top-column elementor-element elementor-element-5c2ccfd contenedor-categoria animated-fast elementor-invisible\" style=\"cursor: pointer;\" data-column-clickable=\"\/fr\/categorie-produit\/sac-a-poignees-torsadees\/\" data-column-clickable-blank=\"_self\" data-id=\"5c2ccfd\" data-element_type=\"column\" data-e-type=\"column\" data-settings=\"{&quot;background_background&quot;:&quot;classic&quot;,&quot;animation&quot;:&quot;fadeInDown&quot;,&quot;animation_delay&quot;:400}\">\n\t\t\t<div class=\"elementor-widget-wrap elementor-element-populated\">\n\t\t\t\t\t<div class=\"elementor-background-overlay\"><\/div>\n\t\t\t\t\t\t<div class=\"elementor-element elementor-element-ca79371 elementor-widget elementor-widget-heading\" data-id=\"ca79371\" data-element_type=\"widget\" data-e-type=\"widget\" data-widget_type=\"heading.default\">\n\t\t\t\t<div class=\"elementor-widget-container\">\n\t\t\t\t\t<h2 class=\"elementor-heading-title elementor-size-default\">SACS \u00c0 POIGN\u00c9ES TORSAD\u00c9ES<\/h2>\t\t\t\t<\/div>\n\t\t\t\t<\/div>\n\t\t\t\t\t<\/div>\n\t\t<\/div>\n\t\t\t\t<div class=\"make-column-clickable-elementor elementor-column elementor-col-25 elementor-top-column elementor-element elementor-element-2093076 contenedor-categoria animated-fast elementor-invisible\" style=\"cursor: pointer;\" data-column-clickable=\"\/fr\/categorie-produit\/sacs-poignee-decoupee\/\" data-column-clickable-blank=\"_self\" data-id=\"2093076\" data-element_type=\"column\" data-e-type=\"column\" data-settings=\"{&quot;background_background&quot;:&quot;classic&quot;,&quot;animation&quot;:&quot;fadeInDown&quot;,&quot;animation_delay&quot;:500}\">\n\t\t\t<div class=\"elementor-widget-wrap elementor-element-populated\">\n\t\t\t\t\t<div class=\"elementor-background-overlay\"><\/div>\n\t\t\t\t\t\t<div class=\"elementor-element elementor-element-d0af0a7 elementor-widget elementor-widget-heading\" data-id=\"d0af0a7\" data-element_type=\"widget\" data-e-type=\"widget\" data-widget_type=\"heading.default\">\n\t\t\t\t<div class=\"elementor-widget-container\">\n\t\t\t\t\t<h2 class=\"elementor-heading-title elementor-size-default\">SACS POIGN\u00c9ES D\u00c9COUP\u00c9ES RENFOR\u00c7EES<\/h2>\t\t\t\t<\/div>\n\t\t\t\t<\/div>\n\t\t\t\t\t<\/div>\n\t\t<\/div>\n\t\t\t\t\t<\/div>\n\t\t<\/section>\n\t\t\t\t<section class=\"elementor-section elementor-top-section elementor-element elementor-element-7e59d93 elementor-section-full_width qode_elementor_container_inner elementor-section-height-default elementor-section-height-default parallax_section_no\" data-id=\"7e59d93\" data-element_type=\"section\" data-e-type=\"section\">\n\t\t\t\t\t\t<div class=\"elementor-container elementor-column-gap-wider\">\n\t\t\t\t\t<div class=\"make-column-clickable-elementor elementor-column elementor-col-33 elementor-top-column elementor-element elementor-element-5e1a287 contenedor-categoria animated-fast elementor-invisible\" style=\"cursor: pointer;\" data-column-clickable=\"\/fr\/categorie-produit\/sac-a-rubancordelieres\/\" data-column-clickable-blank=\"_self\" data-id=\"5e1a287\" data-element_type=\"column\" data-e-type=\"column\" data-settings=\"{&quot;background_background&quot;:&quot;classic&quot;,&quot;animation&quot;:&quot;fadeInDown&quot;,&quot;animation_delay&quot;:600}\">\n\t\t\t<div class=\"elementor-widget-wrap elementor-element-populated\">\n\t\t\t\t\t<div class=\"elementor-background-overlay\"><\/div>\n\t\t\t\t\t\t<div class=\"elementor-element elementor-element-e373378 elementor-widget elementor-widget-heading\" data-id=\"e373378\" data-element_type=\"widget\" data-e-type=\"widget\" data-widget_type=\"heading.default\">\n\t\t\t\t<div class=\"elementor-widget-container\">\n\t\t\t\t\t<h2 class=\"elementor-heading-title elementor-size-default\">SACS \u00c0 RUBAN\/CORDELI\u00c8RES<\/h2>\t\t\t\t<\/div>\n\t\t\t\t<\/div>\n\t\t\t\t\t<\/div>\n\t\t<\/div>\n\t\t\t\t<div class=\"make-column-clickable-elementor elementor-column elementor-col-33 elementor-top-column elementor-element elementor-element-28cbc52 contenedor-categoria animated-fast elementor-invisible\" style=\"cursor: pointer;\" data-column-clickable=\"\/fr\/categorie-produit\/porte-bobines\/\" data-column-clickable-blank=\"_self\" data-id=\"28cbc52\" data-element_type=\"column\" data-e-type=\"column\" data-settings=\"{&quot;background_background&quot;:&quot;classic&quot;,&quot;animation&quot;:&quot;fadeInDown&quot;,&quot;animation_delay&quot;:700}\">\n\t\t\t<div class=\"elementor-widget-wrap elementor-element-populated\">\n\t\t\t\t\t<div class=\"elementor-background-overlay\"><\/div>\n\t\t\t\t\t\t<div class=\"elementor-element elementor-element-1b0323a elementor-widget elementor-widget-heading\" data-id=\"1b0323a\" data-element_type=\"widget\" data-e-type=\"widget\" data-widget_type=\"heading.default\">\n\t\t\t\t<div class=\"elementor-widget-container\">\n\t\t\t\t\t<h2 class=\"elementor-heading-title elementor-size-default\">D\u00c9VIDOIRS<\/h2>\t\t\t\t<\/div>\n\t\t\t\t<\/div>\n\t\t\t\t\t<\/div>\n\t\t<\/div>\n\t\t\t\t<div class=\"make-column-clickable-elementor elementor-column elementor-col-33 elementor-top-column elementor-element elementor-element-337b990 contenedor-categoria animated-fast elementor-invisible\" style=\"cursor: pointer;\" data-column-clickable=\"\/fr\/categorie-produit\/sachets-fruits-et-legumes\/\" data-column-clickable-blank=\"_self\" data-id=\"337b990\" data-element_type=\"column\" data-e-type=\"column\" data-settings=\"{&quot;background_background&quot;:&quot;classic&quot;,&quot;animation&quot;:&quot;fadeInDown&quot;,&quot;animation_delay&quot;:700}\">\n\t\t\t<div class=\"elementor-widget-wrap elementor-element-populated\">\n\t\t\t\t\t<div class=\"elementor-background-overlay\"><\/div>\n\t\t\t\t\t\t<div class=\"elementor-element elementor-element-60b18ea elementor-widget elementor-widget-heading\" data-id=\"60b18ea\" data-element_type=\"widget\" data-e-type=\"widget\" data-widget_type=\"heading.default\">\n\t\t\t\t<div class=\"elementor-widget-container\">\n\t\t\t\t\t<h2 class=\"elementor-heading-title elementor-size-default\"><a href=\"\/fr\/categorie-produit\/sachets-fruits-et-legumes\/\">SACHETS FRUITS ET L\u00c9GUMES<\/a><\/h2>\t\t\t\t<\/div>\n\t\t\t\t<\/div>\n\t\t\t\t\t<\/div>\n\t\t<\/div>\n\t\t\t\t\t<\/div>\n\t\t<\/section>\n\t\t\t\t<\/div>\n\t\t","protected":false},"excerpt":{"rendered":"<p>PAPIER SACHETS SACS SOS SACS CABAS POIGN\u00c9ES PLATES SACS \u00c0 POIGN\u00c9ES TORSAD\u00c9ES SACS POIGN\u00c9ES D\u00c9COUP\u00c9ES RENFOR\u00c7EES SACS \u00c0 RUBAN\/CORDELI\u00c8RES D\u00c9VIDOIRS SACHETS FRUITS ET L\u00c9GUMES<\/p>\n","protected":false},"author":1,"featured_media":0,"parent":0,"menu_order":0,"comment_status":"closed","ping_status":"closed","template":"full_width.php","meta":{"_acf_changed":false,"footnotes":""},"class_list":["post-5887","page","type-page","status-publish","hentry"],"acf":[],"yoast_head":"<!-- This site is optimized with the Yoast SEO plugin v27.5 - https:\/\/yoast.com\/product\/yoast-seo-wordpress\/ -->\n<title>Produits - Imcovel Group<\/title>\n<meta name=\"robots\" content=\"index, follow, max-snippet:-1, max-image-preview:large, max-video-preview:-1\" \/>\n<link rel=\"canonical\" href=\"https:\/\/imcovel.com\/productos\/\" \/>\n<meta property=\"og:locale\" content=\"fr_FR\" \/>\n<meta property=\"og:type\" content=\"article\" \/>\n<meta property=\"og:title\" content=\"Produits - Imcovel Group\" \/>\n<meta property=\"og:description\" content=\"PAPIER SACHETS SACS SOS SACS CABAS POIGN\u00c9ES PLATES SACS \u00c0 POIGN\u00c9ES TORSAD\u00c9ES SACS POIGN\u00c9ES D\u00c9COUP\u00c9ES RENFOR\u00c7EES SACS \u00c0 RUBAN\/CORDELI\u00c8RES D\u00c9VIDOIRS SACHETS FRUITS ET L\u00c9GUMES\" \/>\n<meta property=\"og:url\" content=\"https:\/\/imcovel.com\/productos\/\" \/>\n<meta property=\"og:site_name\" content=\"Imcovel Group\" \/>\n<meta property=\"article:modified_time\" content=\"2024-04-24T14:47:44+00:00\" \/>\n<meta property=\"og:image\" content=\"https:\/\/imcovel.com\/wp-content\/uploads\/2026\/03\/fabricante-bolsas-de-papel-imcovel.webp\" \/>\n\t<meta property=\"og:image:width\" content=\"1920\" \/>\n\t<meta property=\"og:image:height\" content=\"720\" \/>\n\t<meta property=\"og:image:type\" content=\"image\/webp\" \/>\n<meta name=\"twitter:card\" content=\"summary_large_image\" \/>\n<meta name=\"twitter:label1\" content=\"Dur\u00e9e de lecture estim\u00e9e\" \/>\n\t<meta name=\"twitter:data1\" content=\"1 minute\" \/>\n<script type=\"application\/ld+json\" class=\"yoast-schema-graph\">{\"@context\":\"https:\\\/\\\/schema.org\",\"@graph\":[{\"@type\":\"WebPage\",\"@id\":\"https:\\\/\\\/imcovel.com\\\/productos\\\/\",\"url\":\"https:\\\/\\\/imcovel.com\\\/productos\\\/\",\"name\":\"Produits - Imcovel Group\",\"isPartOf\":{\"@id\":\"https:\\\/\\\/imcovel.com\\\/#website\"},\"datePublished\":\"2020-06-15T09:47:14+00:00\",\"dateModified\":\"2024-04-24T14:47:44+00:00\",\"breadcrumb\":{\"@id\":\"https:\\\/\\\/imcovel.com\\\/productos\\\/#breadcrumb\"},\"inLanguage\":\"fr-FR\",\"potentialAction\":[{\"@type\":\"ReadAction\",\"target\":[\"https:\\\/\\\/imcovel.com\\\/productos\\\/\"]}]},{\"@type\":\"BreadcrumbList\",\"@id\":\"https:\\\/\\\/imcovel.com\\\/productos\\\/#breadcrumb\",\"itemListElement\":[{\"@type\":\"ListItem\",\"position\":1,\"name\":\"Accueil\",\"item\":\"https:\\\/\\\/imcovel.com\\\/fr\\\/\"},{\"@type\":\"ListItem\",\"position\":2,\"name\":\"Produits\"}]},{\"@type\":\"WebSite\",\"@id\":\"https:\\\/\\\/imcovel.com\\\/#website\",\"url\":\"https:\\\/\\\/imcovel.com\\\/\",\"name\":\"Imcovel Group\",\"description\":\"Fabricantes de bolsas de papel y packaging personalizado\",\"publisher\":{\"@id\":\"https:\\\/\\\/imcovel.com\\\/#organization\"},\"potentialAction\":[{\"@type\":\"SearchAction\",\"target\":{\"@type\":\"EntryPoint\",\"urlTemplate\":\"https:\\\/\\\/imcovel.com\\\/?s={search_term_string}\"},\"query-input\":{\"@type\":\"PropertyValueSpecification\",\"valueRequired\":true,\"valueName\":\"search_term_string\"}}],\"inLanguage\":\"fr-FR\"},{\"@type\":\"Organization\",\"@id\":\"https:\\\/\\\/imcovel.com\\\/#organization\",\"name\":\"Imcovel Group\",\"alternateName\":\"Imcovel Group\",\"url\":\"https:\\\/\\\/imcovel.com\\\/\",\"logo\":{\"@type\":\"ImageObject\",\"inLanguage\":\"fr-FR\",\"@id\":\"https:\\\/\\\/imcovel.com\\\/#\\\/schema\\\/logo\\\/image\\\/\",\"url\":\"https:\\\/\\\/imcovel.com\\\/wp-content\\\/uploads\\\/2025\\\/11\\\/40_ANIV_Imcovel-Group_Esp.png\",\"contentUrl\":\"https:\\\/\\\/imcovel.com\\\/wp-content\\\/uploads\\\/2025\\\/11\\\/40_ANIV_Imcovel-Group_Esp.png\",\"width\":1056,\"height\":753,\"caption\":\"Imcovel Group\"},\"image\":{\"@id\":\"https:\\\/\\\/imcovel.com\\\/#\\\/schema\\\/logo\\\/image\\\/\"},\"sameAs\":[\"https:\\\/\\\/www.instagram.com\\\/imcovelgroup\\\/\",\"https:\\\/\\\/www.linkedin.com\\\/company\\\/imcovel\\\/\"]}]}<\/script>\n<!-- \/ Yoast SEO plugin. -->","yoast_head_json":{"title":"Produits - Imcovel Group","robots":{"index":"index","follow":"follow","max-snippet":"max-snippet:-1","max-image-preview":"max-image-preview:large","max-video-preview":"max-video-preview:-1"},"canonical":"https:\/\/imcovel.com\/productos\/","og_locale":"fr_FR","og_type":"article","og_title":"Produits - Imcovel Group","og_description":"PAPIER SACHETS SACS SOS SACS CABAS POIGN\u00c9ES PLATES SACS \u00c0 POIGN\u00c9ES TORSAD\u00c9ES SACS POIGN\u00c9ES D\u00c9COUP\u00c9ES RENFOR\u00c7EES SACS \u00c0 RUBAN\/CORDELI\u00c8RES D\u00c9VIDOIRS SACHETS FRUITS ET L\u00c9GUMES","og_url":"https:\/\/imcovel.com\/productos\/","og_site_name":"Imcovel Group","article_modified_time":"2024-04-24T14:47:44+00:00","og_image":[{"width":1920,"height":720,"url":"https:\/\/imcovel.com\/wp-content\/uploads\/2026\/03\/fabricante-bolsas-de-papel-imcovel.webp","type":"image\/webp"}],"twitter_card":"summary_large_image","twitter_misc":{"Dur\u00e9e de lecture estim\u00e9e":"1 minute"},"schema":{"@context":"https:\/\/schema.org","@graph":[{"@type":"WebPage","@id":"https:\/\/imcovel.com\/productos\/","url":"https:\/\/imcovel.com\/productos\/","name":"Produits - Imcovel Group","isPartOf":{"@id":"https:\/\/imcovel.com\/#website"},"datePublished":"2020-06-15T09:47:14+00:00","dateModified":"2024-04-24T14:47:44+00:00","breadcrumb":{"@id":"https:\/\/imcovel.com\/productos\/#breadcrumb"},"inLanguage":"fr-FR","potentialAction":[{"@type":"ReadAction","target":["https:\/\/imcovel.com\/productos\/"]}]},{"@type":"BreadcrumbList","@id":"https:\/\/imcovel.com\/productos\/#breadcrumb","itemListElement":[{"@type":"ListItem","position":1,"name":"Accueil","item":"https:\/\/imcovel.com\/fr\/"},{"@type":"ListItem","position":2,"name":"Produits"}]},{"@type":"WebSite","@id":"https:\/\/imcovel.com\/#website","url":"https:\/\/imcovel.com\/","name":"Imcovel Group","description":"Fabricantes de bolsas de papel y packaging personalizado","publisher":{"@id":"https:\/\/imcovel.com\/#organization"},"potentialAction":[{"@type":"SearchAction","target":{"@type":"EntryPoint","urlTemplate":"https:\/\/imcovel.com\/?s={search_term_string}"},"query-input":{"@type":"PropertyValueSpecification","valueRequired":true,"valueName":"search_term_string"}}],"inLanguage":"fr-FR"},{"@type":"Organization","@id":"https:\/\/imcovel.com\/#organization","name":"Imcovel Group","alternateName":"Imcovel Group","url":"https:\/\/imcovel.com\/","logo":{"@type":"ImageObject","inLanguage":"fr-FR","@id":"https:\/\/imcovel.com\/#\/schema\/logo\/image\/","url":"https:\/\/imcovel.com\/wp-content\/uploads\/2025\/11\/40_ANIV_Imcovel-Group_Esp.png","contentUrl":"https:\/\/imcovel.com\/wp-content\/uploads\/2025\/11\/40_ANIV_Imcovel-Group_Esp.png","width":1056,"height":753,"caption":"Imcovel Group"},"image":{"@id":"https:\/\/imcovel.com\/#\/schema\/logo\/image\/"},"sameAs":["https:\/\/www.instagram.com\/imcovelgroup\/","https:\/\/www.linkedin.com\/company\/imcovel\/"]}]}},"_links":{"self":[{"href":"https:\/\/imcovel.com\/fr\/wp-json\/wp\/v2\/pages\/5887","targetHints":{"allow":["GET"]}}],"collection":[{"href":"https:\/\/imcovel.com\/fr\/wp-json\/wp\/v2\/pages"}],"about":[{"href":"https:\/\/imcovel.com\/fr\/wp-json\/wp\/v2\/types\/page"}],"author":[{"embeddable":true,"href":"https:\/\/imcovel.com\/fr\/wp-json\/wp\/v2\/users\/1"}],"replies":[{"embeddable":true,"href":"https:\/\/imcovel.com\/fr\/wp-json\/wp\/v2\/comments?post=5887"}],"version-history":[{"count":58,"href":"https:\/\/imcovel.com\/fr\/wp-json\/wp\/v2\/pages\/5887\/revisions"}],"predecessor-version":[{"id":10064,"href":"https:\/\/imcovel.com\/fr\/wp-json\/wp\/v2\/pages\/5887\/revisions\/10064"}],"wp:attachment":[{"href":"https:\/\/imcovel.com\/fr\/wp-json\/wp\/v2\/media?parent=5887"}],"curies":[{"name":"wp","href":"https:\/\/api.w.org\/{rel}","templated":true}]}}