{"id":5891,"date":"2020-06-15T10:14:10","date_gmt":"2020-06-15T08:14:10","guid":{"rendered":"https:\/\/imcovel.com\/compania\/sobre-nosotros\/"},"modified":"2025-11-17T10:34:10","modified_gmt":"2025-11-17T09:34:10","slug":"a-propos-de-nous","status":"publish","type":"page","link":"https:\/\/imcovel.com\/fr\/societe\/a-propos-de-nous\/","title":{"rendered":"A propos de nous"},"content":{"rendered":"\t\t<div data-elementor-type=\"wp-page\" data-elementor-id=\"5891\" class=\"elementor elementor-5891 elementor-139\" data-elementor-post-type=\"page\">\n\t\t\t\t\t\t<section class=\"elementor-section elementor-top-section elementor-element elementor-element-0ea4a72 elementor-section-full_width elementor-section-stretched elementor-section-height-default elementor-section-height-default parallax_section_no qode_elementor_container_no\" data-id=\"0ea4a72\" data-element_type=\"section\" data-e-type=\"section\" data-settings=\"{&quot;stretch_section&quot;:&quot;section-stretched&quot;}\">\n\t\t\t\t\t\t<div class=\"elementor-container elementor-column-gap-default\">\n\t\t\t\t\t<div class=\"elementor-column elementor-col-100 elementor-top-column elementor-element elementor-element-f7e423b\" data-id=\"f7e423b\" data-element_type=\"column\" data-e-type=\"column\">\n\t\t\t<div class=\"elementor-widget-wrap elementor-element-populated\">\n\t\t\t\t\t\t<div class=\"elementor-element elementor-element-f1c5781 elementor--h-position-center elementor--v-position-middle elementor-arrows-position-inside elementor-pagination-position-inside elementor-widget elementor-widget-slides\" data-id=\"f1c5781\" data-element_type=\"widget\" data-e-type=\"widget\" data-settings=\"{&quot;navigation&quot;:&quot;both&quot;,&quot;autoplay&quot;:&quot;yes&quot;,&quot;pause_on_hover&quot;:&quot;yes&quot;,&quot;pause_on_interaction&quot;:&quot;yes&quot;,&quot;autoplay_speed&quot;:5000,&quot;infinite&quot;:&quot;yes&quot;,&quot;transition&quot;:&quot;slide&quot;,&quot;transition_speed&quot;:500}\" data-widget_type=\"slides.default\">\n\t\t\t\t<div class=\"elementor-widget-container\">\n\t\t\t\t\t\t\t\t\t<div class=\"elementor-swiper\">\r\n\t\t\t\t\t<div class=\"elementor-slides-wrapper elementor-main-swiper swiper\" role=\"region\" aria-roledescription=\"carousel\" aria-label=\"Slides\" dir=\"ltr\" data-animation=\"fadeInUp\">\r\n\t\t\t\t<div class=\"swiper-wrapper elementor-slides\">\r\n\t\t\t\t\t\t\t\t\t\t<div class=\"elementor-repeater-item-0ed1263 swiper-slide\" role=\"group\" aria-roledescription=\"slide\"><div class=\"swiper-slide-bg\" role=\"img\" aria-label=\"simcovel.jpg\"><\/div><div class=\"swiper-slide-inner\" ><div class=\"swiper-slide-contents\"><div class=\"elementor-slide-heading\">En constante innovation depuis 40 ans<\/div><div class=\"elementor-slide-description\">NOUS INNOVONS DEPUIS 40 ANS POUR PROPOSER AU MARCH\u00c9 LES MEILLEURES SOLUTIONS EN PAPIER D\u00b4EMBALLAGE ET SACHERIE PAPIER.<\/div><\/div><\/div><\/div>\t\t\t\t<\/div>\r\n\t\t\t\t\t\t\t<\/div>\r\n\t\t\t\t<\/div>\r\n\t\t\t\t\t\t\t\t<\/div>\n\t\t\t\t<\/div>\n\t\t\t\t\t<\/div>\n\t\t<\/div>\n\t\t\t\t\t<\/div>\n\t\t<\/section>\n\t\t\t\t<section class=\"elementor-section elementor-top-section elementor-element elementor-element-b3a3745 elementor-section-boxed elementor-section-height-default elementor-section-height-default parallax_section_no qode_elementor_container_no\" data-id=\"b3a3745\" data-element_type=\"section\" data-e-type=\"section\">\n\t\t\t\t\t\t<div class=\"elementor-container elementor-column-gap-default\">\n\t\t\t\t\t<div class=\"elementor-column elementor-col-100 elementor-top-column elementor-element elementor-element-8ee633e\" data-id=\"8ee633e\" data-element_type=\"column\" data-e-type=\"column\">\n\t\t\t<div class=\"elementor-widget-wrap elementor-element-populated\">\n\t\t\t\t\t\t<div class=\"elementor-element elementor-element-1d59d44 elementor-widget elementor-widget-text-editor\" data-id=\"1d59d44\" data-element_type=\"widget\" data-e-type=\"widget\" data-widget_type=\"text-editor.default\">\n\t\t\t\t<div class=\"elementor-widget-container\">\n\t\t\t\t\t\t\t\t\t<h3 class=\"titulo-verde\">QUI SOMMES NOUS<\/h3><p>Notre philosophie d\u00b4entreprise a toujours \u00e9t\u00e9 bas\u00e9e sur un principe : \u00catre \u00e0 l\u00b4\u00e9coute de nos clients. Nous disposons d\u00b4une large gamme de produits qui r\u00e9pond \u00e0 l\u00b4\u00e9volution des besoins de chaque client et qui fait d\u00b4Imcovel une soci\u00e9t\u00e9 flexible, vari\u00e9e et dont la principale vocation est le service au client. <em>Nous comptons sur une superficie de 16.000 m2 d\u00b4installations, un parc machine des plus r\u00e9cents entre imprimantes, machines \u00e0 sacs, gaufreuse, etc.<\/em><\/p><p>\u00a0<\/p><p>Sa vision consiste \u00e0 transf\u00e9rer l&rsquo;importance du contenu au contenant, car l&#8217;emballage et l&rsquo;effet qu&rsquo;il a sur la soci\u00e9t\u00e9 sont de plus en plus importants. Imcovel \u00e9tudie les tendances comme s&rsquo;il s&rsquo;agissait d&rsquo;un dessin de mode et les transf\u00e8re \u00e0 la fabrication de ses articles, en conseillant chaque client avec des solutions personnalis\u00e9es.<\/p><p>Imcovel a entam\u00e9 son processus d&rsquo;internationalisation il y a quelques ann\u00e9es, en arrivant actuellement dans des pays des cinq continents, avec un int\u00e9r\u00eat particulier pour les march\u00e9s espagnol, portugais et fran\u00e7ais. Environ 49 % des entreprises espagnoles exportent, mais seulement 4 % le font r\u00e9guli\u00e8rement. Son objectif est de consolider sa pr\u00e9sence internationale gr\u00e2ce \u00e0 des exportations r\u00e9guli\u00e8res et durables sur les march\u00e9s internationaux, en d\u00e9veloppant des structures commerciales stables \u00e0 destination, pour devenir un fournisseur comp\u00e9titif avec une vocation \u00e9vidente d&rsquo;entreprise mondiale.<\/p><p>\u00a0<\/p><p>Pour Imcovel, le facteur humain est essentiel, c\u2019est pourquoi la formation du personnel, la communication avec la client\u00e8le et la capacit\u00e9 d\u00b4\u00e9coute sont omnipr\u00e9sents au sein de la soci\u00e9t\u00e9. L\u00b4application de ces principes font d\u00b4Imcovel un fournisseur fiable et proche de ses clients.<\/p><p>\u00a0<\/p><p>Notre vocation \u00e9tant d\u00b4\u00eatre une entreprise globale europ\u00e9enne offrant des solutions adapt\u00e9es \u00e0 tous les march\u00e9s : boulangerie, p\u00e2tisserie, parfumerie, bijouteries, fleuristes, pharmacies, restauration, alimentation, retail, distributeur.<\/p>\t\t\t\t\t\t\t\t<\/div>\n\t\t\t\t<\/div>\n\t\t\t\t\t<\/div>\n\t\t<\/div>\n\t\t\t\t\t<\/div>\n\t\t<\/section>\n\t\t\t\t<\/div>\n\t\t","protected":false},"excerpt":{"rendered":"<p>En constante innovation depuis 40 ansNOUS INNOVONS DEPUIS 40 ANS POUR PROPOSER AU MARCH\u00c9 LES MEILLEURES SOLUTIONS EN PAPIER D\u00b4EMBALLAGE ET SACHERIE PAPIER. QUI SOMMES NOUS Notre philosophie d\u00b4entreprise a toujours \u00e9t\u00e9 bas\u00e9e sur un principe : \u00catre \u00e0 l\u00b4\u00e9coute de nos clients. Nous disposons&#8230;<\/p>\n","protected":false},"author":1,"featured_media":0,"parent":10196,"menu_order":0,"comment_status":"closed","ping_status":"closed","template":"full_width.php","meta":{"_acf_changed":false,"footnotes":""},"class_list":["post-5891","page","type-page","status-publish","hentry"],"acf":[],"yoast_head":"<!-- This site is optimized with the Yoast SEO plugin v27.5 - https:\/\/yoast.com\/product\/yoast-seo-wordpress\/ -->\n<title>A propos de nous - Imcovel Group<\/title>\n<meta name=\"robots\" content=\"index, follow, max-snippet:-1, max-image-preview:large, max-video-preview:-1\" \/>\n<link rel=\"canonical\" href=\"https:\/\/imcovel.com\/fr\/societe\/a-propos-de-nous\/\" \/>\n<meta property=\"og:locale\" content=\"fr_FR\" \/>\n<meta property=\"og:type\" content=\"article\" \/>\n<meta property=\"og:title\" content=\"A propos de nous - Imcovel Group\" \/>\n<meta property=\"og:description\" content=\"En constante innovation depuis 40 ansNOUS INNOVONS DEPUIS 40 ANS POUR PROPOSER AU MARCH\u00c9 LES MEILLEURES SOLUTIONS EN PAPIER D\u00b4EMBALLAGE ET SACHERIE PAPIER. QUI SOMMES NOUS Notre philosophie d\u00b4entreprise a toujours \u00e9t\u00e9 bas\u00e9e sur un principe : \u00catre \u00e0 l\u00b4\u00e9coute de nos clients. Nous disposons...\" \/>\n<meta property=\"og:url\" content=\"https:\/\/imcovel.com\/fr\/societe\/a-propos-de-nous\/\" \/>\n<meta property=\"og:site_name\" content=\"Imcovel Group\" \/>\n<meta property=\"article:modified_time\" content=\"2025-11-17T09:34:10+00:00\" \/>\n<meta property=\"og:image\" content=\"https:\/\/imcovel.com\/wp-content\/uploads\/2026\/03\/fabricante-bolsas-de-papel-imcovel.webp\" \/>\n\t<meta property=\"og:image:width\" content=\"1920\" \/>\n\t<meta property=\"og:image:height\" content=\"720\" \/>\n\t<meta property=\"og:image:type\" content=\"image\/webp\" \/>\n<meta name=\"twitter:card\" content=\"summary_large_image\" \/>\n<meta name=\"twitter:label1\" content=\"Dur\u00e9e de lecture estim\u00e9e\" \/>\n\t<meta name=\"twitter:data1\" content=\"2 minutes\" \/>\n<script type=\"application\/ld+json\" class=\"yoast-schema-graph\">{\"@context\":\"https:\\\/\\\/schema.org\",\"@graph\":[{\"@type\":\"WebPage\",\"@id\":\"https:\\\/\\\/imcovel.com\\\/fr\\\/societe\\\/a-propos-de-nous\\\/\",\"url\":\"https:\\\/\\\/imcovel.com\\\/fr\\\/societe\\\/a-propos-de-nous\\\/\",\"name\":\"A propos de nous - Imcovel Group\",\"isPartOf\":{\"@id\":\"https:\\\/\\\/imcovel.com\\\/#website\"},\"datePublished\":\"2020-06-15T08:14:10+00:00\",\"dateModified\":\"2025-11-17T09:34:10+00:00\",\"breadcrumb\":{\"@id\":\"https:\\\/\\\/imcovel.com\\\/fr\\\/societe\\\/a-propos-de-nous\\\/#breadcrumb\"},\"inLanguage\":\"fr-FR\",\"potentialAction\":[{\"@type\":\"ReadAction\",\"target\":[\"https:\\\/\\\/imcovel.com\\\/fr\\\/societe\\\/a-propos-de-nous\\\/\"]}]},{\"@type\":\"BreadcrumbList\",\"@id\":\"https:\\\/\\\/imcovel.com\\\/fr\\\/societe\\\/a-propos-de-nous\\\/#breadcrumb\",\"itemListElement\":[{\"@type\":\"ListItem\",\"position\":1,\"name\":\"Accueil\",\"item\":\"https:\\\/\\\/imcovel.com\\\/fr\\\/\"},{\"@type\":\"ListItem\",\"position\":2,\"name\":\"Soci\u00e9t\u00e9\",\"item\":\"https:\\\/\\\/imcovel.com\\\/compania\\\/\"},{\"@type\":\"ListItem\",\"position\":3,\"name\":\"A propos de nous\"}]},{\"@type\":\"WebSite\",\"@id\":\"https:\\\/\\\/imcovel.com\\\/#website\",\"url\":\"https:\\\/\\\/imcovel.com\\\/\",\"name\":\"Imcovel Group\",\"description\":\"Fabricantes de bolsas de papel y packaging personalizado\",\"publisher\":{\"@id\":\"https:\\\/\\\/imcovel.com\\\/#organization\"},\"potentialAction\":[{\"@type\":\"SearchAction\",\"target\":{\"@type\":\"EntryPoint\",\"urlTemplate\":\"https:\\\/\\\/imcovel.com\\\/?s={search_term_string}\"},\"query-input\":{\"@type\":\"PropertyValueSpecification\",\"valueRequired\":true,\"valueName\":\"search_term_string\"}}],\"inLanguage\":\"fr-FR\"},{\"@type\":\"Organization\",\"@id\":\"https:\\\/\\\/imcovel.com\\\/#organization\",\"name\":\"Imcovel Group\",\"alternateName\":\"Imcovel Group\",\"url\":\"https:\\\/\\\/imcovel.com\\\/\",\"logo\":{\"@type\":\"ImageObject\",\"inLanguage\":\"fr-FR\",\"@id\":\"https:\\\/\\\/imcovel.com\\\/#\\\/schema\\\/logo\\\/image\\\/\",\"url\":\"https:\\\/\\\/imcovel.com\\\/wp-content\\\/uploads\\\/2025\\\/11\\\/40_ANIV_Imcovel-Group_Esp.png\",\"contentUrl\":\"https:\\\/\\\/imcovel.com\\\/wp-content\\\/uploads\\\/2025\\\/11\\\/40_ANIV_Imcovel-Group_Esp.png\",\"width\":1056,\"height\":753,\"caption\":\"Imcovel Group\"},\"image\":{\"@id\":\"https:\\\/\\\/imcovel.com\\\/#\\\/schema\\\/logo\\\/image\\\/\"},\"sameAs\":[\"https:\\\/\\\/www.instagram.com\\\/imcovelgroup\\\/\",\"https:\\\/\\\/www.linkedin.com\\\/company\\\/imcovel\\\/\"]}]}<\/script>\n<!-- \/ Yoast SEO plugin. -->","yoast_head_json":{"title":"A propos de nous - Imcovel Group","robots":{"index":"index","follow":"follow","max-snippet":"max-snippet:-1","max-image-preview":"max-image-preview:large","max-video-preview":"max-video-preview:-1"},"canonical":"https:\/\/imcovel.com\/fr\/societe\/a-propos-de-nous\/","og_locale":"fr_FR","og_type":"article","og_title":"A propos de nous - Imcovel Group","og_description":"En constante innovation depuis 40 ansNOUS INNOVONS DEPUIS 40 ANS POUR PROPOSER AU MARCH\u00c9 LES MEILLEURES SOLUTIONS EN PAPIER D\u00b4EMBALLAGE ET SACHERIE PAPIER. QUI SOMMES NOUS Notre philosophie d\u00b4entreprise a toujours \u00e9t\u00e9 bas\u00e9e sur un principe : \u00catre \u00e0 l\u00b4\u00e9coute de nos clients. Nous disposons...","og_url":"https:\/\/imcovel.com\/fr\/societe\/a-propos-de-nous\/","og_site_name":"Imcovel Group","article_modified_time":"2025-11-17T09:34:10+00:00","og_image":[{"width":1920,"height":720,"url":"https:\/\/imcovel.com\/wp-content\/uploads\/2026\/03\/fabricante-bolsas-de-papel-imcovel.webp","type":"image\/webp"}],"twitter_card":"summary_large_image","twitter_misc":{"Dur\u00e9e de lecture estim\u00e9e":"2 minutes"},"schema":{"@context":"https:\/\/schema.org","@graph":[{"@type":"WebPage","@id":"https:\/\/imcovel.com\/fr\/societe\/a-propos-de-nous\/","url":"https:\/\/imcovel.com\/fr\/societe\/a-propos-de-nous\/","name":"A propos de nous - Imcovel Group","isPartOf":{"@id":"https:\/\/imcovel.com\/#website"},"datePublished":"2020-06-15T08:14:10+00:00","dateModified":"2025-11-17T09:34:10+00:00","breadcrumb":{"@id":"https:\/\/imcovel.com\/fr\/societe\/a-propos-de-nous\/#breadcrumb"},"inLanguage":"fr-FR","potentialAction":[{"@type":"ReadAction","target":["https:\/\/imcovel.com\/fr\/societe\/a-propos-de-nous\/"]}]},{"@type":"BreadcrumbList","@id":"https:\/\/imcovel.com\/fr\/societe\/a-propos-de-nous\/#breadcrumb","itemListElement":[{"@type":"ListItem","position":1,"name":"Accueil","item":"https:\/\/imcovel.com\/fr\/"},{"@type":"ListItem","position":2,"name":"Soci\u00e9t\u00e9","item":"https:\/\/imcovel.com\/compania\/"},{"@type":"ListItem","position":3,"name":"A propos de nous"}]},{"@type":"WebSite","@id":"https:\/\/imcovel.com\/#website","url":"https:\/\/imcovel.com\/","name":"Imcovel Group","description":"Fabricantes de bolsas de papel y packaging personalizado","publisher":{"@id":"https:\/\/imcovel.com\/#organization"},"potentialAction":[{"@type":"SearchAction","target":{"@type":"EntryPoint","urlTemplate":"https:\/\/imcovel.com\/?s={search_term_string}"},"query-input":{"@type":"PropertyValueSpecification","valueRequired":true,"valueName":"search_term_string"}}],"inLanguage":"fr-FR"},{"@type":"Organization","@id":"https:\/\/imcovel.com\/#organization","name":"Imcovel Group","alternateName":"Imcovel Group","url":"https:\/\/imcovel.com\/","logo":{"@type":"ImageObject","inLanguage":"fr-FR","@id":"https:\/\/imcovel.com\/#\/schema\/logo\/image\/","url":"https:\/\/imcovel.com\/wp-content\/uploads\/2025\/11\/40_ANIV_Imcovel-Group_Esp.png","contentUrl":"https:\/\/imcovel.com\/wp-content\/uploads\/2025\/11\/40_ANIV_Imcovel-Group_Esp.png","width":1056,"height":753,"caption":"Imcovel Group"},"image":{"@id":"https:\/\/imcovel.com\/#\/schema\/logo\/image\/"},"sameAs":["https:\/\/www.instagram.com\/imcovelgroup\/","https:\/\/www.linkedin.com\/company\/imcovel\/"]}]}},"_links":{"self":[{"href":"https:\/\/imcovel.com\/fr\/wp-json\/wp\/v2\/pages\/5891","targetHints":{"allow":["GET"]}}],"collection":[{"href":"https:\/\/imcovel.com\/fr\/wp-json\/wp\/v2\/pages"}],"about":[{"href":"https:\/\/imcovel.com\/fr\/wp-json\/wp\/v2\/types\/page"}],"author":[{"embeddable":true,"href":"https:\/\/imcovel.com\/fr\/wp-json\/wp\/v2\/users\/1"}],"replies":[{"embeddable":true,"href":"https:\/\/imcovel.com\/fr\/wp-json\/wp\/v2\/comments?post=5891"}],"version-history":[{"count":14,"href":"https:\/\/imcovel.com\/fr\/wp-json\/wp\/v2\/pages\/5891\/revisions"}],"predecessor-version":[{"id":20963,"href":"https:\/\/imcovel.com\/fr\/wp-json\/wp\/v2\/pages\/5891\/revisions\/20963"}],"up":[{"embeddable":true,"href":"https:\/\/imcovel.com\/fr\/wp-json\/wp\/v2\/pages\/10196"}],"wp:attachment":[{"href":"https:\/\/imcovel.com\/fr\/wp-json\/wp\/v2\/media?parent=5891"}],"curies":[{"name":"wp","href":"https:\/\/api.w.org\/{rel}","templated":true}]}}