{"id":6710,"date":"2022-09-19T16:14:59","date_gmt":"2022-09-19T14:14:59","guid":{"rendered":"https:\/\/imcovel.com\/outlet\/"},"modified":"2025-06-12T15:08:48","modified_gmt":"2025-06-12T13:08:48","slug":"outlet","status":"publish","type":"page","link":"https:\/\/imcovel.com\/fr\/outlet\/","title":{"rendered":"Outlet"},"content":{"rendered":"\t\t<div data-elementor-type=\"wp-page\" data-elementor-id=\"6710\" class=\"elementor elementor-6710 elementor-6685\" data-elementor-post-type=\"page\">\n\t\t\t\t\t\t<section class=\"elementor-section elementor-top-section elementor-element elementor-element-2e24aa8 elementor-section-stretched elementor-section-boxed elementor-section-height-default elementor-section-height-default parallax_section_no qode_elementor_container_no\" data-id=\"2e24aa8\" data-element_type=\"section\" data-e-type=\"section\" data-settings=\"{&quot;stretch_section&quot;:&quot;section-stretched&quot;}\">\n\t\t\t\t\t\t<div class=\"elementor-container elementor-column-gap-default\">\n\t\t\t\t\t<div class=\"elementor-column elementor-col-33 elementor-top-column elementor-element elementor-element-208dc36\" data-id=\"208dc36\" data-element_type=\"column\" data-e-type=\"column\">\n\t\t\t<div class=\"elementor-widget-wrap\">\n\t\t\t\t\t\t\t<\/div>\n\t\t<\/div>\n\t\t\t\t<div class=\"elementor-column elementor-col-33 elementor-top-column elementor-element elementor-element-2fa1cd7\" data-id=\"2fa1cd7\" data-element_type=\"column\" data-e-type=\"column\">\n\t\t\t<div class=\"elementor-widget-wrap\">\n\t\t\t\t\t\t\t<\/div>\n\t\t<\/div>\n\t\t\t\t<div class=\"elementor-column elementor-col-33 elementor-top-column elementor-element elementor-element-bde7694\" data-id=\"bde7694\" data-element_type=\"column\" data-e-type=\"column\">\n\t\t\t<div class=\"elementor-widget-wrap\">\n\t\t\t\t\t\t\t<\/div>\n\t\t<\/div>\n\t\t\t\t\t<\/div>\n\t\t<\/section>\n\t\t\t\t<section class=\"elementor-section elementor-top-section elementor-element elementor-element-2824c7e elementor-section-stretched elementor-section-boxed elementor-section-height-default elementor-section-height-default parallax_section_no qode_elementor_container_no\" data-id=\"2824c7e\" data-element_type=\"section\" data-e-type=\"section\" data-settings=\"{&quot;stretch_section&quot;:&quot;section-stretched&quot;}\">\n\t\t\t\t\t\t<div class=\"elementor-container elementor-column-gap-default\">\n\t\t\t\t\t<div class=\"elementor-column elementor-col-33 elementor-top-column elementor-element elementor-element-5813999\" data-id=\"5813999\" data-element_type=\"column\" data-e-type=\"column\">\n\t\t\t<div class=\"elementor-widget-wrap elementor-element-populated\">\n\t\t\t\t\t\t<div class=\"elementor-element elementor-element-3ac728e elementor-widget elementor-widget-image\" data-id=\"3ac728e\" data-element_type=\"widget\" data-e-type=\"widget\" data-widget_type=\"image.default\">\n\t\t\t\t<div class=\"elementor-widget-container\">\n\t\t\t\t\t\t\t\t\t\t\t\t<figure class=\"wp-caption\">\n\t\t\t\t\t\t\t\t\t\t\t<a href=\"https:\/\/imcovel.com\/wp-content\/uploads\/2025\/06\/Cadeaux-fantaisie.pdf\">\n\t\t\t\t\t\t\t<img fetchpriority=\"high\" decoding=\"async\" width=\"2482\" height=\"3517\" src=\"https:\/\/imcovel.com\/wp-content\/uploads\/2023\/11\/SACHETS-A-POCHETTES-FANT-01.png\" class=\"attachment-full size-full wp-image-8394 wvs-archive-product-image\" alt=\"\" srcset=\"https:\/\/imcovel.com\/wp-content\/uploads\/2023\/11\/SACHETS-A-POCHETTES-FANT-01.png 2482w, https:\/\/imcovel.com\/wp-content\/uploads\/2023\/11\/SACHETS-A-POCHETTES-FANT-01-212x300.png 212w, https:\/\/imcovel.com\/wp-content\/uploads\/2023\/11\/SACHETS-A-POCHETTES-FANT-01-723x1024.png 723w, https:\/\/imcovel.com\/wp-content\/uploads\/2023\/11\/SACHETS-A-POCHETTES-FANT-01-768x1088.png 768w, https:\/\/imcovel.com\/wp-content\/uploads\/2023\/11\/SACHETS-A-POCHETTES-FANT-01-1084x1536.png 1084w, https:\/\/imcovel.com\/wp-content\/uploads\/2023\/11\/SACHETS-A-POCHETTES-FANT-01-1445x2048.png 1445w, https:\/\/imcovel.com\/wp-content\/uploads\/2023\/11\/SACHETS-A-POCHETTES-FANT-01-700x992.png 700w, https:\/\/imcovel.com\/wp-content\/uploads\/2023\/11\/SACHETS-A-POCHETTES-FANT-01-600x850.png 600w\" sizes=\"(max-width: 2482px) 100vw, 2482px\" \/>\t\t\t\t\t\t\t\t<\/a>\n\t\t\t\t\t\t\t\t\t\t\t<figcaption class=\"widget-image-caption wp-caption-text\">SACHETS ET SACS \u00c0 POIGN\u00c9S PLATES POCHETTES FANTAISIE<\/figcaption>\n\t\t\t\t\t\t\t\t\t\t<\/figure>\n\t\t\t\t\t\t\t\t\t<\/div>\n\t\t\t\t<\/div>\n\t\t\t\t<div class=\"elementor-element elementor-element-8af1d60 elementor-widget elementor-widget-image\" data-id=\"8af1d60\" data-element_type=\"widget\" data-e-type=\"widget\" data-widget_type=\"image.default\">\n\t\t\t\t<div class=\"elementor-widget-container\">\n\t\t\t\t\t\t\t\t\t\t\t\t<figure class=\"wp-caption\">\n\t\t\t\t\t\t\t\t\t\t\t<a href=\"https:\/\/imcovel.com\/wp-content\/uploads\/2025\/05\/Noel.pdf\">\n\t\t\t\t\t\t\t<img decoding=\"async\" width=\"1241\" height=\"1759\" src=\"https:\/\/imcovel.com\/wp-content\/uploads\/2024\/04\/SACHETS-NOEL-01.jpg\" class=\"attachment-full size-full wp-image-10130 wvs-archive-product-image\" alt=\"\" srcset=\"https:\/\/imcovel.com\/wp-content\/uploads\/2024\/04\/SACHETS-NOEL-01.jpg 1241w, https:\/\/imcovel.com\/wp-content\/uploads\/2024\/04\/SACHETS-NOEL-01-212x300.jpg 212w, https:\/\/imcovel.com\/wp-content\/uploads\/2024\/04\/SACHETS-NOEL-01-722x1024.jpg 722w, https:\/\/imcovel.com\/wp-content\/uploads\/2024\/04\/SACHETS-NOEL-01-768x1089.jpg 768w, https:\/\/imcovel.com\/wp-content\/uploads\/2024\/04\/SACHETS-NOEL-01-1084x1536.jpg 1084w, https:\/\/imcovel.com\/wp-content\/uploads\/2024\/04\/SACHETS-NOEL-01-700x992.jpg 700w, https:\/\/imcovel.com\/wp-content\/uploads\/2024\/04\/SACHETS-NOEL-01-600x850.jpg 600w\" sizes=\"(max-width: 1241px) 100vw, 1241px\" \/>\t\t\t\t\t\t\t\t<\/a>\n\t\t\t\t\t\t\t\t\t\t\t<figcaption class=\"widget-image-caption wp-caption-text\">SACHETS ET SACS \u00c0 POIGN\u00c9ES PLATES POUR NO\u00cbL <\/figcaption>\n\t\t\t\t\t\t\t\t\t\t<\/figure>\n\t\t\t\t\t\t\t\t\t<\/div>\n\t\t\t\t<\/div>\n\t\t\t\t\t<\/div>\n\t\t<\/div>\n\t\t\t\t<div class=\"elementor-column elementor-col-33 elementor-top-column elementor-element elementor-element-c45d322\" data-id=\"c45d322\" data-element_type=\"column\" data-e-type=\"column\">\n\t\t\t<div class=\"elementor-widget-wrap elementor-element-populated\">\n\t\t\t\t\t\t<div class=\"elementor-element elementor-element-dc53a33 elementor-widget elementor-widget-image\" data-id=\"dc53a33\" data-element_type=\"widget\" data-e-type=\"widget\" data-widget_type=\"image.default\">\n\t\t\t\t<div class=\"elementor-widget-container\">\n\t\t\t\t\t\t\t\t\t\t\t\t<figure class=\"wp-caption\">\n\t\t\t\t\t\t\t\t\t\t\t<a href=\"https:\/\/imcovel.com\/wp-content\/uploads\/2025\/06\/Fantaisie.pdf\">\n\t\t\t\t\t\t\t<img decoding=\"async\" width=\"2482\" height=\"3517\" src=\"https:\/\/imcovel.com\/wp-content\/uploads\/2024\/02\/SACHETS-FANTAISIE.png\" class=\"attachment-full size-full wp-image-9414 wvs-archive-product-image\" alt=\"\" srcset=\"https:\/\/imcovel.com\/wp-content\/uploads\/2024\/02\/SACHETS-FANTAISIE.png 2482w, https:\/\/imcovel.com\/wp-content\/uploads\/2024\/02\/SACHETS-FANTAISIE-212x300.png 212w, https:\/\/imcovel.com\/wp-content\/uploads\/2024\/02\/SACHETS-FANTAISIE-723x1024.png 723w, https:\/\/imcovel.com\/wp-content\/uploads\/2024\/02\/SACHETS-FANTAISIE-768x1088.png 768w, https:\/\/imcovel.com\/wp-content\/uploads\/2024\/02\/SACHETS-FANTAISIE-1084x1536.png 1084w, https:\/\/imcovel.com\/wp-content\/uploads\/2024\/02\/SACHETS-FANTAISIE-1445x2048.png 1445w, https:\/\/imcovel.com\/wp-content\/uploads\/2024\/02\/SACHETS-FANTAISIE-700x992.png 700w, https:\/\/imcovel.com\/wp-content\/uploads\/2024\/02\/SACHETS-FANTAISIE-600x850.png 600w\" sizes=\"(max-width: 2482px) 100vw, 2482px\" \/>\t\t\t\t\t\t\t\t<\/a>\n\t\t\t\t\t\t\t\t\t\t\t<figcaption class=\"widget-image-caption wp-caption-text\">SACHETS FANTAISIE<\/figcaption>\n\t\t\t\t\t\t\t\t\t\t<\/figure>\n\t\t\t\t\t\t\t\t\t<\/div>\n\t\t\t\t<\/div>\n\t\t\t\t\t<\/div>\n\t\t<\/div>\n\t\t\t\t<div class=\"elementor-column elementor-col-33 elementor-top-column elementor-element elementor-element-d1129e5\" data-id=\"d1129e5\" data-element_type=\"column\" data-e-type=\"column\">\n\t\t\t<div class=\"elementor-widget-wrap elementor-element-populated\">\n\t\t\t\t\t\t<div class=\"elementor-element elementor-element-a8c05a8 elementor-widget elementor-widget-image\" data-id=\"a8c05a8\" data-element_type=\"widget\" data-e-type=\"widget\" data-widget_type=\"image.default\">\n\t\t\t\t<div class=\"elementor-widget-container\">\n\t\t\t\t\t\t\t\t\t\t\t\t<figure class=\"wp-caption\">\n\t\t\t\t\t\t\t\t\t\t\t<a href=\"https:\/\/imcovel.com\/wp-content\/uploads\/2025\/05\/Passe-Parteut.pdf\">\n\t\t\t\t\t\t\t<img loading=\"lazy\" decoding=\"async\" width=\"2482\" height=\"3517\" src=\"https:\/\/imcovel.com\/wp-content\/uploads\/2023\/11\/SACHETS-PASSE-PARTEUT-01.png\" class=\"attachment-full size-full wp-image-8357 wvs-archive-product-image\" alt=\"\" srcset=\"https:\/\/imcovel.com\/wp-content\/uploads\/2023\/11\/SACHETS-PASSE-PARTEUT-01.png 2482w, https:\/\/imcovel.com\/wp-content\/uploads\/2023\/11\/SACHETS-PASSE-PARTEUT-01-212x300.png 212w, https:\/\/imcovel.com\/wp-content\/uploads\/2023\/11\/SACHETS-PASSE-PARTEUT-01-723x1024.png 723w, https:\/\/imcovel.com\/wp-content\/uploads\/2023\/11\/SACHETS-PASSE-PARTEUT-01-768x1088.png 768w, https:\/\/imcovel.com\/wp-content\/uploads\/2023\/11\/SACHETS-PASSE-PARTEUT-01-1084x1536.png 1084w, https:\/\/imcovel.com\/wp-content\/uploads\/2023\/11\/SACHETS-PASSE-PARTEUT-01-1445x2048.png 1445w, https:\/\/imcovel.com\/wp-content\/uploads\/2023\/11\/SACHETS-PASSE-PARTEUT-01-700x992.png 700w, https:\/\/imcovel.com\/wp-content\/uploads\/2023\/11\/SACHETS-PASSE-PARTEUT-01-600x850.png 600w\" sizes=\"(max-width: 2482px) 100vw, 2482px\" \/>\t\t\t\t\t\t\t\t<\/a>\n\t\t\t\t\t\t\t\t\t\t\t<figcaption class=\"widget-image-caption wp-caption-text\">PASSE-PARTEUT<\/figcaption>\n\t\t\t\t\t\t\t\t\t\t<\/figure>\n\t\t\t\t\t\t\t\t\t<\/div>\n\t\t\t\t<\/div>\n\t\t\t\t\t<\/div>\n\t\t<\/div>\n\t\t\t\t\t<\/div>\n\t\t<\/section>\n\t\t\t\t<\/div>\n\t\t","protected":false},"excerpt":{"rendered":"<p>SACHETS ET SACS \u00c0 POIGN\u00c9S PLATES POCHETTES FANTAISIE SACHETS ET SACS \u00c0 POIGN\u00c9ES PLATES POUR NO\u00cbL SACHETS FANTAISIE PASSE-PARTEUT<\/p>\n","protected":false},"author":1,"featured_media":0,"parent":0,"menu_order":0,"comment_status":"closed","ping_status":"closed","template":"","meta":{"_acf_changed":false,"footnotes":""},"class_list":["post-6710","page","type-page","status-publish","hentry"],"acf":[],"yoast_head":"<!-- This site is optimized with the Yoast SEO plugin v27.3 - https:\/\/yoast.com\/product\/yoast-seo-wordpress\/ -->\n<title>Outlet - Imcovel Group<\/title>\n<meta name=\"robots\" content=\"index, follow, max-snippet:-1, max-image-preview:large, max-video-preview:-1\" \/>\n<link rel=\"canonical\" href=\"https:\/\/imcovel.com\/fr\/outlet\/\" \/>\n<meta property=\"og:locale\" content=\"fr_FR\" \/>\n<meta property=\"og:type\" content=\"article\" \/>\n<meta property=\"og:title\" content=\"Outlet - Imcovel Group\" \/>\n<meta property=\"og:description\" content=\"SACHETS ET SACS \u00c0 POIGN\u00c9S PLATES POCHETTES FANTAISIE SACHETS ET SACS \u00c0 POIGN\u00c9ES PLATES POUR NO\u00cbL SACHETS FANTAISIE PASSE-PARTEUT\" \/>\n<meta property=\"og:url\" content=\"https:\/\/imcovel.com\/fr\/outlet\/\" \/>\n<meta property=\"og:site_name\" content=\"Imcovel Group\" \/>\n<meta property=\"article:modified_time\" content=\"2025-06-12T13:08:48+00:00\" \/>\n<meta property=\"og:image\" content=\"https:\/\/imcovel.com\/wp-content\/uploads\/2023\/11\/SACHETS-A-POCHETTES-FANT-01-723x1024.png\" \/>\n\t<meta property=\"og:image:width\" content=\"723\" \/>\n\t<meta property=\"og:image:height\" content=\"1024\" \/>\n\t<meta property=\"og:image:type\" content=\"image\/png\" \/>\n<meta name=\"twitter:card\" content=\"summary_large_image\" \/>\n<meta name=\"twitter:label1\" content=\"Dur\u00e9e de lecture estim\u00e9e\" \/>\n\t<meta name=\"twitter:data1\" content=\"1 minute\" \/>\n<script type=\"application\/ld+json\" class=\"yoast-schema-graph\">{\"@context\":\"https:\\\/\\\/schema.org\",\"@graph\":[{\"@type\":\"WebPage\",\"@id\":\"https:\\\/\\\/imcovel.com\\\/fr\\\/outlet\\\/\",\"url\":\"https:\\\/\\\/imcovel.com\\\/fr\\\/outlet\\\/\",\"name\":\"Outlet - Imcovel Group\",\"isPartOf\":{\"@id\":\"https:\\\/\\\/imcovel.com\\\/#website\"},\"primaryImageOfPage\":{\"@id\":\"https:\\\/\\\/imcovel.com\\\/fr\\\/outlet\\\/#primaryimage\"},\"image\":{\"@id\":\"https:\\\/\\\/imcovel.com\\\/fr\\\/outlet\\\/#primaryimage\"},\"thumbnailUrl\":\"https:\\\/\\\/imcovel.com\\\/wp-content\\\/uploads\\\/2023\\\/11\\\/SACHETS-A-POCHETTES-FANT-01.png\",\"datePublished\":\"2022-09-19T14:14:59+00:00\",\"dateModified\":\"2025-06-12T13:08:48+00:00\",\"breadcrumb\":{\"@id\":\"https:\\\/\\\/imcovel.com\\\/fr\\\/outlet\\\/#breadcrumb\"},\"inLanguage\":\"fr-FR\",\"potentialAction\":[{\"@type\":\"ReadAction\",\"target\":[\"https:\\\/\\\/imcovel.com\\\/fr\\\/outlet\\\/\"]}]},{\"@type\":\"ImageObject\",\"inLanguage\":\"fr-FR\",\"@id\":\"https:\\\/\\\/imcovel.com\\\/fr\\\/outlet\\\/#primaryimage\",\"url\":\"https:\\\/\\\/imcovel.com\\\/wp-content\\\/uploads\\\/2023\\\/11\\\/SACHETS-A-POCHETTES-FANT-01.png\",\"contentUrl\":\"https:\\\/\\\/imcovel.com\\\/wp-content\\\/uploads\\\/2023\\\/11\\\/SACHETS-A-POCHETTES-FANT-01.png\"},{\"@type\":\"BreadcrumbList\",\"@id\":\"https:\\\/\\\/imcovel.com\\\/fr\\\/outlet\\\/#breadcrumb\",\"itemListElement\":[{\"@type\":\"ListItem\",\"position\":1,\"name\":\"Accueil\",\"item\":\"https:\\\/\\\/imcovel.com\\\/fr\\\/\"},{\"@type\":\"ListItem\",\"position\":2,\"name\":\"Outlet\"}]},{\"@type\":\"WebSite\",\"@id\":\"https:\\\/\\\/imcovel.com\\\/#website\",\"url\":\"https:\\\/\\\/imcovel.com\\\/\",\"name\":\"Imcovel Group\",\"description\":\"Fabrica de Papel\",\"publisher\":{\"@id\":\"https:\\\/\\\/imcovel.com\\\/#organization\"},\"potentialAction\":[{\"@type\":\"SearchAction\",\"target\":{\"@type\":\"EntryPoint\",\"urlTemplate\":\"https:\\\/\\\/imcovel.com\\\/?s={search_term_string}\"},\"query-input\":{\"@type\":\"PropertyValueSpecification\",\"valueRequired\":true,\"valueName\":\"search_term_string\"}}],\"inLanguage\":\"fr-FR\"},{\"@type\":\"Organization\",\"@id\":\"https:\\\/\\\/imcovel.com\\\/#organization\",\"name\":\"Imcovel Group\",\"url\":\"https:\\\/\\\/imcovel.com\\\/\",\"logo\":{\"@type\":\"ImageObject\",\"inLanguage\":\"fr-FR\",\"@id\":\"https:\\\/\\\/imcovel.com\\\/#\\\/schema\\\/logo\\\/image\\\/\",\"url\":\"\",\"contentUrl\":\"\",\"caption\":\"Imcovel Group\"},\"image\":{\"@id\":\"https:\\\/\\\/imcovel.com\\\/#\\\/schema\\\/logo\\\/image\\\/\"}}]}<\/script>\n<!-- \/ Yoast SEO plugin. -->","yoast_head_json":{"title":"Outlet - Imcovel Group","robots":{"index":"index","follow":"follow","max-snippet":"max-snippet:-1","max-image-preview":"max-image-preview:large","max-video-preview":"max-video-preview:-1"},"canonical":"https:\/\/imcovel.com\/fr\/outlet\/","og_locale":"fr_FR","og_type":"article","og_title":"Outlet - Imcovel Group","og_description":"SACHETS ET SACS \u00c0 POIGN\u00c9S PLATES POCHETTES FANTAISIE SACHETS ET SACS \u00c0 POIGN\u00c9ES PLATES POUR NO\u00cbL SACHETS FANTAISIE PASSE-PARTEUT","og_url":"https:\/\/imcovel.com\/fr\/outlet\/","og_site_name":"Imcovel Group","article_modified_time":"2025-06-12T13:08:48+00:00","og_image":[{"width":723,"height":1024,"url":"https:\/\/imcovel.com\/wp-content\/uploads\/2023\/11\/SACHETS-A-POCHETTES-FANT-01-723x1024.png","type":"image\/png"}],"twitter_card":"summary_large_image","twitter_misc":{"Dur\u00e9e de lecture estim\u00e9e":"1 minute"},"schema":{"@context":"https:\/\/schema.org","@graph":[{"@type":"WebPage","@id":"https:\/\/imcovel.com\/fr\/outlet\/","url":"https:\/\/imcovel.com\/fr\/outlet\/","name":"Outlet - Imcovel Group","isPartOf":{"@id":"https:\/\/imcovel.com\/#website"},"primaryImageOfPage":{"@id":"https:\/\/imcovel.com\/fr\/outlet\/#primaryimage"},"image":{"@id":"https:\/\/imcovel.com\/fr\/outlet\/#primaryimage"},"thumbnailUrl":"https:\/\/imcovel.com\/wp-content\/uploads\/2023\/11\/SACHETS-A-POCHETTES-FANT-01.png","datePublished":"2022-09-19T14:14:59+00:00","dateModified":"2025-06-12T13:08:48+00:00","breadcrumb":{"@id":"https:\/\/imcovel.com\/fr\/outlet\/#breadcrumb"},"inLanguage":"fr-FR","potentialAction":[{"@type":"ReadAction","target":["https:\/\/imcovel.com\/fr\/outlet\/"]}]},{"@type":"ImageObject","inLanguage":"fr-FR","@id":"https:\/\/imcovel.com\/fr\/outlet\/#primaryimage","url":"https:\/\/imcovel.com\/wp-content\/uploads\/2023\/11\/SACHETS-A-POCHETTES-FANT-01.png","contentUrl":"https:\/\/imcovel.com\/wp-content\/uploads\/2023\/11\/SACHETS-A-POCHETTES-FANT-01.png"},{"@type":"BreadcrumbList","@id":"https:\/\/imcovel.com\/fr\/outlet\/#breadcrumb","itemListElement":[{"@type":"ListItem","position":1,"name":"Accueil","item":"https:\/\/imcovel.com\/fr\/"},{"@type":"ListItem","position":2,"name":"Outlet"}]},{"@type":"WebSite","@id":"https:\/\/imcovel.com\/#website","url":"https:\/\/imcovel.com\/","name":"Imcovel Group","description":"Fabrica de Papel","publisher":{"@id":"https:\/\/imcovel.com\/#organization"},"potentialAction":[{"@type":"SearchAction","target":{"@type":"EntryPoint","urlTemplate":"https:\/\/imcovel.com\/?s={search_term_string}"},"query-input":{"@type":"PropertyValueSpecification","valueRequired":true,"valueName":"search_term_string"}}],"inLanguage":"fr-FR"},{"@type":"Organization","@id":"https:\/\/imcovel.com\/#organization","name":"Imcovel Group","url":"https:\/\/imcovel.com\/","logo":{"@type":"ImageObject","inLanguage":"fr-FR","@id":"https:\/\/imcovel.com\/#\/schema\/logo\/image\/","url":"","contentUrl":"","caption":"Imcovel Group"},"image":{"@id":"https:\/\/imcovel.com\/#\/schema\/logo\/image\/"}}]}},"_links":{"self":[{"href":"https:\/\/imcovel.com\/fr\/wp-json\/wp\/v2\/pages\/6710","targetHints":{"allow":["GET"]}}],"collection":[{"href":"https:\/\/imcovel.com\/fr\/wp-json\/wp\/v2\/pages"}],"about":[{"href":"https:\/\/imcovel.com\/fr\/wp-json\/wp\/v2\/types\/page"}],"author":[{"embeddable":true,"href":"https:\/\/imcovel.com\/fr\/wp-json\/wp\/v2\/users\/1"}],"replies":[{"embeddable":true,"href":"https:\/\/imcovel.com\/fr\/wp-json\/wp\/v2\/comments?post=6710"}],"version-history":[{"count":178,"href":"https:\/\/imcovel.com\/fr\/wp-json\/wp\/v2\/pages\/6710\/revisions"}],"predecessor-version":[{"id":17680,"href":"https:\/\/imcovel.com\/fr\/wp-json\/wp\/v2\/pages\/6710\/revisions\/17680"}],"wp:attachment":[{"href":"https:\/\/imcovel.com\/fr\/wp-json\/wp\/v2\/media?parent=6710"}],"curies":[{"name":"wp","href":"https:\/\/api.w.org\/{rel}","templated":true}]}}